{"id":262,"date":"2025-08-02T09:23:59","date_gmt":"2025-08-02T09:23:59","guid":{"rendered":"https:\/\/megamillionsonline.de\/kueresel-cevrimici-poker-heyecani\/"},"modified":"2025-08-02T09:23:59","modified_gmt":"2025-08-02T09:23:59","slug":"kueresel-cevrimici-poker-heyecani","status":"publish","type":"page","link":"https:\/\/megamillionsonline.de\/tr\/kueresel-cevrimici-poker-heyecani\/","title":{"rendered":"K\u00fcresel \u00c7evrimi\u00e7i Poker Heyecan\u0131"},"content":{"rendered":"<h2>K\u00fcresel \u00c7evrimi\u00e7i Poker Heyecan\u0131<\/h2>\n<p>\u0130lk poker oyunu 1998&#8217;de \u00e7evrimi\u00e7i olarak oynand\u0131\u011f\u0131nda, web pokerinin d\u00fcnya \u00e7ap\u0131ndaki pop\u00fclaritesinin bu kadar h\u0131zl\u0131 artaca\u011f\u0131n\u0131 tahmin etmek zordu.<\/p>\n<p>Elbette, bu s\u00fcre zarf\u0131nda ini\u015fler ve \u00e7\u0131k\u0131\u015flar ve \u00f6nemli gerilemeler ya\u015fand\u0131, ancak patlama her a\u00e7\u0131dan muazzam olmaya devam etti. ABD&#8217;deki son trendler g\u00f6z \u00f6n\u00fcne al\u0131nd\u0131\u011f\u0131nda, yak\u0131nda ba\u015fka bir art\u0131\u015f olmas\u0131 olduk\u00e7a olas\u0131.<\/p>\n<p>\u0130lk ger\u00e7ek paral\u0131 web poker oyunu, 1990&#8217;lar\u0131n sonlar\u0131nda Planet Poker&#8217;da \u0130nternet R\u00f6le Sohbeti arac\u0131l\u0131\u011f\u0131yla oynand\u0131.<\/p>\n<p>K\u0131sa bir s\u00fcre i\u00e7inde, \u00e7\u0131\u011f\u0131r a\u00e7an geli\u015fmeler sayesinde <a href=\"http:\/\/www.poker-bonuscode.de\" target=\"_blank\">\u00e7evrimi\u00e7i poker<\/a> ABD&#8217;de trendler belirledi ve sonraki iki y\u0131l i\u00e7inde ger\u00e7ek bir g\u00fc\u00e7 haline geldi; \u00fcstelik bu sadece ba\u015flang\u0131\u00e7t\u0131.<\/p>\n<p>Bu y\u0131llar boyunca, \u00e7evrimi\u00e7i poker konsepti, herhangi bir sekt\u00f6rdeki en h\u0131zl\u0131 geli\u015fmelerden birini ya\u015fad\u0131 ve \u00e7evrimi\u00e7i poker web sitesi geliri ba\u015flang\u0131\u00e7taki 84 milyon dolardan 2 milyar dolar\u0131n \u00fczerine \u00e7\u0131kt\u0131.<\/p>\n<p>Bu, k\u0131smen, art\u0131k efsanevi bir isim olmayan Chris Moneymaker&#8217;\u0131n, d\u00f6nemin \u00f6nde gelen internet poker sitelerinden biri olan PokerStars arac\u0131l\u0131\u011f\u0131yla biletini ay\u0131rtarak 2003 D\u00fcnya Poker Serisi&#8217;nde kazand\u0131\u011f\u0131 zafer sayesinde oldu.<br \/>Ne yaz\u0131k ki, 2006 y\u0131l\u0131, web poker sekt\u00f6r\u00fc i\u00e7in b\u00fcy\u00fck bir \u00e7alkant\u0131 y\u0131l\u0131yd\u0131 ve Amerikan h\u00fck\u00fcmeti ve yarg\u0131s\u0131 bu duruma dikkat \u00e7ekerek \u00e7evrimi\u00e7i pokeri yasad\u0131\u015f\u0131 ilan etti\u011finde bo\u011fa piyasas\u0131n\u0131 neredeyse durma noktas\u0131na getirdi. yorumland\u0131.<\/p>\n<p>2011 y\u0131l\u0131na gelindi\u011finde, Amerika&#8217;daki \u00e7evrimi\u00e7i poker sahnesinin kilit isimleri hakk\u0131nda dava a\u00e7\u0131ld\u0131 ve sonunda ABD vatanda\u015flar\u0131n\u0131n \u00e7evrimi\u00e7i poker oynamas\u0131na izin verilmedi.<\/p>\n<p>Ayn\u0131 nedenle, \u00e7evrimi\u00e7i casinolar art\u0131k ABD vatanda\u015flar\u0131 taraf\u0131ndan eri\u015filebilir de\u011filken, ilgin\u00e7 bir \u015fekilde, ABD&#8217;de hala \u00e7evrimi\u00e7i spor bahisleri yap\u0131labiliyor.<\/p>\n<p>\u00d6te yandan, bir\u00e7ok poker web sitesinin sunucular\u0131n\u0131 ve alan adlar\u0131n\u0131 AB veya ba\u015fka yerlerdeki konumlara uyarlamas\u0131yla, internet pokeri bir\u00e7ok \u00fclkede geli\u015fmeye devam etti.<\/p>\n<p>\u00d6te yandan, ABD&#8217;li oyunculara getirilen yasak, k\u00fcresel \u00e7evrimi\u00e7i poker \u00e7\u0131lg\u0131nl\u0131\u011f\u0131n\u0131 dizginledi.<br \/>Son zamanlarda, izole ABD eyaletleri olan Nevada ve Florida, \u00e7evrimi\u00e7i poker i\u00e7in \u00fclke \u00e7ap\u0131nda, d\u00fczenlenmi\u015f ve yasal bir sistem i\u00e7in standartlar\u0131 resmen benimsedi\u011finden, ko\u015fullar tekrar de\u011fi\u015fmeye ba\u015flad\u0131.<br \/>\u0130nternet pokerinin b\u00fcy\u00fck y\u00fckseli\u015finin sona erdi\u011fini d\u00fc\u015f\u00fcnen herkes, 2013&#8217;te g\u00f6zlerini a\u00e7mal\u0131.<\/p>\n<p>Bir\u00e7ok Amerikal\u0131 oturup izlemekten yoruldu D\u00fcnyan\u0131n geri kalan\u0131 poker oynuyor ve bu nedenle internet pokerinin eski haline d\u00f6nmesi sadece zaman meselesi!<\/p>\n","protected":false},"excerpt":{"rendered":"<p>K\u00fcresel \u00c7evrimi\u00e7i Poker Heyecan\u0131 \u0130lk poker oyunu 1998&#8217;de \u00e7evrimi\u00e7i olarak oynand\u0131\u011f\u0131nda, web pokerinin d\u00fcnya \u00e7ap\u0131ndaki pop\u00fclaritesinin bu kadar h\u0131zl\u0131 artaca\u011f\u0131n\u0131 tahmin etmek zordu. Elbette, bu s\u00fcre zarf\u0131nda ini\u015fler ve \u00e7\u0131k\u0131\u015flar ve \u00f6nemli gerilemeler ya\u015fand\u0131, ancak patlama her a\u00e7\u0131dan muazzam olmaya devam etti. ABD&#8217;deki son trendler g\u00f6z \u00f6n\u00fcne al\u0131nd\u0131\u011f\u0131nda, yak\u0131nda ba\u015fka bir art\u0131\u015f olmas\u0131 olduk\u00e7a olas\u0131. &hellip; <\/p>\n<p class=\"link-more\"><a href=\"https:\/\/megamillionsonline.de\/tr\/kueresel-cevrimici-poker-heyecani\/\" class=\"more-link\"><span class=\"screen-reader-text\"> &#8220;K\u00fcresel \u00c7evrimi\u00e7i Poker Heyecan\u0131&#8221;<\/span>devam\u0131n\u0131 oku<\/a><\/p>\n","protected":false},"author":1,"featured_media":0,"parent":0,"menu_order":0,"comment_status":"closed","ping_status":"closed","template":"","meta":{"footnotes":""},"class_list":["post-262","page","type-page","status-publish","hentry"],"yoast_head":"<!-- This site is optimized with the Yoast SEO plugin v27.3 - https:\/\/yoast.com\/product\/yoast-seo-wordpress\/ -->\n<title>K\u00fcresel \u00c7evrimi\u00e7i Poker Heyecan\u0131<\/title>\n<meta name=\"description\" content=\"\u00c7evrimi\u00e7i pokerin ruhunu ve b\u00fcy\u00fcs\u00fcn\u00fc yans\u0131tmak isteyen siteler i\u00e7in idealdir.\" \/>\n<meta name=\"robots\" content=\"index, follow, max-snippet:-1, max-image-preview:large, max-video-preview:-1\" \/>\n<link rel=\"canonical\" href=\"https:\/\/megamillionsonline.de\/tr\/kueresel-cevrimici-poker-heyecani\/\" \/>\n<meta property=\"og:locale\" content=\"tr_TR\" \/>\n<meta property=\"og:type\" content=\"article\" \/>\n<meta property=\"og:title\" content=\"K\u00fcresel \u00c7evrimi\u00e7i Poker Heyecan\u0131\" \/>\n<meta property=\"og:description\" content=\"\u00c7evrimi\u00e7i pokerin ruhunu ve b\u00fcy\u00fcs\u00fcn\u00fc yans\u0131tmak isteyen siteler i\u00e7in idealdir.\" \/>\n<meta property=\"og:url\" content=\"https:\/\/megamillionsonline.de\/tr\/kueresel-cevrimici-poker-heyecani\/\" \/>\n<meta name=\"twitter:card\" content=\"summary_large_image\" \/>\n<meta name=\"twitter:label1\" content=\"Tahmini okuma s\u00fcresi\" \/>\n\t<meta name=\"twitter:data1\" content=\"2 dakika\" \/>\n<script type=\"application\/ld+json\" class=\"yoast-schema-graph\">{\"@context\":\"https:\\\/\\\/schema.org\",\"@graph\":[{\"@type\":\"WebPage\",\"@id\":\"https:\\\/\\\/megamillionsonline.de\\\/tr\\\/kueresel-cevrimici-poker-heyecani\\\/\",\"url\":\"https:\\\/\\\/megamillionsonline.de\\\/tr\\\/kueresel-cevrimici-poker-heyecani\\\/\",\"name\":\"K\u00fcresel \u00c7evrimi\u00e7i Poker Heyecan\u0131\",\"isPartOf\":{\"@id\":\"https:\\\/\\\/megamillionsonline.de\\\/tr\\\/#website\"},\"datePublished\":\"2025-08-02T09:23:59+00:00\",\"description\":\"\u00c7evrimi\u00e7i pokerin ruhunu ve b\u00fcy\u00fcs\u00fcn\u00fc yans\u0131tmak isteyen siteler i\u00e7in idealdir.\",\"breadcrumb\":{\"@id\":\"https:\\\/\\\/megamillionsonline.de\\\/tr\\\/kueresel-cevrimici-poker-heyecani\\\/#breadcrumb\"},\"inLanguage\":\"tr\",\"potentialAction\":[{\"@type\":\"ReadAction\",\"target\":[\"https:\\\/\\\/megamillionsonline.de\\\/tr\\\/kueresel-cevrimici-poker-heyecani\\\/\"]}]},{\"@type\":\"BreadcrumbList\",\"@id\":\"https:\\\/\\\/megamillionsonline.de\\\/tr\\\/kueresel-cevrimici-poker-heyecani\\\/#breadcrumb\",\"itemListElement\":[{\"@type\":\"ListItem\",\"position\":1,\"name\":\"Home\",\"item\":\"https:\\\/\\\/megamillionsonline.de\\\/tr\\\/\"},{\"@type\":\"ListItem\",\"position\":2,\"name\":\"K\u00fcresel \u00c7evrimi\u00e7i Poker Heyecan\u0131\"}]},{\"@type\":\"WebSite\",\"@id\":\"https:\\\/\\\/megamillionsonline.de\\\/tr\\\/#website\",\"url\":\"https:\\\/\\\/megamillionsonline.de\\\/tr\\\/\",\"name\":\"\",\"description\":\"\",\"potentialAction\":[{\"@type\":\"SearchAction\",\"target\":{\"@type\":\"EntryPoint\",\"urlTemplate\":\"https:\\\/\\\/megamillionsonline.de\\\/tr\\\/?s={search_term_string}\"},\"query-input\":{\"@type\":\"PropertyValueSpecification\",\"valueRequired\":true,\"valueName\":\"search_term_string\"}}],\"inLanguage\":\"tr\"}]}<\/script>\n<!-- \/ Yoast SEO plugin. -->","yoast_head_json":{"title":"K\u00fcresel \u00c7evrimi\u00e7i Poker Heyecan\u0131","description":"\u00c7evrimi\u00e7i pokerin ruhunu ve b\u00fcy\u00fcs\u00fcn\u00fc yans\u0131tmak isteyen siteler i\u00e7in idealdir.","robots":{"index":"index","follow":"follow","max-snippet":"max-snippet:-1","max-image-preview":"max-image-preview:large","max-video-preview":"max-video-preview:-1"},"canonical":"https:\/\/megamillionsonline.de\/tr\/kueresel-cevrimici-poker-heyecani\/","og_locale":"tr_TR","og_type":"article","og_title":"K\u00fcresel \u00c7evrimi\u00e7i Poker Heyecan\u0131","og_description":"\u00c7evrimi\u00e7i pokerin ruhunu ve b\u00fcy\u00fcs\u00fcn\u00fc yans\u0131tmak isteyen siteler i\u00e7in idealdir.","og_url":"https:\/\/megamillionsonline.de\/tr\/kueresel-cevrimici-poker-heyecani\/","twitter_card":"summary_large_image","twitter_misc":{"Tahmini okuma s\u00fcresi":"2 dakika"},"schema":{"@context":"https:\/\/schema.org","@graph":[{"@type":"WebPage","@id":"https:\/\/megamillionsonline.de\/tr\/kueresel-cevrimici-poker-heyecani\/","url":"https:\/\/megamillionsonline.de\/tr\/kueresel-cevrimici-poker-heyecani\/","name":"K\u00fcresel \u00c7evrimi\u00e7i Poker Heyecan\u0131","isPartOf":{"@id":"https:\/\/megamillionsonline.de\/tr\/#website"},"datePublished":"2025-08-02T09:23:59+00:00","description":"\u00c7evrimi\u00e7i pokerin ruhunu ve b\u00fcy\u00fcs\u00fcn\u00fc yans\u0131tmak isteyen siteler i\u00e7in idealdir.","breadcrumb":{"@id":"https:\/\/megamillionsonline.de\/tr\/kueresel-cevrimici-poker-heyecani\/#breadcrumb"},"inLanguage":"tr","potentialAction":[{"@type":"ReadAction","target":["https:\/\/megamillionsonline.de\/tr\/kueresel-cevrimici-poker-heyecani\/"]}]},{"@type":"BreadcrumbList","@id":"https:\/\/megamillionsonline.de\/tr\/kueresel-cevrimici-poker-heyecani\/#breadcrumb","itemListElement":[{"@type":"ListItem","position":1,"name":"Home","item":"https:\/\/megamillionsonline.de\/tr\/"},{"@type":"ListItem","position":2,"name":"K\u00fcresel \u00c7evrimi\u00e7i Poker Heyecan\u0131"}]},{"@type":"WebSite","@id":"https:\/\/megamillionsonline.de\/tr\/#website","url":"https:\/\/megamillionsonline.de\/tr\/","name":"","description":"","potentialAction":[{"@type":"SearchAction","target":{"@type":"EntryPoint","urlTemplate":"https:\/\/megamillionsonline.de\/tr\/?s={search_term_string}"},"query-input":{"@type":"PropertyValueSpecification","valueRequired":true,"valueName":"search_term_string"}}],"inLanguage":"tr"}]}},"_links":{"self":[{"href":"https:\/\/megamillionsonline.de\/tr\/wp-json\/wp\/v2\/pages\/262","targetHints":{"allow":["GET"]}}],"collection":[{"href":"https:\/\/megamillionsonline.de\/tr\/wp-json\/wp\/v2\/pages"}],"about":[{"href":"https:\/\/megamillionsonline.de\/tr\/wp-json\/wp\/v2\/types\/page"}],"author":[{"embeddable":true,"href":"https:\/\/megamillionsonline.de\/tr\/wp-json\/wp\/v2\/users\/1"}],"replies":[{"embeddable":true,"href":"https:\/\/megamillionsonline.de\/tr\/wp-json\/wp\/v2\/comments?post=262"}],"version-history":[{"count":0,"href":"https:\/\/megamillionsonline.de\/tr\/wp-json\/wp\/v2\/pages\/262\/revisions"}],"wp:attachment":[{"href":"https:\/\/megamillionsonline.de\/tr\/wp-json\/wp\/v2\/media?parent=262"}],"curies":[{"name":"wp","href":"https:\/\/api.w.org\/{rel}","templated":true}]}}