{"id":265,"date":"2025-08-02T09:23:59","date_gmt":"2025-08-02T09:23:59","guid":{"rendered":"https:\/\/megamillionsonline.de\/den-globala-hypen-paa-onlinepoker\/"},"modified":"2025-08-02T09:23:59","modified_gmt":"2025-08-02T09:23:59","slug":"den-globala-hypen-paa-onlinepoker","status":"publish","type":"page","link":"https:\/\/megamillionsonline.de\/sv\/den-globala-hypen-paa-onlinepoker\/","title":{"rendered":"Den globala hypen p\u00e5 onlinepoker"},"content":{"rendered":"<h2>Den globala hypen kring onlinepoker<\/h2>\n<p>N\u00e4r det allra f\u00f6rsta pokerspelet spelades online 1998 var det sv\u00e5rt att f\u00f6ruts\u00e4ga att webbpokerns globala popularitet skulle utvecklas s\u00e5 snabbt.<\/p>\n<p>Naturligtvis fanns det upp- och nedg\u00e5ngar och betydande motg\u00e5ngar under denna tid, men explosionen f\u00f6rblev enorm oavsett m\u00e5tt m\u00e4tt. Och med tanke p\u00e5 de senaste trenderna i USA \u00e4r det fullt m\u00f6jligt att det snart kommer att bli ytterligare en \u00f6kning.<\/p>\n<p>Det f\u00f6rsta webbpokerspelet med riktiga pengar spelades p\u00e5 Planet Poker via Internet Relay Chat i slutet av 1990-talet.<\/p>\n<p>Inom kort tid, tack vare banbrytande utvecklingar, satte <a href=\"http:\/\/www.poker-bonuscode.de\" target=\"_blank\">onlinepoker<\/a> trender i USA och blev en riktig kraft inom de kommande tv\u00e5 \u00e5ren \u2013 och det var bara b\u00f6rjan.<\/p>\n<p>Under dessa \u00e5r upplevde onlinepokerkonceptet en av de snabbaste utvecklingarna i n\u00e5gon bransch, med int\u00e4kter fr\u00e5n onlinepokerwebbplatser som \u00f6kade fr\u00e5n initialt 84 miljoner dollar till \u00f6ver 2 miljarder dollar.<\/p>\n<p>Detta var bara delvis tack vare den numera legendariske ingen Chris Moneymakers seger vid World Series of Poker 2003, efter att ha bokat sin biljett via PokerStars, en av de ledande internetpokerwebbplatserna p\u00e5 den tiden.<br \/>Tyv\u00e4rr var 2006 ett \u00e5r av stora en omv\u00e4lvning f\u00f6r webbpokerindustrin, som praktiskt taget fick tjurmarknaden att stanna av \u2013 n\u00e4r den amerikanska regeringen och r\u00e4ttsv\u00e4sendet uppm\u00e4rksammade detta och f\u00f6rklarade onlinepoker olaglig. tolkas.<\/p>\n<p>\u00c5r 2011 \u00e5talades nyckelpersoner inom onlinepokerscenen i Amerika, och s\u00e5 sm\u00e5ningom fick amerikanska medborgare inte l\u00e4ngre spela poker online.<\/p>\n<p>Av samma anledning \u00e4r onlinekasinon inte l\u00e4ngre tillg\u00e4ngliga f\u00f6r amerikanska medborgare, medan, konstigt nog, sportspel fortfarande kan placeras online i USA.<\/p>\n<p>\u00c5 andra sidan fortsatte internetpoker att blomstra i flera l\u00e4nder, d\u00e5 flera pokersajter anpassade sina servrar och dom\u00e4nnamn till platser i EU eller n\u00e5gon annanstans.<\/p>\n<p>\u00c5 andra sidan d\u00e4mpade f\u00f6rbudet mot amerikanska spelare den globala onlinepokerhypen.<br \/>Nyligen b\u00f6rjade f\u00f6rh\u00e5llandena f\u00f6r\u00e4ndras igen, d\u00e5 Nevada och Florida, som isolerade amerikanska stater, redan officiellt har antagit standarder f\u00f6r ett nationellt, reglerat och lagligt system f\u00f6r onlinepoker.<br \/>Den som trodde att webbpokers stora uppg\u00e5ng var \u00f6ver borde \u00f6ppna \u00f6gonen 2013.<\/p>\n<p>M\u00e5nga amerikaner \u00e4r tr\u00f6tta p\u00e5 att sitta och titta p\u00e5 resten av v\u00e4rlden spela poker, och d\u00e4rf\u00f6r \u00e4r det bara en tidsfr\u00e5ga innan internetpoker \u00e5terg\u00e5r till vad det en g\u00e5ng var!<\/p>\n","protected":false},"excerpt":{"rendered":"<p>Den globala hypen kring onlinepoker N\u00e4r det allra f\u00f6rsta pokerspelet spelades online 1998 var det sv\u00e5rt att f\u00f6ruts\u00e4ga att webbpokerns globala popularitet skulle utvecklas s\u00e5 snabbt. Naturligtvis fanns det upp- och nedg\u00e5ngar och betydande motg\u00e5ngar under denna tid, men explosionen f\u00f6rblev enorm oavsett m\u00e5tt m\u00e4tt. Och med tanke p\u00e5 de senaste trenderna i USA \u00e4r &hellip; <\/p>\n<p class=\"link-more\"><a href=\"https:\/\/megamillionsonline.de\/sv\/den-globala-hypen-paa-onlinepoker\/\" class=\"more-link\">L\u00e4s mer<span class=\"screen-reader-text\"> \u201dDen globala hypen p\u00e5 onlinepoker\u201d<\/span><\/a><\/p>\n","protected":false},"author":1,"featured_media":0,"parent":0,"menu_order":0,"comment_status":"closed","ping_status":"closed","template":"","meta":{"footnotes":""},"class_list":["post-265","page","type-page","status-publish","hentry"],"yoast_head":"<!-- This site is optimized with the Yoast SEO plugin v27.3 - https:\/\/yoast.com\/product\/yoast-seo-wordpress\/ -->\n<title>Den globala hypen p\u00e5 onlinepoker<\/title>\n<meta name=\"description\" content=\"Perfekt f\u00f6r sajter som vill f\u00f6rmedla andan och fascinationen av onlinepoker.\" \/>\n<meta name=\"robots\" content=\"index, follow, max-snippet:-1, max-image-preview:large, max-video-preview:-1\" \/>\n<link rel=\"canonical\" href=\"https:\/\/megamillionsonline.de\/sv\/den-globala-hypen-paa-onlinepoker\/\" \/>\n<meta property=\"og:locale\" content=\"sv_SE\" \/>\n<meta property=\"og:type\" content=\"article\" \/>\n<meta property=\"og:title\" content=\"Den globala hypen p\u00e5 onlinepoker\" \/>\n<meta property=\"og:description\" content=\"Perfekt f\u00f6r sajter som vill f\u00f6rmedla andan och fascinationen av onlinepoker.\" \/>\n<meta property=\"og:url\" content=\"https:\/\/megamillionsonline.de\/sv\/den-globala-hypen-paa-onlinepoker\/\" \/>\n<meta name=\"twitter:card\" content=\"summary_large_image\" \/>\n<meta name=\"twitter:label1\" content=\"Ber\u00e4knad l\u00e4stid\" \/>\n\t<meta name=\"twitter:data1\" content=\"2 minuter\" \/>\n<script type=\"application\/ld+json\" class=\"yoast-schema-graph\">{\"@context\":\"https:\\\/\\\/schema.org\",\"@graph\":[{\"@type\":\"WebPage\",\"@id\":\"https:\\\/\\\/megamillionsonline.de\\\/sv\\\/den-globala-hypen-paa-onlinepoker\\\/\",\"url\":\"https:\\\/\\\/megamillionsonline.de\\\/sv\\\/den-globala-hypen-paa-onlinepoker\\\/\",\"name\":\"Den globala hypen p\u00e5 onlinepoker\",\"isPartOf\":{\"@id\":\"https:\\\/\\\/megamillionsonline.de\\\/sv\\\/#website\"},\"datePublished\":\"2025-08-02T09:23:59+00:00\",\"description\":\"Perfekt f\u00f6r sajter som vill f\u00f6rmedla andan och fascinationen av onlinepoker.\",\"breadcrumb\":{\"@id\":\"https:\\\/\\\/megamillionsonline.de\\\/sv\\\/den-globala-hypen-paa-onlinepoker\\\/#breadcrumb\"},\"inLanguage\":\"sv-SE\",\"potentialAction\":[{\"@type\":\"ReadAction\",\"target\":[\"https:\\\/\\\/megamillionsonline.de\\\/sv\\\/den-globala-hypen-paa-onlinepoker\\\/\"]}]},{\"@type\":\"BreadcrumbList\",\"@id\":\"https:\\\/\\\/megamillionsonline.de\\\/sv\\\/den-globala-hypen-paa-onlinepoker\\\/#breadcrumb\",\"itemListElement\":[{\"@type\":\"ListItem\",\"position\":1,\"name\":\"Home\",\"item\":\"https:\\\/\\\/megamillionsonline.de\\\/sv\\\/\"},{\"@type\":\"ListItem\",\"position\":2,\"name\":\"Den globala hypen p\u00e5 onlinepoker\"}]},{\"@type\":\"WebSite\",\"@id\":\"https:\\\/\\\/megamillionsonline.de\\\/sv\\\/#website\",\"url\":\"https:\\\/\\\/megamillionsonline.de\\\/sv\\\/\",\"name\":\"\",\"description\":\"\",\"potentialAction\":[{\"@type\":\"SearchAction\",\"target\":{\"@type\":\"EntryPoint\",\"urlTemplate\":\"https:\\\/\\\/megamillionsonline.de\\\/sv\\\/?s={search_term_string}\"},\"query-input\":{\"@type\":\"PropertyValueSpecification\",\"valueRequired\":true,\"valueName\":\"search_term_string\"}}],\"inLanguage\":\"sv-SE\"}]}<\/script>\n<!-- \/ Yoast SEO plugin. -->","yoast_head_json":{"title":"Den globala hypen p\u00e5 onlinepoker","description":"Perfekt f\u00f6r sajter som vill f\u00f6rmedla andan och fascinationen av onlinepoker.","robots":{"index":"index","follow":"follow","max-snippet":"max-snippet:-1","max-image-preview":"max-image-preview:large","max-video-preview":"max-video-preview:-1"},"canonical":"https:\/\/megamillionsonline.de\/sv\/den-globala-hypen-paa-onlinepoker\/","og_locale":"sv_SE","og_type":"article","og_title":"Den globala hypen p\u00e5 onlinepoker","og_description":"Perfekt f\u00f6r sajter som vill f\u00f6rmedla andan och fascinationen av onlinepoker.","og_url":"https:\/\/megamillionsonline.de\/sv\/den-globala-hypen-paa-onlinepoker\/","twitter_card":"summary_large_image","twitter_misc":{"Ber\u00e4knad l\u00e4stid":"2 minuter"},"schema":{"@context":"https:\/\/schema.org","@graph":[{"@type":"WebPage","@id":"https:\/\/megamillionsonline.de\/sv\/den-globala-hypen-paa-onlinepoker\/","url":"https:\/\/megamillionsonline.de\/sv\/den-globala-hypen-paa-onlinepoker\/","name":"Den globala hypen p\u00e5 onlinepoker","isPartOf":{"@id":"https:\/\/megamillionsonline.de\/sv\/#website"},"datePublished":"2025-08-02T09:23:59+00:00","description":"Perfekt f\u00f6r sajter som vill f\u00f6rmedla andan och fascinationen av onlinepoker.","breadcrumb":{"@id":"https:\/\/megamillionsonline.de\/sv\/den-globala-hypen-paa-onlinepoker\/#breadcrumb"},"inLanguage":"sv-SE","potentialAction":[{"@type":"ReadAction","target":["https:\/\/megamillionsonline.de\/sv\/den-globala-hypen-paa-onlinepoker\/"]}]},{"@type":"BreadcrumbList","@id":"https:\/\/megamillionsonline.de\/sv\/den-globala-hypen-paa-onlinepoker\/#breadcrumb","itemListElement":[{"@type":"ListItem","position":1,"name":"Home","item":"https:\/\/megamillionsonline.de\/sv\/"},{"@type":"ListItem","position":2,"name":"Den globala hypen p\u00e5 onlinepoker"}]},{"@type":"WebSite","@id":"https:\/\/megamillionsonline.de\/sv\/#website","url":"https:\/\/megamillionsonline.de\/sv\/","name":"","description":"","potentialAction":[{"@type":"SearchAction","target":{"@type":"EntryPoint","urlTemplate":"https:\/\/megamillionsonline.de\/sv\/?s={search_term_string}"},"query-input":{"@type":"PropertyValueSpecification","valueRequired":true,"valueName":"search_term_string"}}],"inLanguage":"sv-SE"}]}},"_links":{"self":[{"href":"https:\/\/megamillionsonline.de\/sv\/wp-json\/wp\/v2\/pages\/265","targetHints":{"allow":["GET"]}}],"collection":[{"href":"https:\/\/megamillionsonline.de\/sv\/wp-json\/wp\/v2\/pages"}],"about":[{"href":"https:\/\/megamillionsonline.de\/sv\/wp-json\/wp\/v2\/types\/page"}],"author":[{"embeddable":true,"href":"https:\/\/megamillionsonline.de\/sv\/wp-json\/wp\/v2\/users\/1"}],"replies":[{"embeddable":true,"href":"https:\/\/megamillionsonline.de\/sv\/wp-json\/wp\/v2\/comments?post=265"}],"version-history":[{"count":0,"href":"https:\/\/megamillionsonline.de\/sv\/wp-json\/wp\/v2\/pages\/265\/revisions"}],"wp:attachment":[{"href":"https:\/\/megamillionsonline.de\/sv\/wp-json\/wp\/v2\/media?parent=265"}],"curies":[{"name":"wp","href":"https:\/\/api.w.org\/{rel}","templated":true}]}}