{"id":268,"date":"2025-08-02T09:23:59","date_gmt":"2025-08-02T09:23:59","guid":{"rendered":"https:\/\/megamillionsonline.de\/globalni-spletni-poker-hype\/"},"modified":"2025-08-02T09:23:59","modified_gmt":"2025-08-02T09:23:59","slug":"globalni-spletni-poker-hype","status":"publish","type":"page","link":"https:\/\/megamillionsonline.de\/sl\/globalni-spletni-poker-hype\/","title":{"rendered":"Globalni spletni poker hype"},"content":{"rendered":"<h2>Svetovni spletni poker hype<\/h2>\n<p>Ko se je leta 1998 na spletu odigrala prva poker igra, je bilo te\u017eko napovedati, da se bo svetovna priljubljenost spletnega pokra tako hitro razvila.<\/p>\n<p>Seveda so bili v tem \u010dasu vzponi in padci ter znatni neuspehi, a eksplozija je ostala ogromna po vseh merilih. Glede na nedavne trende v ZDA je povsem mogo\u010de, da bo kmalu pri\u0161lo do novega porasta.<\/p>\n<p>Prva spletna poker igra za pravi denar je bila odigrana na Planet Pokerju prek internetnega klepeta v poznih devetdesetih letih prej\u0161njega stoletja.<\/p>\n<p>V kratkem \u010dasu je <a href=\"http:\/\/www.poker-bonuscode.de\" target=\"_blank\">spletni poker<\/a> zaradi prelomnega razvoja postavil trende v ZDA in v naslednjih dveh letih postal prava sila \u2013 in to je bil \u0161ele za\u010detek.<\/p>\n<p>V teh letih je koncept spletnega pokra do\u017eivel enega najhitrej\u0161ih razvojev v kateri koli panogi, prihodki spletnih strani za spletni poker pa so se pove\u010dali z za\u010detnih 84 milijonov dolarjev na ve\u010d kot 2 milijardi dolarjev.<\/p>\n<p>To je bilo le delno posledica zmage zdaj \u017ee legendarnega nih\u010de drug kot Chris Moneymaker na World Series of Poker leta 2003, potem ko je svojo vstopnico rezerviral prek PokerStarsa, ene vodilnih spletnih strani za internetni poker tistega \u010dasa.<br \/>\u017dal je bilo leto 2006 leto odli\u010dnih pretres za industrijo spletnega pokra, ki je bikovski trg prakti\u010dno ustavil \u2013 ko sta ameri\u0161ka vlada in sodstvo to opazila in spletni poker razglasila za nezakonitega. razlagano.<\/p>\n<p>Do leta 2011 so bile klju\u010dne osebnosti na spletni poker sceni v Ameriki obto\u017eene in s\u010dasoma ameri\u0161kim dr\u017eavljanom ni bilo ve\u010d dovoljeno igrati pokra na spletu.<\/p>\n<p>Iz istega razloga spletne igralnice niso ve\u010d dostopne ameri\u0161kim dr\u017eavljanom, medtem ko je, nenavadno, \u0161portne stave v ZDA \u0161e vedno mogo\u010de oddati na spletu.<\/p>\n<p>Po drugi strani pa je spletni poker \u0161e naprej cvetel v ve\u010d dr\u017eavah, saj je ve\u010d spletnih strani za poker prilagodilo svoje stre\u017enike in imena domen lokacijam v EU ali drugje.<\/p>\n<p>Po drugi strani pa je prepoved za ameri\u0161ke igralce zajezila svetovni pompa okoli spletnega pokra.<br \/>Pred kratkim so se razmere spet za\u010dele spreminjati, saj sta Nevada in Florida kot izolirani ameri\u0161ki zvezni dr\u017eavi \u017ee uradno sprejeli standarde za nacionalni, reguliran in pravni sistem za spletni poker.<br \/>Vsakdo, ki je mislil, da je veliki vzpon spletnega pokra kon\u010dan, bi moral leta 2013 odpreti o\u010di.<\/p>\n<p>Mnogi Ameri\u010dani so naveli\u010dani sedenja in gledanja preostalega sveta, kako igra poker, zato Samo vpra\u0161anje \u010dasa je, kdaj se bo spletni poker vrnil v stanje, v katerem je bil neko\u010d!<\/p>\n","protected":false},"excerpt":{"rendered":"<p>Svetovni spletni poker hype Ko se je leta 1998 na spletu odigrala prva poker igra, je bilo te\u017eko napovedati, da se bo svetovna priljubljenost spletnega pokra tako hitro razvila. Seveda so bili v tem \u010dasu vzponi in padci ter znatni neuspehi, a eksplozija je ostala ogromna po vseh merilih. Glede na nedavne trende v ZDA &hellip; <\/p>\n<p class=\"link-more\"><a href=\"https:\/\/megamillionsonline.de\/sl\/globalni-spletni-poker-hype\/\" class=\"more-link\">Read more<span class=\"screen-reader-text\"> &#8220;Globalni spletni poker hype&#8221;<\/span><\/a><\/p>\n","protected":false},"author":1,"featured_media":0,"parent":0,"menu_order":0,"comment_status":"closed","ping_status":"closed","template":"","meta":{"footnotes":""},"class_list":["post-268","page","type-page","status-publish","hentry"],"yoast_head":"<!-- This site is optimized with the Yoast SEO plugin v27.3 - https:\/\/yoast.com\/product\/yoast-seo-wordpress\/ -->\n<title>Globalni spletni poker hype<\/title>\n<meta name=\"description\" content=\"Idealno za spletna mesta, ki \u017eelijo prenesti duh in fascinacijo spletnega pokra.\" \/>\n<meta name=\"robots\" content=\"index, follow, max-snippet:-1, max-image-preview:large, max-video-preview:-1\" \/>\n<link rel=\"canonical\" href=\"https:\/\/megamillionsonline.de\/sl\/globalni-spletni-poker-hype\/\" \/>\n<meta property=\"og:locale\" content=\"sl_SI\" \/>\n<meta property=\"og:type\" content=\"article\" \/>\n<meta property=\"og:title\" content=\"Globalni spletni poker hype\" \/>\n<meta property=\"og:description\" content=\"Idealno za spletna mesta, ki \u017eelijo prenesti duh in fascinacijo spletnega pokra.\" \/>\n<meta property=\"og:url\" content=\"https:\/\/megamillionsonline.de\/sl\/globalni-spletni-poker-hype\/\" \/>\n<meta name=\"twitter:card\" content=\"summary_large_image\" \/>\n<meta name=\"twitter:label1\" content=\"Est. reading time\" \/>\n\t<meta name=\"twitter:data1\" content=\"2 minuti\" \/>\n<script type=\"application\/ld+json\" class=\"yoast-schema-graph\">{\"@context\":\"https:\\\/\\\/schema.org\",\"@graph\":[{\"@type\":\"WebPage\",\"@id\":\"https:\\\/\\\/megamillionsonline.de\\\/sl\\\/globalni-spletni-poker-hype\\\/\",\"url\":\"https:\\\/\\\/megamillionsonline.de\\\/sl\\\/globalni-spletni-poker-hype\\\/\",\"name\":\"Globalni spletni poker hype\",\"isPartOf\":{\"@id\":\"https:\\\/\\\/megamillionsonline.de\\\/sl\\\/#website\"},\"datePublished\":\"2025-08-02T09:23:59+00:00\",\"description\":\"Idealno za spletna mesta, ki \u017eelijo prenesti duh in fascinacijo spletnega pokra.\",\"breadcrumb\":{\"@id\":\"https:\\\/\\\/megamillionsonline.de\\\/sl\\\/globalni-spletni-poker-hype\\\/#breadcrumb\"},\"inLanguage\":\"sl-SI\",\"potentialAction\":[{\"@type\":\"ReadAction\",\"target\":[\"https:\\\/\\\/megamillionsonline.de\\\/sl\\\/globalni-spletni-poker-hype\\\/\"]}]},{\"@type\":\"BreadcrumbList\",\"@id\":\"https:\\\/\\\/megamillionsonline.de\\\/sl\\\/globalni-spletni-poker-hype\\\/#breadcrumb\",\"itemListElement\":[{\"@type\":\"ListItem\",\"position\":1,\"name\":\"Home\",\"item\":\"https:\\\/\\\/megamillionsonline.de\\\/sl\\\/\"},{\"@type\":\"ListItem\",\"position\":2,\"name\":\"Globalni spletni poker hype\"}]},{\"@type\":\"WebSite\",\"@id\":\"https:\\\/\\\/megamillionsonline.de\\\/sl\\\/#website\",\"url\":\"https:\\\/\\\/megamillionsonline.de\\\/sl\\\/\",\"name\":\"\",\"description\":\"\",\"potentialAction\":[{\"@type\":\"SearchAction\",\"target\":{\"@type\":\"EntryPoint\",\"urlTemplate\":\"https:\\\/\\\/megamillionsonline.de\\\/sl\\\/?s={search_term_string}\"},\"query-input\":{\"@type\":\"PropertyValueSpecification\",\"valueRequired\":true,\"valueName\":\"search_term_string\"}}],\"inLanguage\":\"sl-SI\"}]}<\/script>\n<!-- \/ Yoast SEO plugin. -->","yoast_head_json":{"title":"Globalni spletni poker hype","description":"Idealno za spletna mesta, ki \u017eelijo prenesti duh in fascinacijo spletnega pokra.","robots":{"index":"index","follow":"follow","max-snippet":"max-snippet:-1","max-image-preview":"max-image-preview:large","max-video-preview":"max-video-preview:-1"},"canonical":"https:\/\/megamillionsonline.de\/sl\/globalni-spletni-poker-hype\/","og_locale":"sl_SI","og_type":"article","og_title":"Globalni spletni poker hype","og_description":"Idealno za spletna mesta, ki \u017eelijo prenesti duh in fascinacijo spletnega pokra.","og_url":"https:\/\/megamillionsonline.de\/sl\/globalni-spletni-poker-hype\/","twitter_card":"summary_large_image","twitter_misc":{"Est. reading time":"2 minuti"},"schema":{"@context":"https:\/\/schema.org","@graph":[{"@type":"WebPage","@id":"https:\/\/megamillionsonline.de\/sl\/globalni-spletni-poker-hype\/","url":"https:\/\/megamillionsonline.de\/sl\/globalni-spletni-poker-hype\/","name":"Globalni spletni poker hype","isPartOf":{"@id":"https:\/\/megamillionsonline.de\/sl\/#website"},"datePublished":"2025-08-02T09:23:59+00:00","description":"Idealno za spletna mesta, ki \u017eelijo prenesti duh in fascinacijo spletnega pokra.","breadcrumb":{"@id":"https:\/\/megamillionsonline.de\/sl\/globalni-spletni-poker-hype\/#breadcrumb"},"inLanguage":"sl-SI","potentialAction":[{"@type":"ReadAction","target":["https:\/\/megamillionsonline.de\/sl\/globalni-spletni-poker-hype\/"]}]},{"@type":"BreadcrumbList","@id":"https:\/\/megamillionsonline.de\/sl\/globalni-spletni-poker-hype\/#breadcrumb","itemListElement":[{"@type":"ListItem","position":1,"name":"Home","item":"https:\/\/megamillionsonline.de\/sl\/"},{"@type":"ListItem","position":2,"name":"Globalni spletni poker hype"}]},{"@type":"WebSite","@id":"https:\/\/megamillionsonline.de\/sl\/#website","url":"https:\/\/megamillionsonline.de\/sl\/","name":"","description":"","potentialAction":[{"@type":"SearchAction","target":{"@type":"EntryPoint","urlTemplate":"https:\/\/megamillionsonline.de\/sl\/?s={search_term_string}"},"query-input":{"@type":"PropertyValueSpecification","valueRequired":true,"valueName":"search_term_string"}}],"inLanguage":"sl-SI"}]}},"_links":{"self":[{"href":"https:\/\/megamillionsonline.de\/sl\/wp-json\/wp\/v2\/pages\/268","targetHints":{"allow":["GET"]}}],"collection":[{"href":"https:\/\/megamillionsonline.de\/sl\/wp-json\/wp\/v2\/pages"}],"about":[{"href":"https:\/\/megamillionsonline.de\/sl\/wp-json\/wp\/v2\/types\/page"}],"author":[{"embeddable":true,"href":"https:\/\/megamillionsonline.de\/sl\/wp-json\/wp\/v2\/users\/1"}],"replies":[{"embeddable":true,"href":"https:\/\/megamillionsonline.de\/sl\/wp-json\/wp\/v2\/comments?post=268"}],"version-history":[{"count":0,"href":"https:\/\/megamillionsonline.de\/sl\/wp-json\/wp\/v2\/pages\/268\/revisions"}],"wp:attachment":[{"href":"https:\/\/megamillionsonline.de\/sl\/wp-json\/wp\/v2\/media?parent=268"}],"curies":[{"name":"wp","href":"https:\/\/api.w.org\/{rel}","templated":true}]}}