{"id":270,"date":"2025-08-02T09:23:59","date_gmt":"2025-08-02T09:23:59","guid":{"rendered":"https:\/\/megamillionsonline.de\/globalny-humbuk-okolo-online-pokru\/"},"modified":"2025-08-02T09:23:59","modified_gmt":"2025-08-02T09:23:59","slug":"globalny-humbuk-okolo-online-pokru","status":"publish","type":"page","link":"https:\/\/megamillionsonline.de\/sk\/globalny-humbuk-okolo-online-pokru\/","title":{"rendered":"Glob\u00e1lny humbuk okolo online pokru"},"content":{"rendered":"<h2>Glob\u00e1lny humbuk okolo online pokru<\/h2>\n<p>Ke\u010f sa v roku 1998 hrala \u00faplne prv\u00e1 pokrov\u00e1 hra online, bolo \u0165a\u017ek\u00e9 predpoveda\u0165, \u017ee celosvetov\u00e1 popularita webov\u00e9ho pokru sa bude rozv\u00edja\u0165 tak r\u00fdchlo.<\/p>\n<p>Samozrejme, po\u010das tohto obdobia boli vzostupy aj p\u00e1dy a zna\u010dn\u00e9 ne\u00faspechy, ale expl\u00f3zia zostala v ka\u017edom oh\u013eade obrovsk\u00e1. A vzh\u013eadom na ned\u00e1vne trendy v USA je celkom mo\u017en\u00e9, \u017ee \u010doskoro d\u00f4jde k \u010fal\u0161iemu n\u00e1rastu.<\/p>\n<p>Prv\u00e1 webov\u00e1 pokerov\u00e1 hra o skuto\u010dn\u00e9 peniaze sa hrala v Planet Poker prostredn\u00edctvom Internet Relay Chat koncom 90. rokov.<\/p>\n<p>V kr\u00e1tkom \u010dase, v\u010faka prelomov\u00e9mu v\u00fdvoju, <a href=\"http:\/\/www.poker-bonuscode.de\" target=\"_blank\">online poker<\/a> nastavil trendy v USA a v priebehu nasleduj\u00facich dvoch rokov sa stal skuto\u010dnou silou \u2013 a to bol len za\u010diatok.<\/p>\n<p>Po\u010das t\u00fdchto rokov za\u017eil koncept online pokeru jeden z najr\u00fdchlej\u0161\u00edch rozvojov v akomko\u013evek odvetv\u00ed, pri\u010dom pr\u00edjmy z online pokrov\u00fdch webov\u00fdch str\u00e1nok sa zv\u00fd\u0161ili z p\u00f4vodn\u00fdch 84 mili\u00f3nov dol\u00e1rov na viac ako 2 miliardy dol\u00e1rov.<\/p>\n<p>To bolo len \u010diasto\u010dne v\u010faka v\u00ed\u0165azstvu dnes u\u017e legend\u00e1rneho Chrisa Moneymakera na World Series of Poker v roku 2003, ke\u010f si l\u00edstok rezervoval cez PokerStars, jednu z popredn\u00fdch internetov\u00fdch pokrov\u00fdch webov\u00fdch str\u00e1nok tej doby.<br \/>Rok 2006 bol, \u017eia\u013e, rokom skvel\u00fdch prevrat pre odvetvie webov\u00e9ho pokru, ktor\u00fd prakticky zastavil b\u00fd\u010d\u00ed trh \u2013 ke\u010f si to americk\u00e1 vl\u00e1da a s\u00fadnictvo v\u0161imli a vyhl\u00e1sili online poker za neleg\u00e1lny. interpretovan\u00e9.<\/p>\n<p>Do roku 2011 boli k\u013e\u00fa\u010dov\u00e9 postavy online pokrovej sc\u00e9ny v Amerike ob\u017ealovan\u00e9 a nakoniec ob\u010dania USA u\u017e nemohli hra\u0165 poker online.<\/p>\n<p>Z rovnak\u00e9ho d\u00f4vodu u\u017e online kas\u00edna nie s\u00fa pr\u00edstupn\u00e9 ob\u010danom USA, zatia\u013e \u010do, napodiv, \u0161portov\u00e9 st\u00e1vky je st\u00e1le mo\u017en\u00e9 uzatv\u00e1ra\u0165 online v USA.<\/p>\n<p>Na druhej strane, internetov\u00fd poker na\u010falej prekvital v nieko\u013ek\u00fdch krajin\u00e1ch, ke\u010f\u017ee nieko\u013eko pokrov\u00fdch webov\u00fdch str\u00e1nok prisp\u00f4sobilo svoje servery a n\u00e1zvy dom\u00e9n lokalit\u00e1m v E\u00da alebo inde.<\/p>\n<p>Na druhej strane, z\u00e1kaz pre americk\u00fdch hr\u00e1\u010dov obmedzil glob\u00e1lny humbuk okolo online pokru.<br \/>Ned\u00e1vno sa podmienky za\u010dali op\u00e4\u0165 meni\u0165, ke\u010f\u017ee Nevada a Florida ako izolovan\u00e9 \u0161t\u00e1ty USA u\u017e ofici\u00e1lne prijali \u0161tandardy pre celo\u0161t\u00e1tny, regulovan\u00fd a pr\u00e1vny syst\u00e9m pre online poker.<br \/>Ka\u017ed\u00fd, kto si myslel, \u017ee ve\u013ek\u00fd vzostup webov\u00e9ho pokru sa skon\u010dil, by mal v roku 2013 otvori\u0165 o\u010di.<\/p>\n<p>Mnoho Ameri\u010danov je unaven\u00fdch z toho, \u017ee sedia a pozeraj\u00fa sa, ako zvy\u0161ok sveta hr\u00e1 poker, a preto Je len ot\u00e1zkou \u010dasu, kedy sa internetov\u00fd poker vr\u00e1ti do formy, ak\u00fa kedysi bol!<\/p>\n","protected":false},"excerpt":{"rendered":"<p>Glob\u00e1lny humbuk okolo online pokru Ke\u010f sa v roku 1998 hrala \u00faplne prv\u00e1 pokrov\u00e1 hra online, bolo \u0165a\u017ek\u00e9 predpoveda\u0165, \u017ee celosvetov\u00e1 popularita webov\u00e9ho pokru sa bude rozv\u00edja\u0165 tak r\u00fdchlo. Samozrejme, po\u010das tohto obdobia boli vzostupy aj p\u00e1dy a zna\u010dn\u00e9 ne\u00faspechy, ale expl\u00f3zia zostala v ka\u017edom oh\u013eade obrovsk\u00e1. A vzh\u013eadom na ned\u00e1vne trendy v USA je &hellip; <\/p>\n<p class=\"link-more\"><a href=\"https:\/\/megamillionsonline.de\/sk\/globalny-humbuk-okolo-online-pokru\/\" class=\"more-link\">Read more<span class=\"screen-reader-text\"> &#8222;Glob\u00e1lny humbuk okolo online pokru&#8220;<\/span><\/a><\/p>\n","protected":false},"author":1,"featured_media":0,"parent":0,"menu_order":0,"comment_status":"closed","ping_status":"closed","template":"","meta":{"footnotes":""},"class_list":["post-270","page","type-page","status-publish","hentry"],"yoast_head":"<!-- This site is optimized with the Yoast SEO plugin v27.4 - https:\/\/yoast.com\/product\/yoast-seo-wordpress\/ -->\n<title>Glob\u00e1lny humbuk okolo online pokru<\/title>\n<meta name=\"description\" content=\"Ide\u00e1lne pre str\u00e1nky, ktor\u00e9 chc\u00fa sprostredkova\u0165 ducha a fascin\u00e1ciu online pokeru.\" \/>\n<meta name=\"robots\" content=\"index, follow, max-snippet:-1, max-image-preview:large, max-video-preview:-1\" \/>\n<link rel=\"canonical\" href=\"https:\/\/megamillionsonline.de\/sk\/globalny-humbuk-okolo-online-pokru\/\" \/>\n<meta property=\"og:locale\" content=\"sk_SK\" \/>\n<meta property=\"og:type\" content=\"article\" \/>\n<meta property=\"og:title\" content=\"Glob\u00e1lny humbuk okolo online pokru\" \/>\n<meta property=\"og:description\" content=\"Ide\u00e1lne pre str\u00e1nky, ktor\u00e9 chc\u00fa sprostredkova\u0165 ducha a fascin\u00e1ciu online pokeru.\" \/>\n<meta property=\"og:url\" content=\"https:\/\/megamillionsonline.de\/sk\/globalny-humbuk-okolo-online-pokru\/\" \/>\n<meta name=\"twitter:card\" content=\"summary_large_image\" \/>\n<meta name=\"twitter:label1\" content=\"Predpokladan\u00fd \u010das \u010d\u00edtania\" \/>\n\t<meta name=\"twitter:data1\" content=\"2 min\u00faty\" \/>\n<script type=\"application\/ld+json\" class=\"yoast-schema-graph\">{\"@context\":\"https:\\\/\\\/schema.org\",\"@graph\":[{\"@type\":\"WebPage\",\"@id\":\"https:\\\/\\\/megamillionsonline.de\\\/sk\\\/globalny-humbuk-okolo-online-pokru\\\/\",\"url\":\"https:\\\/\\\/megamillionsonline.de\\\/sk\\\/globalny-humbuk-okolo-online-pokru\\\/\",\"name\":\"Glob\u00e1lny humbuk okolo online pokru\",\"isPartOf\":{\"@id\":\"https:\\\/\\\/megamillionsonline.de\\\/sk\\\/#website\"},\"datePublished\":\"2025-08-02T09:23:59+00:00\",\"description\":\"Ide\u00e1lne pre str\u00e1nky, ktor\u00e9 chc\u00fa sprostredkova\u0165 ducha a fascin\u00e1ciu online pokeru.\",\"breadcrumb\":{\"@id\":\"https:\\\/\\\/megamillionsonline.de\\\/sk\\\/globalny-humbuk-okolo-online-pokru\\\/#breadcrumb\"},\"inLanguage\":\"sk-SK\",\"potentialAction\":[{\"@type\":\"ReadAction\",\"target\":[\"https:\\\/\\\/megamillionsonline.de\\\/sk\\\/globalny-humbuk-okolo-online-pokru\\\/\"]}]},{\"@type\":\"BreadcrumbList\",\"@id\":\"https:\\\/\\\/megamillionsonline.de\\\/sk\\\/globalny-humbuk-okolo-online-pokru\\\/#breadcrumb\",\"itemListElement\":[{\"@type\":\"ListItem\",\"position\":1,\"name\":\"Home\",\"item\":\"https:\\\/\\\/megamillionsonline.de\\\/sk\\\/\"},{\"@type\":\"ListItem\",\"position\":2,\"name\":\"Glob\u00e1lny humbuk okolo online pokru\"}]},{\"@type\":\"WebSite\",\"@id\":\"https:\\\/\\\/megamillionsonline.de\\\/sk\\\/#website\",\"url\":\"https:\\\/\\\/megamillionsonline.de\\\/sk\\\/\",\"name\":\"\",\"description\":\"\",\"potentialAction\":[{\"@type\":\"SearchAction\",\"target\":{\"@type\":\"EntryPoint\",\"urlTemplate\":\"https:\\\/\\\/megamillionsonline.de\\\/sk\\\/?s={search_term_string}\"},\"query-input\":{\"@type\":\"PropertyValueSpecification\",\"valueRequired\":true,\"valueName\":\"search_term_string\"}}],\"inLanguage\":\"sk-SK\"}]}<\/script>\n<!-- \/ Yoast SEO plugin. -->","yoast_head_json":{"title":"Glob\u00e1lny humbuk okolo online pokru","description":"Ide\u00e1lne pre str\u00e1nky, ktor\u00e9 chc\u00fa sprostredkova\u0165 ducha a fascin\u00e1ciu online pokeru.","robots":{"index":"index","follow":"follow","max-snippet":"max-snippet:-1","max-image-preview":"max-image-preview:large","max-video-preview":"max-video-preview:-1"},"canonical":"https:\/\/megamillionsonline.de\/sk\/globalny-humbuk-okolo-online-pokru\/","og_locale":"sk_SK","og_type":"article","og_title":"Glob\u00e1lny humbuk okolo online pokru","og_description":"Ide\u00e1lne pre str\u00e1nky, ktor\u00e9 chc\u00fa sprostredkova\u0165 ducha a fascin\u00e1ciu online pokeru.","og_url":"https:\/\/megamillionsonline.de\/sk\/globalny-humbuk-okolo-online-pokru\/","twitter_card":"summary_large_image","twitter_misc":{"Predpokladan\u00fd \u010das \u010d\u00edtania":"2 min\u00faty"},"schema":{"@context":"https:\/\/schema.org","@graph":[{"@type":"WebPage","@id":"https:\/\/megamillionsonline.de\/sk\/globalny-humbuk-okolo-online-pokru\/","url":"https:\/\/megamillionsonline.de\/sk\/globalny-humbuk-okolo-online-pokru\/","name":"Glob\u00e1lny humbuk okolo online pokru","isPartOf":{"@id":"https:\/\/megamillionsonline.de\/sk\/#website"},"datePublished":"2025-08-02T09:23:59+00:00","description":"Ide\u00e1lne pre str\u00e1nky, ktor\u00e9 chc\u00fa sprostredkova\u0165 ducha a fascin\u00e1ciu online pokeru.","breadcrumb":{"@id":"https:\/\/megamillionsonline.de\/sk\/globalny-humbuk-okolo-online-pokru\/#breadcrumb"},"inLanguage":"sk-SK","potentialAction":[{"@type":"ReadAction","target":["https:\/\/megamillionsonline.de\/sk\/globalny-humbuk-okolo-online-pokru\/"]}]},{"@type":"BreadcrumbList","@id":"https:\/\/megamillionsonline.de\/sk\/globalny-humbuk-okolo-online-pokru\/#breadcrumb","itemListElement":[{"@type":"ListItem","position":1,"name":"Home","item":"https:\/\/megamillionsonline.de\/sk\/"},{"@type":"ListItem","position":2,"name":"Glob\u00e1lny humbuk okolo online pokru"}]},{"@type":"WebSite","@id":"https:\/\/megamillionsonline.de\/sk\/#website","url":"https:\/\/megamillionsonline.de\/sk\/","name":"","description":"","potentialAction":[{"@type":"SearchAction","target":{"@type":"EntryPoint","urlTemplate":"https:\/\/megamillionsonline.de\/sk\/?s={search_term_string}"},"query-input":{"@type":"PropertyValueSpecification","valueRequired":true,"valueName":"search_term_string"}}],"inLanguage":"sk-SK"}]}},"_links":{"self":[{"href":"https:\/\/megamillionsonline.de\/sk\/wp-json\/wp\/v2\/pages\/270","targetHints":{"allow":["GET"]}}],"collection":[{"href":"https:\/\/megamillionsonline.de\/sk\/wp-json\/wp\/v2\/pages"}],"about":[{"href":"https:\/\/megamillionsonline.de\/sk\/wp-json\/wp\/v2\/types\/page"}],"author":[{"embeddable":true,"href":"https:\/\/megamillionsonline.de\/sk\/wp-json\/wp\/v2\/users\/1"}],"replies":[{"embeddable":true,"href":"https:\/\/megamillionsonline.de\/sk\/wp-json\/wp\/v2\/comments?post=270"}],"version-history":[{"count":0,"href":"https:\/\/megamillionsonline.de\/sk\/wp-json\/wp\/v2\/pages\/270\/revisions"}],"wp:attachment":[{"href":"https:\/\/megamillionsonline.de\/sk\/wp-json\/wp\/v2\/media?parent=270"}],"curies":[{"name":"wp","href":"https:\/\/api.w.org\/{rel}","templated":true}]}}