{"id":258,"date":"2025-08-02T09:23:59","date_gmt":"2025-08-02T09:23:59","guid":{"rendered":"https:\/\/megamillionsonline.de\/entuziasmul-global-al-pokerului-online\/"},"modified":"2025-08-02T09:23:59","modified_gmt":"2025-08-02T09:23:59","slug":"entuziasmul-global-al-pokerului-online","status":"publish","type":"page","link":"https:\/\/megamillionsonline.de\/ro\/entuziasmul-global-al-pokerului-online\/","title":{"rendered":"Entuziasmul global al pokerului online"},"content":{"rendered":"<h2>Entuziasmul global al pokerului online<\/h2>\n<p>C\u00e2nd primul joc de poker a fost jucat online \u00een 1998, era greu de prev\u0103zut c\u0103 popularitatea mondial\u0103 a pokerului online va cre\u0219te at\u00e2t de rapid.<\/p>\n<p>Desigur, au existat sui\u0219uri \u0219i cobor\u00e2\u0219uri \u0219i e\u0219ecuri semnificative \u00een aceast\u0103 perioad\u0103, dar explozia a r\u0103mas enorm\u0103 din orice punct de vedere. \u0218i av\u00e2nd \u00een vedere tendin\u021bele recente din SUA, este foarte posibil s\u0103 existe o alt\u0103 cre\u0219tere \u00een cur\u00e2nd.<\/p>\n<p>Primul joc de poker online pe bani reali a fost jucat la Planet Poker prin intermediul Internet Relay Chat la sf\u00e2r\u0219itul anilor 1990.<\/p>\n<p>\u00centr-o perioad\u0103 scurt\u0103 de timp, datorit\u0103 dezvolt\u0103rilor inovatoare, <a href=\"http:\/\/www.poker-bonuscode.de\" target=\"_blank\">pokerul online<\/a> a stabilit tendin\u021be \u00een SUA \u0219i a devenit o for\u021b\u0103 real\u0103 \u00een urm\u0103torii doi ani &#8211; \u0219i acesta a fost doar \u00eenceputul.<\/p>\n<p>\u00cen ace\u0219ti ani, conceptul de poker online a cunoscut una dintre cele mai rapide dezvolt\u0103ri din orice industrie, veniturile site-urilor de poker online cresc\u00e2nd de la o sum\u0103 ini\u021bial\u0103 de 84 de milioane de dolari la peste 2 miliarde de dolari.<\/p>\n<p>Acest lucru s-a datorat doar par\u021bial victoriei acum legendarului nimeni Chris Moneymaker la World Series of Poker din 2003, dup\u0103 ce \u00ee\u0219i rezervase biletul prin PokerStars, unul dintre principalele site-uri de poker pe internet ale vremii.<br \/>Din p\u0103cate, 2006 a fost un an o mare r\u0103sturnare pentru industria pokerului online, care a adus practic pia\u021ba ascendent\u0103 \u00eentr-un impas &#8211; c\u00e2nd guvernul american \u0219i sistemul judiciar au luat act \u0219i au declarat pokerul online ilegal. interpretat.<\/p>\n<p>P\u00e2n\u0103 \u00een 2011, figuri cheie din scena pokerului online din America au fost puse sub acuzare \u0219i, \u00een cele din urm\u0103, cet\u0103\u021benilor americani nu li s-a mai permis s\u0103 joace poker online.<\/p>\n<p>Din acela\u0219i motiv, cazinourile online nu mai sunt accesibile cet\u0103\u021benilor americani, \u00een timp ce, destul de ciudat, pariurile sportive pot fi plasate \u00een continuare online \u00een SUA.<\/p>\n<p>Pe de alt\u0103 parte, pokerul pe internet a continuat s\u0103 \u00eenfloreasc\u0103 \u00een mai multe \u021b\u0103ri, deoarece mai multe site-uri web de poker \u0219i-au adaptat serverele \u0219i numele de domeniu la loca\u021bii din UE sau din alte p\u0103r\u021bi.<\/p>\n<p>Pe de alt\u0103 parte, interdic\u021bia juc\u0103torilor americani a fr\u00e2nat agita\u021bia global\u0103 pentru pokerul online.<br \/>Recent, condi\u021biile au \u00eenceput s\u0103 se schimbe din nou, deoarece Nevada \u0219i Florida, ca state izolate din SUA, au adoptat deja oficial standarde pentru un sistem na\u021bional, reglementat \u0219i legal pentru pokerul online.<br \/>Oricine credea c\u0103 marea ascensiune a pokerului online s-a terminat ar trebui s\u0103 deschid\u0103 ochii \u00een 2013.<\/p>\n<p>Mul\u021bi americani s-au s\u0103turat s\u0103 stea \u0219i s\u0103 priveasc\u0103 restul lumii juc\u00e2nd poker \u0219i, prin urmare, Este doar o chestiune de timp p\u00e2n\u0103 c\u00e2nd pokerul pe internet va reveni la ceea ce a fost odat\u0103!<\/p>\n","protected":false},"excerpt":{"rendered":"<p>Entuziasmul global al pokerului online C\u00e2nd primul joc de poker a fost jucat online \u00een 1998, era greu de prev\u0103zut c\u0103 popularitatea mondial\u0103 a pokerului online va cre\u0219te at\u00e2t de rapid. Desigur, au existat sui\u0219uri \u0219i cobor\u00e2\u0219uri \u0219i e\u0219ecuri semnificative \u00een aceast\u0103 perioad\u0103, dar explozia a r\u0103mas enorm\u0103 din orice punct de vedere. \u0218i av\u00e2nd &hellip; <\/p>\n<p class=\"link-more\"><a href=\"https:\/\/megamillionsonline.de\/ro\/entuziasmul-global-al-pokerului-online\/\" class=\"more-link\">Cite\u0219te mai multe<span class=\"screen-reader-text\">\u201eEntuziasmul global al pokerului online\u201d<\/span><\/a><\/p>\n","protected":false},"author":1,"featured_media":0,"parent":0,"menu_order":0,"comment_status":"closed","ping_status":"closed","template":"","meta":{"footnotes":""},"class_list":["post-258","page","type-page","status-publish","hentry"],"yoast_head":"<!-- This site is optimized with the Yoast SEO plugin v27.4 - https:\/\/yoast.com\/product\/yoast-seo-wordpress\/ -->\n<title>Entuziasmul global al pokerului online<\/title>\n<meta name=\"description\" content=\"Ideal pentru site-urile care doresc s\u0103 transmit\u0103 spiritul \u0219i fascina\u021bia pokerului online.\" \/>\n<meta name=\"robots\" content=\"index, follow, max-snippet:-1, max-image-preview:large, max-video-preview:-1\" \/>\n<link rel=\"canonical\" href=\"https:\/\/megamillionsonline.de\/ro\/entuziasmul-global-al-pokerului-online\/\" \/>\n<meta property=\"og:locale\" content=\"ro_RO\" \/>\n<meta property=\"og:type\" content=\"article\" \/>\n<meta property=\"og:title\" content=\"Entuziasmul global al pokerului online\" \/>\n<meta property=\"og:description\" content=\"Ideal pentru site-urile care doresc s\u0103 transmit\u0103 spiritul \u0219i fascina\u021bia pokerului online.\" \/>\n<meta property=\"og:url\" content=\"https:\/\/megamillionsonline.de\/ro\/entuziasmul-global-al-pokerului-online\/\" \/>\n<meta name=\"twitter:card\" content=\"summary_large_image\" \/>\n<meta name=\"twitter:label1\" content=\"Timp estimat pentru citire\" \/>\n\t<meta name=\"twitter:data1\" content=\"2 minute\" \/>\n<script type=\"application\/ld+json\" class=\"yoast-schema-graph\">{\"@context\":\"https:\\\/\\\/schema.org\",\"@graph\":[{\"@type\":\"WebPage\",\"@id\":\"https:\\\/\\\/megamillionsonline.de\\\/ro\\\/entuziasmul-global-al-pokerului-online\\\/\",\"url\":\"https:\\\/\\\/megamillionsonline.de\\\/ro\\\/entuziasmul-global-al-pokerului-online\\\/\",\"name\":\"Entuziasmul global al pokerului online\",\"isPartOf\":{\"@id\":\"https:\\\/\\\/megamillionsonline.de\\\/ro\\\/#website\"},\"datePublished\":\"2025-08-02T09:23:59+00:00\",\"description\":\"Ideal pentru site-urile care doresc s\u0103 transmit\u0103 spiritul \u0219i fascina\u021bia pokerului online.\",\"breadcrumb\":{\"@id\":\"https:\\\/\\\/megamillionsonline.de\\\/ro\\\/entuziasmul-global-al-pokerului-online\\\/#breadcrumb\"},\"inLanguage\":\"ro-RO\",\"potentialAction\":[{\"@type\":\"ReadAction\",\"target\":[\"https:\\\/\\\/megamillionsonline.de\\\/ro\\\/entuziasmul-global-al-pokerului-online\\\/\"]}]},{\"@type\":\"BreadcrumbList\",\"@id\":\"https:\\\/\\\/megamillionsonline.de\\\/ro\\\/entuziasmul-global-al-pokerului-online\\\/#breadcrumb\",\"itemListElement\":[{\"@type\":\"ListItem\",\"position\":1,\"name\":\"Home\",\"item\":\"https:\\\/\\\/megamillionsonline.de\\\/ro\\\/\"},{\"@type\":\"ListItem\",\"position\":2,\"name\":\"Entuziasmul global al pokerului online\"}]},{\"@type\":\"WebSite\",\"@id\":\"https:\\\/\\\/megamillionsonline.de\\\/ro\\\/#website\",\"url\":\"https:\\\/\\\/megamillionsonline.de\\\/ro\\\/\",\"name\":\"\",\"description\":\"\",\"potentialAction\":[{\"@type\":\"SearchAction\",\"target\":{\"@type\":\"EntryPoint\",\"urlTemplate\":\"https:\\\/\\\/megamillionsonline.de\\\/ro\\\/?s={search_term_string}\"},\"query-input\":{\"@type\":\"PropertyValueSpecification\",\"valueRequired\":true,\"valueName\":\"search_term_string\"}}],\"inLanguage\":\"ro-RO\"}]}<\/script>\n<!-- \/ Yoast SEO plugin. -->","yoast_head_json":{"title":"Entuziasmul global al pokerului online","description":"Ideal pentru site-urile care doresc s\u0103 transmit\u0103 spiritul \u0219i fascina\u021bia pokerului online.","robots":{"index":"index","follow":"follow","max-snippet":"max-snippet:-1","max-image-preview":"max-image-preview:large","max-video-preview":"max-video-preview:-1"},"canonical":"https:\/\/megamillionsonline.de\/ro\/entuziasmul-global-al-pokerului-online\/","og_locale":"ro_RO","og_type":"article","og_title":"Entuziasmul global al pokerului online","og_description":"Ideal pentru site-urile care doresc s\u0103 transmit\u0103 spiritul \u0219i fascina\u021bia pokerului online.","og_url":"https:\/\/megamillionsonline.de\/ro\/entuziasmul-global-al-pokerului-online\/","twitter_card":"summary_large_image","twitter_misc":{"Timp estimat pentru citire":"2 minute"},"schema":{"@context":"https:\/\/schema.org","@graph":[{"@type":"WebPage","@id":"https:\/\/megamillionsonline.de\/ro\/entuziasmul-global-al-pokerului-online\/","url":"https:\/\/megamillionsonline.de\/ro\/entuziasmul-global-al-pokerului-online\/","name":"Entuziasmul global al pokerului online","isPartOf":{"@id":"https:\/\/megamillionsonline.de\/ro\/#website"},"datePublished":"2025-08-02T09:23:59+00:00","description":"Ideal pentru site-urile care doresc s\u0103 transmit\u0103 spiritul \u0219i fascina\u021bia pokerului online.","breadcrumb":{"@id":"https:\/\/megamillionsonline.de\/ro\/entuziasmul-global-al-pokerului-online\/#breadcrumb"},"inLanguage":"ro-RO","potentialAction":[{"@type":"ReadAction","target":["https:\/\/megamillionsonline.de\/ro\/entuziasmul-global-al-pokerului-online\/"]}]},{"@type":"BreadcrumbList","@id":"https:\/\/megamillionsonline.de\/ro\/entuziasmul-global-al-pokerului-online\/#breadcrumb","itemListElement":[{"@type":"ListItem","position":1,"name":"Home","item":"https:\/\/megamillionsonline.de\/ro\/"},{"@type":"ListItem","position":2,"name":"Entuziasmul global al pokerului online"}]},{"@type":"WebSite","@id":"https:\/\/megamillionsonline.de\/ro\/#website","url":"https:\/\/megamillionsonline.de\/ro\/","name":"","description":"","potentialAction":[{"@type":"SearchAction","target":{"@type":"EntryPoint","urlTemplate":"https:\/\/megamillionsonline.de\/ro\/?s={search_term_string}"},"query-input":{"@type":"PropertyValueSpecification","valueRequired":true,"valueName":"search_term_string"}}],"inLanguage":"ro-RO"}]}},"_links":{"self":[{"href":"https:\/\/megamillionsonline.de\/ro\/wp-json\/wp\/v2\/pages\/258","targetHints":{"allow":["GET"]}}],"collection":[{"href":"https:\/\/megamillionsonline.de\/ro\/wp-json\/wp\/v2\/pages"}],"about":[{"href":"https:\/\/megamillionsonline.de\/ro\/wp-json\/wp\/v2\/types\/page"}],"author":[{"embeddable":true,"href":"https:\/\/megamillionsonline.de\/ro\/wp-json\/wp\/v2\/users\/1"}],"replies":[{"embeddable":true,"href":"https:\/\/megamillionsonline.de\/ro\/wp-json\/wp\/v2\/comments?post=258"}],"version-history":[{"count":0,"href":"https:\/\/megamillionsonline.de\/ro\/wp-json\/wp\/v2\/pages\/258\/revisions"}],"wp:attachment":[{"href":"https:\/\/megamillionsonline.de\/ro\/wp-json\/wp\/v2\/media?parent=258"}],"curies":[{"name":"wp","href":"https:\/\/api.w.org\/{rel}","templated":true}]}}