{"id":257,"date":"2025-08-02T09:23:59","date_gmt":"2025-08-02T09:23:59","guid":{"rendered":"https:\/\/megamillionsonline.de\/o-hype-global-do-poquer-online\/"},"modified":"2025-08-02T09:23:59","modified_gmt":"2025-08-02T09:23:59","slug":"o-hype-global-do-poquer-online","status":"publish","type":"page","link":"https:\/\/megamillionsonline.de\/pt-pt\/o-hype-global-do-poquer-online\/","title":{"rendered":"O hype global do p\u00f3quer online"},"content":{"rendered":"<h2>A Explos\u00e3o Global do Poker Online<\/h2>\n<p>Quando o primeiro jogo de p\u00f3quer foi jogado online em 1998, era dif\u00edcil prever que a popularidade mundial do p\u00f3quer online cresceria t\u00e3o rapidamente.<\/p>\n<p>\u00c9 claro que houve altos e baixos e reveses significativos durante este per\u00edodo, mas a explos\u00e3o permaneceu enorme em todos os aspetos. E, considerando as tend\u00eancias recentes nos EUA, \u00e9 bem poss\u00edvel que haja outro aumento em breve.<\/p>\n<p>O primeiro jogo de p\u00f3quer online a dinheiro foi jogado no Planet Poker atrav\u00e9s do Internet Relay Chat no final da d\u00e9cada de 1990.<\/p>\n<p>Num curto espa\u00e7o de tempo, gra\u00e7as a desenvolvimentos inovadores, o <a href=\"http:\/\/www.poker-bonuscode.de\" target=\"_blank\">p\u00f3quer online<\/a> definiu tend\u00eancias nos EUA e tornou-se uma verdadeira for\u00e7a nos dois anos seguintes \u2014 e isto foi apenas o in\u00edcio.<\/p>\n<p>Durante estes anos, o conceito de p\u00f3quer online registou um dos desenvolvimentos mais r\u00e1pidos de qualquer setor, com a receita dos sites de p\u00f3quer online a aumentar de 84 milh\u00f5es de d\u00f3lares iniciais para mais de 2 mil milh\u00f5es de d\u00f3lares.<\/p>\n<p>Isto deveu-se apenas em parte \u00e0 vit\u00f3ria do agora lend\u00e1rio Chris Moneymaker nas World Series of Poker de 2003, depois de ter reservado o seu bilhete atrav\u00e9s da PokerStars, um dos principais sites de p\u00f3quer online da \u00e9poca. <br \/>Infelizmente, 2006 foi um ano de grande turbul\u00eancia para a ind\u00fastria do p\u00f3quer online, o que praticamente paralisou o mercado em alta \u2014 quando o governo americano e o poder judicial tomaram conhecimento e declararam o p\u00f3quer online ilegal. Interpretado.<\/p>\n<p>Em 2011, figuras-chave no panorama do p\u00f3quer online nos Estados Unidos foram acusadas e, eventualmente, os cidad\u00e3os americanos deixaram de ser autorizados a jogar p\u00f3quer online.<\/p>\n<p>Pelo mesmo motivo, os casinos online j\u00e1 n\u00e3o s\u00e3o acess\u00edveis aos cidad\u00e3os americanos, enquanto, curiosamente, as apostas desportivas ainda podem ser feitas online nos EUA.<\/p>\n<p>Por outro lado, o p\u00f3quer online continuou a prosperar em v\u00e1rios pa\u00edses, com diversos sites de p\u00f3quer a adaptarem os seus servidores e nomes de dom\u00ednio para locais na UE ou noutros locais.<\/p>\n<p>Por outro lado, a proibi\u00e7\u00e3o de jogadores americanos conteve o entusiasmo global pelo p\u00f3quer online. <br \/>Recentemente, as condi\u00e7\u00f5es come\u00e7aram a mudar novamente, uma vez que o Nevada e a Fl\u00f3rida, como estados isolados dos EUA, j\u00e1 adotaram oficialmente normas para um sistema nacional, regulamentado e legal para o p\u00f3quer online. <br \/>Qualquer pessoa que pensasse que a grande ascens\u00e3o do p\u00f3quer online tinha acabado deveria abrir os olhos em 2013.<\/p>\n<p>Muitos americanos est\u00e3o cansados \u200b\u200bde estar sentados a ver o resto do mundo joga p\u00f3quer e, portanto, \u00e9 apenas uma quest\u00e3o de tempo at\u00e9 que o p\u00f3quer na Internet volte a ser o que era antes!<\/p>\n","protected":false},"excerpt":{"rendered":"<p>A Explos\u00e3o Global do Poker Online Quando o primeiro jogo de p\u00f3quer foi jogado online em 1998, era dif\u00edcil prever que a popularidade mundial do p\u00f3quer online cresceria t\u00e3o rapidamente. \u00c9 claro que houve altos e baixos e reveses significativos durante este per\u00edodo, mas a explos\u00e3o permaneceu enorme em todos os aspetos. E, considerando as &hellip; <\/p>\n<p class=\"link-more\"><a href=\"https:\/\/megamillionsonline.de\/pt-pt\/o-hype-global-do-poquer-online\/\" class=\"more-link\">Read more<span class=\"screen-reader-text\"> &#8220;O hype global do p\u00f3quer online&#8221;<\/span><\/a><\/p>\n","protected":false},"author":1,"featured_media":0,"parent":0,"menu_order":0,"comment_status":"closed","ping_status":"closed","template":"","meta":{"footnotes":""},"class_list":["post-257","page","type-page","status-publish","hentry"],"yoast_head":"<!-- This site is optimized with the Yoast SEO plugin v27.4 - https:\/\/yoast.com\/product\/yoast-seo-wordpress\/ -->\n<title>O hype global do p\u00f3quer online<\/title>\n<meta name=\"description\" content=\"Ideal para sites que desejam transmitir o esp\u00edrito e o fasc\u00ednio do p\u00f3quer online.\" \/>\n<meta name=\"robots\" content=\"index, follow, max-snippet:-1, max-image-preview:large, max-video-preview:-1\" \/>\n<link rel=\"canonical\" href=\"https:\/\/megamillionsonline.de\/pt-pt\/o-hype-global-do-poquer-online\/\" \/>\n<meta property=\"og:locale\" content=\"pt_PT\" \/>\n<meta property=\"og:type\" content=\"article\" \/>\n<meta property=\"og:title\" content=\"O hype global do p\u00f3quer online\" \/>\n<meta property=\"og:description\" content=\"Ideal para sites que desejam transmitir o esp\u00edrito e o fasc\u00ednio do p\u00f3quer online.\" \/>\n<meta property=\"og:url\" content=\"https:\/\/megamillionsonline.de\/pt-pt\/o-hype-global-do-poquer-online\/\" \/>\n<meta name=\"twitter:card\" content=\"summary_large_image\" \/>\n<meta name=\"twitter:label1\" content=\"Tempo estimado de leitura\" \/>\n\t<meta name=\"twitter:data1\" content=\"2 minutos\" \/>\n<script type=\"application\/ld+json\" class=\"yoast-schema-graph\">{\"@context\":\"https:\\\/\\\/schema.org\",\"@graph\":[{\"@type\":\"WebPage\",\"@id\":\"https:\\\/\\\/megamillionsonline.de\\\/pt-pt\\\/o-hype-global-do-poquer-online\\\/\",\"url\":\"https:\\\/\\\/megamillionsonline.de\\\/pt-pt\\\/o-hype-global-do-poquer-online\\\/\",\"name\":\"O hype global do p\u00f3quer online\",\"isPartOf\":{\"@id\":\"https:\\\/\\\/megamillionsonline.de\\\/pt-pt\\\/#website\"},\"datePublished\":\"2025-08-02T09:23:59+00:00\",\"description\":\"Ideal para sites que desejam transmitir o esp\u00edrito e o fasc\u00ednio do p\u00f3quer online.\",\"breadcrumb\":{\"@id\":\"https:\\\/\\\/megamillionsonline.de\\\/pt-pt\\\/o-hype-global-do-poquer-online\\\/#breadcrumb\"},\"inLanguage\":\"pt-PT\",\"potentialAction\":[{\"@type\":\"ReadAction\",\"target\":[\"https:\\\/\\\/megamillionsonline.de\\\/pt-pt\\\/o-hype-global-do-poquer-online\\\/\"]}]},{\"@type\":\"BreadcrumbList\",\"@id\":\"https:\\\/\\\/megamillionsonline.de\\\/pt-pt\\\/o-hype-global-do-poquer-online\\\/#breadcrumb\",\"itemListElement\":[{\"@type\":\"ListItem\",\"position\":1,\"name\":\"Home\",\"item\":\"https:\\\/\\\/megamillionsonline.de\\\/pt-pt\\\/\"},{\"@type\":\"ListItem\",\"position\":2,\"name\":\"O hype global do p\u00f3quer online\"}]},{\"@type\":\"WebSite\",\"@id\":\"https:\\\/\\\/megamillionsonline.de\\\/pt-pt\\\/#website\",\"url\":\"https:\\\/\\\/megamillionsonline.de\\\/pt-pt\\\/\",\"name\":\"\",\"description\":\"\",\"potentialAction\":[{\"@type\":\"SearchAction\",\"target\":{\"@type\":\"EntryPoint\",\"urlTemplate\":\"https:\\\/\\\/megamillionsonline.de\\\/pt-pt\\\/?s={search_term_string}\"},\"query-input\":{\"@type\":\"PropertyValueSpecification\",\"valueRequired\":true,\"valueName\":\"search_term_string\"}}],\"inLanguage\":\"pt-PT\"}]}<\/script>\n<!-- \/ Yoast SEO plugin. -->","yoast_head_json":{"title":"O hype global do p\u00f3quer online","description":"Ideal para sites que desejam transmitir o esp\u00edrito e o fasc\u00ednio do p\u00f3quer online.","robots":{"index":"index","follow":"follow","max-snippet":"max-snippet:-1","max-image-preview":"max-image-preview:large","max-video-preview":"max-video-preview:-1"},"canonical":"https:\/\/megamillionsonline.de\/pt-pt\/o-hype-global-do-poquer-online\/","og_locale":"pt_PT","og_type":"article","og_title":"O hype global do p\u00f3quer online","og_description":"Ideal para sites que desejam transmitir o esp\u00edrito e o fasc\u00ednio do p\u00f3quer online.","og_url":"https:\/\/megamillionsonline.de\/pt-pt\/o-hype-global-do-poquer-online\/","twitter_card":"summary_large_image","twitter_misc":{"Tempo estimado de leitura":"2 minutos"},"schema":{"@context":"https:\/\/schema.org","@graph":[{"@type":"WebPage","@id":"https:\/\/megamillionsonline.de\/pt-pt\/o-hype-global-do-poquer-online\/","url":"https:\/\/megamillionsonline.de\/pt-pt\/o-hype-global-do-poquer-online\/","name":"O hype global do p\u00f3quer online","isPartOf":{"@id":"https:\/\/megamillionsonline.de\/pt-pt\/#website"},"datePublished":"2025-08-02T09:23:59+00:00","description":"Ideal para sites que desejam transmitir o esp\u00edrito e o fasc\u00ednio do p\u00f3quer online.","breadcrumb":{"@id":"https:\/\/megamillionsonline.de\/pt-pt\/o-hype-global-do-poquer-online\/#breadcrumb"},"inLanguage":"pt-PT","potentialAction":[{"@type":"ReadAction","target":["https:\/\/megamillionsonline.de\/pt-pt\/o-hype-global-do-poquer-online\/"]}]},{"@type":"BreadcrumbList","@id":"https:\/\/megamillionsonline.de\/pt-pt\/o-hype-global-do-poquer-online\/#breadcrumb","itemListElement":[{"@type":"ListItem","position":1,"name":"Home","item":"https:\/\/megamillionsonline.de\/pt-pt\/"},{"@type":"ListItem","position":2,"name":"O hype global do p\u00f3quer online"}]},{"@type":"WebSite","@id":"https:\/\/megamillionsonline.de\/pt-pt\/#website","url":"https:\/\/megamillionsonline.de\/pt-pt\/","name":"","description":"","potentialAction":[{"@type":"SearchAction","target":{"@type":"EntryPoint","urlTemplate":"https:\/\/megamillionsonline.de\/pt-pt\/?s={search_term_string}"},"query-input":{"@type":"PropertyValueSpecification","valueRequired":true,"valueName":"search_term_string"}}],"inLanguage":"pt-PT"}]}},"_links":{"self":[{"href":"https:\/\/megamillionsonline.de\/pt-pt\/wp-json\/wp\/v2\/pages\/257","targetHints":{"allow":["GET"]}}],"collection":[{"href":"https:\/\/megamillionsonline.de\/pt-pt\/wp-json\/wp\/v2\/pages"}],"about":[{"href":"https:\/\/megamillionsonline.de\/pt-pt\/wp-json\/wp\/v2\/types\/page"}],"author":[{"embeddable":true,"href":"https:\/\/megamillionsonline.de\/pt-pt\/wp-json\/wp\/v2\/users\/1"}],"replies":[{"embeddable":true,"href":"https:\/\/megamillionsonline.de\/pt-pt\/wp-json\/wp\/v2\/comments?post=257"}],"version-history":[{"count":0,"href":"https:\/\/megamillionsonline.de\/pt-pt\/wp-json\/wp\/v2\/pages\/257\/revisions"}],"wp:attachment":[{"href":"https:\/\/megamillionsonline.de\/pt-pt\/wp-json\/wp\/v2\/media?parent=257"}],"curies":[{"name":"wp","href":"https:\/\/api.w.org\/{rel}","templated":true}]}}