{"id":256,"date":"2025-08-02T09:23:59","date_gmt":"2025-08-02T09:23:59","guid":{"rendered":"https:\/\/megamillionsonline.de\/globalny-szum-wokol-pokera-online\/"},"modified":"2025-08-02T09:23:59","modified_gmt":"2025-08-02T09:23:59","slug":"globalny-szum-wokol-pokera-online","status":"publish","type":"page","link":"https:\/\/megamillionsonline.de\/pl\/globalny-szum-wokol-pokera-online\/","title":{"rendered":"Globalny szum wok\u00f3\u0142 pokera online"},"content":{"rendered":"<h2>Globalny szum wok\u00f3\u0142 pokera online<\/h2>\n<p>Kiedy w 1998 roku rozegrano pierwsz\u0105 parti\u0119 pokera online, trudno by\u0142o przewidzie\u0107, \u017ce \u015bwiatowa popularno\u015b\u0107 pokera internetowego b\u0119dzie ros\u0142a tak szybko.<\/p>\n<p>Oczywi\u015bcie w tym czasie zdarza\u0142y si\u0119 wzloty i upadki oraz znaczne niepowodzenia, ale eksplozja popularno\u015bci pozosta\u0142a ogromna, niezale\u017cnie od miary. Bior\u0105c pod uwag\u0119 ostatnie trendy w USA, ca\u0142kiem prawdopodobne jest, \u017ce wkr\u00f3tce nast\u0105pi kolejny wzrost.<\/p>\n<p>Pierwsza gra w pokera online na prawdziwe pieni\u0105dze zosta\u0142a rozegrana w Planet Poker za po\u015brednictwem Internet Relay Chat pod koniec lat 90.<\/p>\n<p>W kr\u00f3tkim czasie, dzi\u0119ki prze\u0142omowym osi\u0105gni\u0119ciom, <a href=\"http:\/\/www.poker-bonuscode.de\" target=\"_blank\">poker online<\/a> wyznaczy\u0142 trendy w USA i sta\u0142 si\u0119 prawdziw\u0105 si\u0142\u0105 w ci\u0105gu nast\u0119pnych dw\u00f3ch lat \u2013 a to by\u0142 dopiero pocz\u0105tek.<\/p>\n<p>W tych latach koncepcja pokera online do\u015bwiadczy\u0142a jednego z najszybszych zmian w bran\u017cy, a przychody witryn pokerowych wzros\u0142y z pocz\u0105tkowych 84 milion\u00f3w dolar\u00f3w do ponad 2 miliard\u00f3w dolar\u00f3w.<\/p>\n<p>Sta\u0142o si\u0119 to cz\u0119\u015bciowo dzi\u0119ki zwyci\u0119stwu legendarnego ju\u017c Chrisa Moneymakera w World Series of Poker w 2003 roku, kt\u00f3ry zarezerwowa\u0142 sw\u00f3j bilet za po\u015brednictwem PokerStars, jednej z wiod\u0105cych w\u00f3wczas witryn pokerowych.<br \/>Niestety, rok 2006 by\u0142 rokiem wielkich wstrz\u0105s\u00f3w dla bran\u017cy pokera internetowego, kt\u00f3re praktycznie zahamowa\u0142y hoss\u0119 &#8211; kiedy to rz\u0105d ameryka\u0144ski i wymiar sprawiedliwo\u015bci zareagowa\u0142y i uzna\u0142y pokera online za nielegalny. interpretowane.<\/p>\n<p>Do 2011 roku kluczowe postacie ameryka\u0144skiej sceny pokera online zosta\u0142y oskar\u017cone, a ostatecznie obywatele USA nie mogli ju\u017c gra\u0107 w pokera online.<\/p>\n<p>Z tego samego powodu kasyna online nie s\u0105 ju\u017c dost\u0119pne dla obywateli USA, podczas gdy, co dziwne, zak\u0142ady sportowe nadal mo\u017cna obstawia\u0107 online w USA.<\/p>\n<p>Z drugiej strony, poker internetowy nadal si\u0119 rozwija\u0142 w kilku krajach, poniewa\u017c wiele stron pokerowych dostosowa\u0142o swoje serwery i nazwy domen do lokalizacji w UE lub gdzie indziej.<\/p>\n<p>Z drugiej strony, zakaz dla graczy z USA ograniczy\u0142 globalny szum wok\u00f3\u0142 pokera online.<br \/>Ostatnio warunki zacz\u0119\u0142y si\u0119 ponownie zmienia\u0107, poniewa\u017c Nevada i Floryda, jako odizolowane stany USA, oficjalnie przyj\u0119\u0142y standardy og\u00f3lnokrajowego, regulowanego i legalnego systemu pokera online.<br \/>Ka\u017cdy, kto my\u015bla\u0142, \u017ce wielki rozkwit pokera internetowego dobieg\u0142 ko\u0144ca, powinien otworzy\u0107 oczy w 2013 roku.<\/p>\n<p>Wielu Amerykan\u00f3w ma do\u015b\u0107 siedz\u0105 i ogl\u0105daj\u0105, jak reszta \u015bwiata gra w pokera, wi\u0119c to tylko kwestia czasu, zanim internetowy poker wr\u00f3ci do tego, czym by\u0142 kiedy\u015b!<\/p>\n","protected":false},"excerpt":{"rendered":"<p>Globalny szum wok\u00f3\u0142 pokera online Kiedy w 1998 roku rozegrano pierwsz\u0105 parti\u0119 pokera online, trudno by\u0142o przewidzie\u0107, \u017ce \u015bwiatowa popularno\u015b\u0107 pokera internetowego b\u0119dzie ros\u0142a tak szybko. Oczywi\u015bcie w tym czasie zdarza\u0142y si\u0119 wzloty i upadki oraz znaczne niepowodzenia, ale eksplozja popularno\u015bci pozosta\u0142a ogromna, niezale\u017cnie od miary. Bior\u0105c pod uwag\u0119 ostatnie trendy w USA, ca\u0142kiem prawdopodobne &hellip; <\/p>\n<p class=\"link-more\"><a href=\"https:\/\/megamillionsonline.de\/pl\/globalny-szum-wokol-pokera-online\/\" class=\"more-link\">Read more<span class=\"screen-reader-text\"> &#8222;Globalny szum wok\u00f3\u0142 pokera online&#8221;<\/span><\/a><\/p>\n","protected":false},"author":1,"featured_media":0,"parent":0,"menu_order":0,"comment_status":"closed","ping_status":"closed","template":"","meta":{"footnotes":""},"class_list":["post-256","page","type-page","status-publish","hentry"],"yoast_head":"<!-- This site is optimized with the Yoast SEO plugin v27.3 - https:\/\/yoast.com\/product\/yoast-seo-wordpress\/ -->\n<title>Globalny szum wok\u00f3\u0142 pokera online<\/title>\n<meta name=\"description\" content=\"Idealne dla stron, kt\u00f3re chc\u0105 przekaza\u0107 ducha i fascynacj\u0119 pokerem online.\" \/>\n<meta name=\"robots\" content=\"index, follow, max-snippet:-1, max-image-preview:large, max-video-preview:-1\" \/>\n<link rel=\"canonical\" href=\"https:\/\/megamillionsonline.de\/pl\/globalny-szum-wokol-pokera-online\/\" \/>\n<meta property=\"og:locale\" content=\"pl_PL\" \/>\n<meta property=\"og:type\" content=\"article\" \/>\n<meta property=\"og:title\" content=\"Globalny szum wok\u00f3\u0142 pokera online\" \/>\n<meta property=\"og:description\" content=\"Idealne dla stron, kt\u00f3re chc\u0105 przekaza\u0107 ducha i fascynacj\u0119 pokerem online.\" \/>\n<meta property=\"og:url\" content=\"https:\/\/megamillionsonline.de\/pl\/globalny-szum-wokol-pokera-online\/\" \/>\n<meta name=\"twitter:card\" content=\"summary_large_image\" \/>\n<meta name=\"twitter:label1\" content=\"Szacowany czas czytania\" \/>\n\t<meta name=\"twitter:data1\" content=\"2 minuty\" \/>\n<script type=\"application\/ld+json\" class=\"yoast-schema-graph\">{\"@context\":\"https:\\\/\\\/schema.org\",\"@graph\":[{\"@type\":\"WebPage\",\"@id\":\"https:\\\/\\\/megamillionsonline.de\\\/pl\\\/globalny-szum-wokol-pokera-online\\\/\",\"url\":\"https:\\\/\\\/megamillionsonline.de\\\/pl\\\/globalny-szum-wokol-pokera-online\\\/\",\"name\":\"Globalny szum wok\u00f3\u0142 pokera online\",\"isPartOf\":{\"@id\":\"https:\\\/\\\/megamillionsonline.de\\\/pl\\\/#website\"},\"datePublished\":\"2025-08-02T09:23:59+00:00\",\"description\":\"Idealne dla stron, kt\u00f3re chc\u0105 przekaza\u0107 ducha i fascynacj\u0119 pokerem online.\",\"breadcrumb\":{\"@id\":\"https:\\\/\\\/megamillionsonline.de\\\/pl\\\/globalny-szum-wokol-pokera-online\\\/#breadcrumb\"},\"inLanguage\":\"pl-PL\",\"potentialAction\":[{\"@type\":\"ReadAction\",\"target\":[\"https:\\\/\\\/megamillionsonline.de\\\/pl\\\/globalny-szum-wokol-pokera-online\\\/\"]}]},{\"@type\":\"BreadcrumbList\",\"@id\":\"https:\\\/\\\/megamillionsonline.de\\\/pl\\\/globalny-szum-wokol-pokera-online\\\/#breadcrumb\",\"itemListElement\":[{\"@type\":\"ListItem\",\"position\":1,\"name\":\"Home\",\"item\":\"https:\\\/\\\/megamillionsonline.de\\\/pl\\\/\"},{\"@type\":\"ListItem\",\"position\":2,\"name\":\"Globalny szum wok\u00f3\u0142 pokera online\"}]},{\"@type\":\"WebSite\",\"@id\":\"https:\\\/\\\/megamillionsonline.de\\\/pl\\\/#website\",\"url\":\"https:\\\/\\\/megamillionsonline.de\\\/pl\\\/\",\"name\":\"\",\"description\":\"\",\"potentialAction\":[{\"@type\":\"SearchAction\",\"target\":{\"@type\":\"EntryPoint\",\"urlTemplate\":\"https:\\\/\\\/megamillionsonline.de\\\/pl\\\/?s={search_term_string}\"},\"query-input\":{\"@type\":\"PropertyValueSpecification\",\"valueRequired\":true,\"valueName\":\"search_term_string\"}}],\"inLanguage\":\"pl-PL\"}]}<\/script>\n<!-- \/ Yoast SEO plugin. -->","yoast_head_json":{"title":"Globalny szum wok\u00f3\u0142 pokera online","description":"Idealne dla stron, kt\u00f3re chc\u0105 przekaza\u0107 ducha i fascynacj\u0119 pokerem online.","robots":{"index":"index","follow":"follow","max-snippet":"max-snippet:-1","max-image-preview":"max-image-preview:large","max-video-preview":"max-video-preview:-1"},"canonical":"https:\/\/megamillionsonline.de\/pl\/globalny-szum-wokol-pokera-online\/","og_locale":"pl_PL","og_type":"article","og_title":"Globalny szum wok\u00f3\u0142 pokera online","og_description":"Idealne dla stron, kt\u00f3re chc\u0105 przekaza\u0107 ducha i fascynacj\u0119 pokerem online.","og_url":"https:\/\/megamillionsonline.de\/pl\/globalny-szum-wokol-pokera-online\/","twitter_card":"summary_large_image","twitter_misc":{"Szacowany czas czytania":"2 minuty"},"schema":{"@context":"https:\/\/schema.org","@graph":[{"@type":"WebPage","@id":"https:\/\/megamillionsonline.de\/pl\/globalny-szum-wokol-pokera-online\/","url":"https:\/\/megamillionsonline.de\/pl\/globalny-szum-wokol-pokera-online\/","name":"Globalny szum wok\u00f3\u0142 pokera online","isPartOf":{"@id":"https:\/\/megamillionsonline.de\/pl\/#website"},"datePublished":"2025-08-02T09:23:59+00:00","description":"Idealne dla stron, kt\u00f3re chc\u0105 przekaza\u0107 ducha i fascynacj\u0119 pokerem online.","breadcrumb":{"@id":"https:\/\/megamillionsonline.de\/pl\/globalny-szum-wokol-pokera-online\/#breadcrumb"},"inLanguage":"pl-PL","potentialAction":[{"@type":"ReadAction","target":["https:\/\/megamillionsonline.de\/pl\/globalny-szum-wokol-pokera-online\/"]}]},{"@type":"BreadcrumbList","@id":"https:\/\/megamillionsonline.de\/pl\/globalny-szum-wokol-pokera-online\/#breadcrumb","itemListElement":[{"@type":"ListItem","position":1,"name":"Home","item":"https:\/\/megamillionsonline.de\/pl\/"},{"@type":"ListItem","position":2,"name":"Globalny szum wok\u00f3\u0142 pokera online"}]},{"@type":"WebSite","@id":"https:\/\/megamillionsonline.de\/pl\/#website","url":"https:\/\/megamillionsonline.de\/pl\/","name":"","description":"","potentialAction":[{"@type":"SearchAction","target":{"@type":"EntryPoint","urlTemplate":"https:\/\/megamillionsonline.de\/pl\/?s={search_term_string}"},"query-input":{"@type":"PropertyValueSpecification","valueRequired":true,"valueName":"search_term_string"}}],"inLanguage":"pl-PL"}]}},"_links":{"self":[{"href":"https:\/\/megamillionsonline.de\/pl\/wp-json\/wp\/v2\/pages\/256","targetHints":{"allow":["GET"]}}],"collection":[{"href":"https:\/\/megamillionsonline.de\/pl\/wp-json\/wp\/v2\/pages"}],"about":[{"href":"https:\/\/megamillionsonline.de\/pl\/wp-json\/wp\/v2\/types\/page"}],"author":[{"embeddable":true,"href":"https:\/\/megamillionsonline.de\/pl\/wp-json\/wp\/v2\/users\/1"}],"replies":[{"embeddable":true,"href":"https:\/\/megamillionsonline.de\/pl\/wp-json\/wp\/v2\/comments?post=256"}],"version-history":[{"count":0,"href":"https:\/\/megamillionsonline.de\/pl\/wp-json\/wp\/v2\/pages\/256\/revisions"}],"wp:attachment":[{"href":"https:\/\/megamillionsonline.de\/pl\/wp-json\/wp\/v2\/media?parent=256"}],"curies":[{"name":"wp","href":"https:\/\/api.w.org\/{rel}","templated":true}]}}