{"id":255,"date":"2025-08-02T09:23:59","date_gmt":"2025-08-02T09:23:59","guid":{"rendered":"https:\/\/megamillionsonline.de\/den-globale-hypen-paa-nettpoker\/"},"modified":"2025-08-02T09:23:59","modified_gmt":"2025-08-02T09:23:59","slug":"den-globale-hypen-paa-nettpoker","status":"publish","type":"page","link":"https:\/\/megamillionsonline.de\/no\/den-globale-hypen-paa-nettpoker\/","title":{"rendered":"Den globale hypen p\u00e5 nettpoker"},"content":{"rendered":"<h2>Den globale hypen rundt nettpoker<\/h2>\n<p>Da det aller f\u00f8rste pokerspillet ble spilt p\u00e5 nett i 1998, var det vanskelig \u00e5 forutsi at den globale populariteten til nettpoker ville utvikle seg s\u00e5 raskt.<\/p>\n<p>Selvf\u00f8lgelig var det oppturer og nedturer og betydelige tilbakeslag i l\u00f8pet av denne tiden, men eksplosjonen forble enorm uansett m\u00e5lestokk. Og gitt de siste trendene i USA, er det ganske mulig at det snart vil bli en ny \u00f8kning.<\/p>\n<p>Det f\u00f8rste nettpokerspillet med ekte penger ble spilt p\u00e5 Planet Poker via Internet Relay Chat p\u00e5 slutten av 1990-tallet.<\/p>\n<p>I l\u00f8pet av kort tid, takket v\u00e6re banebrytende utvikling, satte <a href=\"http:\/\/www.poker-bonuscode.de\" target=\"_blank\">online poker<\/a> trender i USA og ble en reell kraft i l\u00f8pet av de neste to \u00e5rene \u2013 og det var bare begynnelsen.<\/p>\n<p>I l\u00f8pet av disse \u00e5rene opplevde online pokerkonseptet en av de raskeste utviklingene i noen bransje, med inntekter fra online pokernettsteder som \u00f8kte fra innledende 84 millioner dollar til over 2 milliarder dollar.<\/p>\n<p>Dette var bare delvis takket v\u00e6re den n\u00e5 legendariske Chris Moneymakers seier i World Series of Poker i 2003, etter \u00e5 ha bestilt billetten sin gjennom PokerStars, et av de ledende internettpokernettstedene p\u00e5 den tiden.<br \/>Dessverre var 2006 et \u00e5r med store en omveltning for nettpokerindustrien, som praktisk talt brakte oksemarkedet til stillstand \u2013 da den amerikanske regjeringen og rettsvesenet la merke til det og erkl\u00e6rte nettpoker ulovlig. tolket.<\/p>\n<p>Innen 2011 ble n\u00f8kkelpersoner i online pokerscenen i Amerika tiltalt, og til slutt fikk ikke amerikanske statsborgere lenger lov til \u00e5 spille poker online.<\/p>\n<p>Av samme grunn er ikke online kasinoer lenger tilgjengelige for amerikanske statsborgere, mens merkelig nok kan sportsspill fortsatt plasseres online i USA.<\/p>\n<p>P\u00e5 den annen side fortsatte internettpoker \u00e5 blomstre i flere land, ettersom flere pokernettsteder tilpasset serverne og domenenavnene sine til steder i EU eller andre steder.<\/p>\n<p>P\u00e5 den annen side dempet forbudet mot amerikanske spillere den globale online pokerhypen.<br \/>Nylig begynte forholdene \u00e5 endre seg igjen, ettersom Nevada og Florida, som isolerte amerikanske stater, allerede offisielt har vedtatt standarder for et landsdekkende, regulert og lovlig system for online poker.<br \/>Alle som trodde den store fremveksten av webpoker var over, b\u00f8r \u00e5pne \u00f8ynene i 2013.<\/p>\n<p>Mange amerikanere er lei av \u00e5 sitte og se resten av verden spille poker, og derfor er det bare et sp\u00f8rsm\u00e5l om tid f\u00f8r internettpoker blir slik den en gang var!<\/p>\n","protected":false},"excerpt":{"rendered":"<p>Den globale hypen rundt nettpoker Da det aller f\u00f8rste pokerspillet ble spilt p\u00e5 nett i 1998, var det vanskelig \u00e5 forutsi at den globale populariteten til nettpoker ville utvikle seg s\u00e5 raskt. Selvf\u00f8lgelig var det oppturer og nedturer og betydelige tilbakeslag i l\u00f8pet av denne tiden, men eksplosjonen forble enorm uansett m\u00e5lestokk. Og gitt de &hellip; <\/p>\n<p class=\"link-more\"><a href=\"https:\/\/megamillionsonline.de\/no\/den-globale-hypen-paa-nettpoker\/\" class=\"more-link\">Read more<span class=\"screen-reader-text\"> &laquo;Den globale hypen p\u00e5 nettpoker&raquo;<\/span><\/a><\/p>\n","protected":false},"author":1,"featured_media":0,"parent":0,"menu_order":0,"comment_status":"closed","ping_status":"closed","template":"","meta":{"footnotes":""},"class_list":["post-255","page","type-page","status-publish","hentry"],"yoast_head":"<!-- This site is optimized with the Yoast SEO plugin v27.3 - https:\/\/yoast.com\/product\/yoast-seo-wordpress\/ -->\n<title>Den globale hypen p\u00e5 nettpoker<\/title>\n<meta name=\"description\" content=\"Ideelt for nettsteder som \u00f8nsker \u00e5 formidle \u00e5nden og fascinasjonen ved online poker.\" \/>\n<meta name=\"robots\" content=\"index, follow, max-snippet:-1, max-image-preview:large, max-video-preview:-1\" \/>\n<link rel=\"canonical\" href=\"https:\/\/megamillionsonline.de\/no\/den-globale-hypen-paa-nettpoker\/\" \/>\n<meta property=\"og:locale\" content=\"nb_NO\" \/>\n<meta property=\"og:type\" content=\"article\" \/>\n<meta property=\"og:title\" content=\"Den globale hypen p\u00e5 nettpoker\" \/>\n<meta property=\"og:description\" content=\"Ideelt for nettsteder som \u00f8nsker \u00e5 formidle \u00e5nden og fascinasjonen ved online poker.\" \/>\n<meta property=\"og:url\" content=\"https:\/\/megamillionsonline.de\/no\/den-globale-hypen-paa-nettpoker\/\" \/>\n<meta name=\"twitter:card\" content=\"summary_large_image\" \/>\n<meta name=\"twitter:label1\" content=\"Ansl. lesetid\" \/>\n\t<meta name=\"twitter:data1\" content=\"2 minutter\" \/>\n<script type=\"application\/ld+json\" class=\"yoast-schema-graph\">{\"@context\":\"https:\\\/\\\/schema.org\",\"@graph\":[{\"@type\":\"WebPage\",\"@id\":\"https:\\\/\\\/megamillionsonline.de\\\/no\\\/den-globale-hypen-paa-nettpoker\\\/\",\"url\":\"https:\\\/\\\/megamillionsonline.de\\\/no\\\/den-globale-hypen-paa-nettpoker\\\/\",\"name\":\"Den globale hypen p\u00e5 nettpoker\",\"isPartOf\":{\"@id\":\"https:\\\/\\\/megamillionsonline.de\\\/no\\\/#website\"},\"datePublished\":\"2025-08-02T09:23:59+00:00\",\"description\":\"Ideelt for nettsteder som \u00f8nsker \u00e5 formidle \u00e5nden og fascinasjonen ved online poker.\",\"breadcrumb\":{\"@id\":\"https:\\\/\\\/megamillionsonline.de\\\/no\\\/den-globale-hypen-paa-nettpoker\\\/#breadcrumb\"},\"inLanguage\":\"nb-NO\",\"potentialAction\":[{\"@type\":\"ReadAction\",\"target\":[\"https:\\\/\\\/megamillionsonline.de\\\/no\\\/den-globale-hypen-paa-nettpoker\\\/\"]}]},{\"@type\":\"BreadcrumbList\",\"@id\":\"https:\\\/\\\/megamillionsonline.de\\\/no\\\/den-globale-hypen-paa-nettpoker\\\/#breadcrumb\",\"itemListElement\":[{\"@type\":\"ListItem\",\"position\":1,\"name\":\"Home\",\"item\":\"https:\\\/\\\/megamillionsonline.de\\\/no\\\/\"},{\"@type\":\"ListItem\",\"position\":2,\"name\":\"Den globale hypen p\u00e5 nettpoker\"}]},{\"@type\":\"WebSite\",\"@id\":\"https:\\\/\\\/megamillionsonline.de\\\/no\\\/#website\",\"url\":\"https:\\\/\\\/megamillionsonline.de\\\/no\\\/\",\"name\":\"\",\"description\":\"\",\"potentialAction\":[{\"@type\":\"SearchAction\",\"target\":{\"@type\":\"EntryPoint\",\"urlTemplate\":\"https:\\\/\\\/megamillionsonline.de\\\/no\\\/?s={search_term_string}\"},\"query-input\":{\"@type\":\"PropertyValueSpecification\",\"valueRequired\":true,\"valueName\":\"search_term_string\"}}],\"inLanguage\":\"nb-NO\"}]}<\/script>\n<!-- \/ Yoast SEO plugin. -->","yoast_head_json":{"title":"Den globale hypen p\u00e5 nettpoker","description":"Ideelt for nettsteder som \u00f8nsker \u00e5 formidle \u00e5nden og fascinasjonen ved online poker.","robots":{"index":"index","follow":"follow","max-snippet":"max-snippet:-1","max-image-preview":"max-image-preview:large","max-video-preview":"max-video-preview:-1"},"canonical":"https:\/\/megamillionsonline.de\/no\/den-globale-hypen-paa-nettpoker\/","og_locale":"nb_NO","og_type":"article","og_title":"Den globale hypen p\u00e5 nettpoker","og_description":"Ideelt for nettsteder som \u00f8nsker \u00e5 formidle \u00e5nden og fascinasjonen ved online poker.","og_url":"https:\/\/megamillionsonline.de\/no\/den-globale-hypen-paa-nettpoker\/","twitter_card":"summary_large_image","twitter_misc":{"Ansl. lesetid":"2 minutter"},"schema":{"@context":"https:\/\/schema.org","@graph":[{"@type":"WebPage","@id":"https:\/\/megamillionsonline.de\/no\/den-globale-hypen-paa-nettpoker\/","url":"https:\/\/megamillionsonline.de\/no\/den-globale-hypen-paa-nettpoker\/","name":"Den globale hypen p\u00e5 nettpoker","isPartOf":{"@id":"https:\/\/megamillionsonline.de\/no\/#website"},"datePublished":"2025-08-02T09:23:59+00:00","description":"Ideelt for nettsteder som \u00f8nsker \u00e5 formidle \u00e5nden og fascinasjonen ved online poker.","breadcrumb":{"@id":"https:\/\/megamillionsonline.de\/no\/den-globale-hypen-paa-nettpoker\/#breadcrumb"},"inLanguage":"nb-NO","potentialAction":[{"@type":"ReadAction","target":["https:\/\/megamillionsonline.de\/no\/den-globale-hypen-paa-nettpoker\/"]}]},{"@type":"BreadcrumbList","@id":"https:\/\/megamillionsonline.de\/no\/den-globale-hypen-paa-nettpoker\/#breadcrumb","itemListElement":[{"@type":"ListItem","position":1,"name":"Home","item":"https:\/\/megamillionsonline.de\/no\/"},{"@type":"ListItem","position":2,"name":"Den globale hypen p\u00e5 nettpoker"}]},{"@type":"WebSite","@id":"https:\/\/megamillionsonline.de\/no\/#website","url":"https:\/\/megamillionsonline.de\/no\/","name":"","description":"","potentialAction":[{"@type":"SearchAction","target":{"@type":"EntryPoint","urlTemplate":"https:\/\/megamillionsonline.de\/no\/?s={search_term_string}"},"query-input":{"@type":"PropertyValueSpecification","valueRequired":true,"valueName":"search_term_string"}}],"inLanguage":"nb-NO"}]}},"_links":{"self":[{"href":"https:\/\/megamillionsonline.de\/no\/wp-json\/wp\/v2\/pages\/255","targetHints":{"allow":["GET"]}}],"collection":[{"href":"https:\/\/megamillionsonline.de\/no\/wp-json\/wp\/v2\/pages"}],"about":[{"href":"https:\/\/megamillionsonline.de\/no\/wp-json\/wp\/v2\/types\/page"}],"author":[{"embeddable":true,"href":"https:\/\/megamillionsonline.de\/no\/wp-json\/wp\/v2\/users\/1"}],"replies":[{"embeddable":true,"href":"https:\/\/megamillionsonline.de\/no\/wp-json\/wp\/v2\/comments?post=255"}],"version-history":[{"count":0,"href":"https:\/\/megamillionsonline.de\/no\/wp-json\/wp\/v2\/pages\/255\/revisions"}],"wp:attachment":[{"href":"https:\/\/megamillionsonline.de\/no\/wp-json\/wp\/v2\/media?parent=255"}],"curies":[{"name":"wp","href":"https:\/\/api.w.org\/{rel}","templated":true}]}}