{"id":254,"date":"2025-08-02T09:23:59","date_gmt":"2025-08-02T09:23:59","guid":{"rendered":"https:\/\/megamillionsonline.de\/%d0%b3%d0%bb%d0%be%d0%b1%d0%b0%d0%bb%d0%bd%d0%b0-%d0%b2%d0%be%d0%b7%d0%b1%d1%83%d0%b4%d0%b0-%d0%b7%d0%b0-%d0%be%d0%bd%d0%bb%d0%b0%d1%98%d0%bd-%d0%bf%d0%be%d0%ba%d0%b5%d1%80\/"},"modified":"2025-08-02T09:23:59","modified_gmt":"2025-08-02T09:23:59","slug":"%d0%b3%d0%bb%d0%be%d0%b1%d0%b0%d0%bb%d0%bd%d0%b0-%d0%b2%d0%be%d0%b7%d0%b1%d1%83%d0%b4%d0%b0-%d0%b7%d0%b0-%d0%be%d0%bd%d0%bb%d0%b0%d1%98%d0%bd-%d0%bf%d0%be%d0%ba%d0%b5%d1%80","status":"publish","type":"page","link":"https:\/\/megamillionsonline.de\/mk\/%d0%b3%d0%bb%d0%be%d0%b1%d0%b0%d0%bb%d0%bd%d0%b0-%d0%b2%d0%be%d0%b7%d0%b1%d1%83%d0%b4%d0%b0-%d0%b7%d0%b0-%d0%be%d0%bd%d0%bb%d0%b0%d1%98%d0%bd-%d0%bf%d0%be%d0%ba%d0%b5%d1%80\/","title":{"rendered":"\u0413\u043b\u043e\u0431\u0430\u043b\u043d\u0430 \u0432\u043e\u0437\u0431\u0443\u0434\u0430 \u0437\u0430 \u043e\u043d\u043b\u0430\u0458\u043d \u043f\u043e\u043a\u0435\u0440"},"content":{"rendered":"<h2>Visuotinis internetinio pokerio a\u017eiota\u017eas<\/h2>\n<p>Kai 1998 m. buvo \u017eaid\u017eiamas pirmasis pokerio \u017eaidimas internete, buvo sunku nusp\u0117ti, kad pasaulinis internetinio pokerio populiarumas i\u0161augs taip spar\u010diai.<\/p>\n<p>\u017dinoma, tuo metu buvo pakilim\u0173 ir nuosmuki\u0173 bei dideli\u0173 nes\u0117kmi\u0173, ta\u010diau sprogimas i\u0161liko mil\u017eini\u0161kas bet kokiu mastu. Atsi\u017evelgiant \u012f pastarojo meto tendencijas JAV, visai \u012fmanoma, kad netrukus bus dar vienas padid\u0117jimas.<\/p>\n<p>Pirmasis internetinis pokerio \u017eaidimas i\u0161 tikr\u0173 pinig\u0173 buvo \u017eaid\u017eiamas \u201ePlanet Poker\u201c per \u201eInternet Relay Chat\u201c de\u0161imtojo de\u0161imtme\u010dio pabaigoje.<\/p>\n<p>Per trump\u0105 laik\u0105, d\u0117ka novatori\u0161k\u0173 poky\u010di\u0173, <a href=\"http:\/\/www.poker-bonuscode.de\" target=\"_blank\">internetinis pokeris<\/a> nustat\u0117 tendencijas JAV ir per ateinan\u010dius dvejus metus tapo tikra j\u0117ga \u2013 ir tai buvo tik prad\u017eia.<\/p>\n<p>Per \u0161iuos metus internetinio pokerio koncepcija patyr\u0117 vien\u0105 spar\u010diausi\u0173 poky\u010di\u0173 bet kurioje pramon\u0117s \u0161akoje, o internetinio pokerio svetaini\u0173 pajamos i\u0161augo nuo pradini\u0173 84 mln. USD iki daugiau nei 2 mlrd. USD.<\/p>\n<p>Tai \u012fvyko tik i\u0161 dalies d\u0117l dabar jau legendinio niekieno Chriso Moneymakerio pergal\u0117s 2003 m. Pasaulio pokerio serijoje, kai jis biliet\u0105 u\u017esisak\u0117 per \u201ePokerStars\u201c, vien\u0105 i\u0161 pirmaujan\u010di\u0173 to meto internetinio pokerio svetaini\u0173.<br \/>Deja, 2006-ieji buvo&#8230; didelis internetinio pokerio industrijos sukr\u0117timas, prakti\u0161kai sustabd\u0119s buli\u0173 rink\u0105 \u2013 kai Amerikos vyriausyb\u0117 ir teism\u0173 sistema atkreip\u0117 \u012f tai d\u0117mes\u012f ir paskelb\u0117 internetin\u012f poker\u012f nelegal\u0173. interpretuojama.<\/p>\n<p>Iki 2011 m. pagrindiniai internetinio pokerio scenos veik\u0117jai Amerikoje buvo apkaltinti ir galiausiai JAV pilie\u010diams nebebuvo leid\u017eiama \u017eaisti poker\u012f internetu.<\/p>\n<p>D\u0117l tos pa\u010dios prie\u017easties internetiniai kazino neb\u0117ra prieinami JAV pilie\u010diams, o, kaip beb\u016bt\u0173 keista, sporto la\u017eybas JAV vis dar galima atlikti internetu.<\/p>\n<p>Kita vertus, internetinis pokeris ir toliau klest\u0117jo keliose \u0161alyse, nes kelios pokerio svetain\u0117s pritaik\u0117 savo serverius ir domen\u0173 vardus prie viet\u0173 ES ar kitur.<\/p>\n<p>Kita vertus, draudimas JAV \u017eaid\u0117jams pa\u017eabojo pasaulin\u012f internetinio pokerio a\u017eiota\u017e\u0105.<br \/>Neseniai s\u0105lygos v\u0117l prad\u0117jo keistis, nes Nevada ir Florida, kaip izoliuotos JAV valstijos, jau oficialiai pri\u0117m\u0117 standartus nacionalinei, reguliuojamai ir teisinei internetinio pokerio sistemai.<br \/>Kiekvienas, kuris man\u0117, kad didysis internetinio pokerio i\u0161kilimas baig\u0117si, tur\u0117t\u0173 atsimerkti 2013 m.<\/p>\n<p>Daugelis amerikie\u010di\u0173 pavargo s\u0117d\u0117ti ir steb\u0117ti, kaip lik\u0119s pasaulis \u017eaid\u017eia poker\u012f, tod\u0117l Tik laiko klausimas, kada internetinis pokeris gr\u012f\u0161 \u012f savo v\u0117\u017ees!<\/p>\n","protected":false},"excerpt":{"rendered":"<p>Visuotinis internetinio pokerio a\u017eiota\u017eas Kai 1998 m. buvo \u017eaid\u017eiamas pirmasis pokerio \u017eaidimas internete, buvo sunku nusp\u0117ti, kad pasaulinis internetinio pokerio populiarumas i\u0161augs taip spar\u010diai. \u017dinoma, tuo metu buvo pakilim\u0173 ir nuosmuki\u0173 bei dideli\u0173 nes\u0117kmi\u0173, ta\u010diau sprogimas i\u0161liko mil\u017eini\u0161kas bet kokiu mastu. Atsi\u017evelgiant \u012f pastarojo meto tendencijas JAV, visai \u012fmanoma, kad netrukus bus dar vienas padid\u0117jimas. &hellip; <\/p>\n<p class=\"link-more\"><a href=\"https:\/\/megamillionsonline.de\/mk\/%d0%b3%d0%bb%d0%be%d0%b1%d0%b0%d0%bb%d0%bd%d0%b0-%d0%b2%d0%be%d0%b7%d0%b1%d1%83%d0%b4%d0%b0-%d0%b7%d0%b0-%d0%be%d0%bd%d0%bb%d0%b0%d1%98%d0%bd-%d0%bf%d0%be%d0%ba%d0%b5%d1%80\/\" class=\"more-link\">Read more<span class=\"screen-reader-text\"> &#8220;\u0413\u043b\u043e\u0431\u0430\u043b\u043d\u0430 \u0432\u043e\u0437\u0431\u0443\u0434\u0430 \u0437\u0430 \u043e\u043d\u043b\u0430\u0458\u043d \u043f\u043e\u043a\u0435\u0440&#8221;<\/span><\/a><\/p>\n","protected":false},"author":1,"featured_media":0,"parent":0,"menu_order":0,"comment_status":"closed","ping_status":"closed","template":"","meta":{"footnotes":""},"class_list":["post-254","page","type-page","status-publish","hentry"],"yoast_head":"<!-- This site is optimized with the Yoast SEO plugin v27.3 - https:\/\/yoast.com\/product\/yoast-seo-wordpress\/ -->\n<title>\u0413\u043b\u043e\u0431\u0430\u043b\u043d\u0430 \u0432\u043e\u0437\u0431\u0443\u0434\u0430 \u0437\u0430 \u043e\u043d\u043b\u0430\u0458\u043d \u043f\u043e\u043a\u0435\u0440<\/title>\n<meta name=\"description\" content=\"\u0418\u0434\u0435\u0430\u043b\u043d\u043e \u0437\u0430 \u0441\u0430\u0458\u0442\u043e\u0432\u0438 \u043a\u043e\u0438 \u0441\u0430\u043a\u0430\u0430\u0442 \u0434\u0430 \u0433\u043e \u043f\u0440\u0435\u043d\u0435\u0441\u0430\u0442 \u0434\u0443\u0445\u043e\u0442 \u0438 \u0444\u0430\u0441\u0446\u0438\u043d\u0430\u0446\u0438\u0458\u0430\u0442\u0430 \u043d\u0430 \u043e\u043d\u043b\u0430\u0458\u043d \u043f\u043e\u043a\u0435\u0440\u043e\u0442.\" \/>\n<meta name=\"robots\" content=\"index, follow, max-snippet:-1, max-image-preview:large, max-video-preview:-1\" \/>\n<link rel=\"canonical\" href=\"https:\/\/megamillionsonline.de\/mk\/%d0%b3%d0%bb%d0%be%d0%b1%d0%b0%d0%bb%d0%bd%d0%b0-%d0%b2%d0%be%d0%b7%d0%b1%d1%83%d0%b4%d0%b0-%d0%b7%d0%b0-%d0%be%d0%bd%d0%bb%d0%b0%d1%98%d0%bd-%d0%bf%d0%be%d0%ba%d0%b5%d1%80\/\" \/>\n<meta property=\"og:locale\" content=\"mk_MK\" \/>\n<meta property=\"og:type\" content=\"article\" \/>\n<meta property=\"og:title\" content=\"\u0413\u043b\u043e\u0431\u0430\u043b\u043d\u0430 \u0432\u043e\u0437\u0431\u0443\u0434\u0430 \u0437\u0430 \u043e\u043d\u043b\u0430\u0458\u043d \u043f\u043e\u043a\u0435\u0440\" \/>\n<meta property=\"og:description\" content=\"\u0418\u0434\u0435\u0430\u043b\u043d\u043e \u0437\u0430 \u0441\u0430\u0458\u0442\u043e\u0432\u0438 \u043a\u043e\u0438 \u0441\u0430\u043a\u0430\u0430\u0442 \u0434\u0430 \u0433\u043e \u043f\u0440\u0435\u043d\u0435\u0441\u0430\u0442 \u0434\u0443\u0445\u043e\u0442 \u0438 \u0444\u0430\u0441\u0446\u0438\u043d\u0430\u0446\u0438\u0458\u0430\u0442\u0430 \u043d\u0430 \u043e\u043d\u043b\u0430\u0458\u043d \u043f\u043e\u043a\u0435\u0440\u043e\u0442.\" \/>\n<meta property=\"og:url\" content=\"https:\/\/megamillionsonline.de\/mk\/%d0%b3%d0%bb%d0%be%d0%b1%d0%b0%d0%bb%d0%bd%d0%b0-%d0%b2%d0%be%d0%b7%d0%b1%d1%83%d0%b4%d0%b0-%d0%b7%d0%b0-%d0%be%d0%bd%d0%bb%d0%b0%d1%98%d0%bd-%d0%bf%d0%be%d0%ba%d0%b5%d1%80\/\" \/>\n<meta name=\"twitter:card\" content=\"summary_large_image\" \/>\n<meta name=\"twitter:label1\" content=\"Est. reading time\" \/>\n\t<meta name=\"twitter:data1\" content=\"2 \u043c\u0438\u043d\u0443\u0442\u0438\" \/>\n<script type=\"application\/ld+json\" class=\"yoast-schema-graph\">{\"@context\":\"https:\\\/\\\/schema.org\",\"@graph\":[{\"@type\":\"WebPage\",\"@id\":\"https:\\\/\\\/megamillionsonline.de\\\/mk\\\/%d0%b3%d0%bb%d0%be%d0%b1%d0%b0%d0%bb%d0%bd%d0%b0-%d0%b2%d0%be%d0%b7%d0%b1%d1%83%d0%b4%d0%b0-%d0%b7%d0%b0-%d0%be%d0%bd%d0%bb%d0%b0%d1%98%d0%bd-%d0%bf%d0%be%d0%ba%d0%b5%d1%80\\\/\",\"url\":\"https:\\\/\\\/megamillionsonline.de\\\/mk\\\/%d0%b3%d0%bb%d0%be%d0%b1%d0%b0%d0%bb%d0%bd%d0%b0-%d0%b2%d0%be%d0%b7%d0%b1%d1%83%d0%b4%d0%b0-%d0%b7%d0%b0-%d0%be%d0%bd%d0%bb%d0%b0%d1%98%d0%bd-%d0%bf%d0%be%d0%ba%d0%b5%d1%80\\\/\",\"name\":\"\u0413\u043b\u043e\u0431\u0430\u043b\u043d\u0430 \u0432\u043e\u0437\u0431\u0443\u0434\u0430 \u0437\u0430 \u043e\u043d\u043b\u0430\u0458\u043d \u043f\u043e\u043a\u0435\u0440\",\"isPartOf\":{\"@id\":\"https:\\\/\\\/megamillionsonline.de\\\/mk\\\/#website\"},\"datePublished\":\"2025-08-02T09:23:59+00:00\",\"description\":\"\u0418\u0434\u0435\u0430\u043b\u043d\u043e \u0437\u0430 \u0441\u0430\u0458\u0442\u043e\u0432\u0438 \u043a\u043e\u0438 \u0441\u0430\u043a\u0430\u0430\u0442 \u0434\u0430 \u0433\u043e \u043f\u0440\u0435\u043d\u0435\u0441\u0430\u0442 \u0434\u0443\u0445\u043e\u0442 \u0438 \u0444\u0430\u0441\u0446\u0438\u043d\u0430\u0446\u0438\u0458\u0430\u0442\u0430 \u043d\u0430 \u043e\u043d\u043b\u0430\u0458\u043d \u043f\u043e\u043a\u0435\u0440\u043e\u0442.\",\"breadcrumb\":{\"@id\":\"https:\\\/\\\/megamillionsonline.de\\\/mk\\\/%d0%b3%d0%bb%d0%be%d0%b1%d0%b0%d0%bb%d0%bd%d0%b0-%d0%b2%d0%be%d0%b7%d0%b1%d1%83%d0%b4%d0%b0-%d0%b7%d0%b0-%d0%be%d0%bd%d0%bb%d0%b0%d1%98%d0%bd-%d0%bf%d0%be%d0%ba%d0%b5%d1%80\\\/#breadcrumb\"},\"inLanguage\":\"mk-MK\",\"potentialAction\":[{\"@type\":\"ReadAction\",\"target\":[\"https:\\\/\\\/megamillionsonline.de\\\/mk\\\/%d0%b3%d0%bb%d0%be%d0%b1%d0%b0%d0%bb%d0%bd%d0%b0-%d0%b2%d0%be%d0%b7%d0%b1%d1%83%d0%b4%d0%b0-%d0%b7%d0%b0-%d0%be%d0%bd%d0%bb%d0%b0%d1%98%d0%bd-%d0%bf%d0%be%d0%ba%d0%b5%d1%80\\\/\"]}]},{\"@type\":\"BreadcrumbList\",\"@id\":\"https:\\\/\\\/megamillionsonline.de\\\/mk\\\/%d0%b3%d0%bb%d0%be%d0%b1%d0%b0%d0%bb%d0%bd%d0%b0-%d0%b2%d0%be%d0%b7%d0%b1%d1%83%d0%b4%d0%b0-%d0%b7%d0%b0-%d0%be%d0%bd%d0%bb%d0%b0%d1%98%d0%bd-%d0%bf%d0%be%d0%ba%d0%b5%d1%80\\\/#breadcrumb\",\"itemListElement\":[{\"@type\":\"ListItem\",\"position\":1,\"name\":\"Home\",\"item\":\"https:\\\/\\\/megamillionsonline.de\\\/mk\\\/\"},{\"@type\":\"ListItem\",\"position\":2,\"name\":\"\u0413\u043b\u043e\u0431\u0430\u043b\u043d\u0430 \u0432\u043e\u0437\u0431\u0443\u0434\u0430 \u0437\u0430 \u043e\u043d\u043b\u0430\u0458\u043d \u043f\u043e\u043a\u0435\u0440\"}]},{\"@type\":\"WebSite\",\"@id\":\"https:\\\/\\\/megamillionsonline.de\\\/mk\\\/#website\",\"url\":\"https:\\\/\\\/megamillionsonline.de\\\/mk\\\/\",\"name\":\"\",\"description\":\"\",\"potentialAction\":[{\"@type\":\"SearchAction\",\"target\":{\"@type\":\"EntryPoint\",\"urlTemplate\":\"https:\\\/\\\/megamillionsonline.de\\\/mk\\\/?s={search_term_string}\"},\"query-input\":{\"@type\":\"PropertyValueSpecification\",\"valueRequired\":true,\"valueName\":\"search_term_string\"}}],\"inLanguage\":\"mk-MK\"}]}<\/script>\n<!-- \/ Yoast SEO plugin. -->","yoast_head_json":{"title":"\u0413\u043b\u043e\u0431\u0430\u043b\u043d\u0430 \u0432\u043e\u0437\u0431\u0443\u0434\u0430 \u0437\u0430 \u043e\u043d\u043b\u0430\u0458\u043d \u043f\u043e\u043a\u0435\u0440","description":"\u0418\u0434\u0435\u0430\u043b\u043d\u043e \u0437\u0430 \u0441\u0430\u0458\u0442\u043e\u0432\u0438 \u043a\u043e\u0438 \u0441\u0430\u043a\u0430\u0430\u0442 \u0434\u0430 \u0433\u043e \u043f\u0440\u0435\u043d\u0435\u0441\u0430\u0442 \u0434\u0443\u0445\u043e\u0442 \u0438 \u0444\u0430\u0441\u0446\u0438\u043d\u0430\u0446\u0438\u0458\u0430\u0442\u0430 \u043d\u0430 \u043e\u043d\u043b\u0430\u0458\u043d \u043f\u043e\u043a\u0435\u0440\u043e\u0442.","robots":{"index":"index","follow":"follow","max-snippet":"max-snippet:-1","max-image-preview":"max-image-preview:large","max-video-preview":"max-video-preview:-1"},"canonical":"https:\/\/megamillionsonline.de\/mk\/%d0%b3%d0%bb%d0%be%d0%b1%d0%b0%d0%bb%d0%bd%d0%b0-%d0%b2%d0%be%d0%b7%d0%b1%d1%83%d0%b4%d0%b0-%d0%b7%d0%b0-%d0%be%d0%bd%d0%bb%d0%b0%d1%98%d0%bd-%d0%bf%d0%be%d0%ba%d0%b5%d1%80\/","og_locale":"mk_MK","og_type":"article","og_title":"\u0413\u043b\u043e\u0431\u0430\u043b\u043d\u0430 \u0432\u043e\u0437\u0431\u0443\u0434\u0430 \u0437\u0430 \u043e\u043d\u043b\u0430\u0458\u043d \u043f\u043e\u043a\u0435\u0440","og_description":"\u0418\u0434\u0435\u0430\u043b\u043d\u043e \u0437\u0430 \u0441\u0430\u0458\u0442\u043e\u0432\u0438 \u043a\u043e\u0438 \u0441\u0430\u043a\u0430\u0430\u0442 \u0434\u0430 \u0433\u043e \u043f\u0440\u0435\u043d\u0435\u0441\u0430\u0442 \u0434\u0443\u0445\u043e\u0442 \u0438 \u0444\u0430\u0441\u0446\u0438\u043d\u0430\u0446\u0438\u0458\u0430\u0442\u0430 \u043d\u0430 \u043e\u043d\u043b\u0430\u0458\u043d \u043f\u043e\u043a\u0435\u0440\u043e\u0442.","og_url":"https:\/\/megamillionsonline.de\/mk\/%d0%b3%d0%bb%d0%be%d0%b1%d0%b0%d0%bb%d0%bd%d0%b0-%d0%b2%d0%be%d0%b7%d0%b1%d1%83%d0%b4%d0%b0-%d0%b7%d0%b0-%d0%be%d0%bd%d0%bb%d0%b0%d1%98%d0%bd-%d0%bf%d0%be%d0%ba%d0%b5%d1%80\/","twitter_card":"summary_large_image","twitter_misc":{"Est. reading time":"2 \u043c\u0438\u043d\u0443\u0442\u0438"},"schema":{"@context":"https:\/\/schema.org","@graph":[{"@type":"WebPage","@id":"https:\/\/megamillionsonline.de\/mk\/%d0%b3%d0%bb%d0%be%d0%b1%d0%b0%d0%bb%d0%bd%d0%b0-%d0%b2%d0%be%d0%b7%d0%b1%d1%83%d0%b4%d0%b0-%d0%b7%d0%b0-%d0%be%d0%bd%d0%bb%d0%b0%d1%98%d0%bd-%d0%bf%d0%be%d0%ba%d0%b5%d1%80\/","url":"https:\/\/megamillionsonline.de\/mk\/%d0%b3%d0%bb%d0%be%d0%b1%d0%b0%d0%bb%d0%bd%d0%b0-%d0%b2%d0%be%d0%b7%d0%b1%d1%83%d0%b4%d0%b0-%d0%b7%d0%b0-%d0%be%d0%bd%d0%bb%d0%b0%d1%98%d0%bd-%d0%bf%d0%be%d0%ba%d0%b5%d1%80\/","name":"\u0413\u043b\u043e\u0431\u0430\u043b\u043d\u0430 \u0432\u043e\u0437\u0431\u0443\u0434\u0430 \u0437\u0430 \u043e\u043d\u043b\u0430\u0458\u043d \u043f\u043e\u043a\u0435\u0440","isPartOf":{"@id":"https:\/\/megamillionsonline.de\/mk\/#website"},"datePublished":"2025-08-02T09:23:59+00:00","description":"\u0418\u0434\u0435\u0430\u043b\u043d\u043e \u0437\u0430 \u0441\u0430\u0458\u0442\u043e\u0432\u0438 \u043a\u043e\u0438 \u0441\u0430\u043a\u0430\u0430\u0442 \u0434\u0430 \u0433\u043e \u043f\u0440\u0435\u043d\u0435\u0441\u0430\u0442 \u0434\u0443\u0445\u043e\u0442 \u0438 \u0444\u0430\u0441\u0446\u0438\u043d\u0430\u0446\u0438\u0458\u0430\u0442\u0430 \u043d\u0430 \u043e\u043d\u043b\u0430\u0458\u043d \u043f\u043e\u043a\u0435\u0440\u043e\u0442.","breadcrumb":{"@id":"https:\/\/megamillionsonline.de\/mk\/%d0%b3%d0%bb%d0%be%d0%b1%d0%b0%d0%bb%d0%bd%d0%b0-%d0%b2%d0%be%d0%b7%d0%b1%d1%83%d0%b4%d0%b0-%d0%b7%d0%b0-%d0%be%d0%bd%d0%bb%d0%b0%d1%98%d0%bd-%d0%bf%d0%be%d0%ba%d0%b5%d1%80\/#breadcrumb"},"inLanguage":"mk-MK","potentialAction":[{"@type":"ReadAction","target":["https:\/\/megamillionsonline.de\/mk\/%d0%b3%d0%bb%d0%be%d0%b1%d0%b0%d0%bb%d0%bd%d0%b0-%d0%b2%d0%be%d0%b7%d0%b1%d1%83%d0%b4%d0%b0-%d0%b7%d0%b0-%d0%be%d0%bd%d0%bb%d0%b0%d1%98%d0%bd-%d0%bf%d0%be%d0%ba%d0%b5%d1%80\/"]}]},{"@type":"BreadcrumbList","@id":"https:\/\/megamillionsonline.de\/mk\/%d0%b3%d0%bb%d0%be%d0%b1%d0%b0%d0%bb%d0%bd%d0%b0-%d0%b2%d0%be%d0%b7%d0%b1%d1%83%d0%b4%d0%b0-%d0%b7%d0%b0-%d0%be%d0%bd%d0%bb%d0%b0%d1%98%d0%bd-%d0%bf%d0%be%d0%ba%d0%b5%d1%80\/#breadcrumb","itemListElement":[{"@type":"ListItem","position":1,"name":"Home","item":"https:\/\/megamillionsonline.de\/mk\/"},{"@type":"ListItem","position":2,"name":"\u0413\u043b\u043e\u0431\u0430\u043b\u043d\u0430 \u0432\u043e\u0437\u0431\u0443\u0434\u0430 \u0437\u0430 \u043e\u043d\u043b\u0430\u0458\u043d \u043f\u043e\u043a\u0435\u0440"}]},{"@type":"WebSite","@id":"https:\/\/megamillionsonline.de\/mk\/#website","url":"https:\/\/megamillionsonline.de\/mk\/","name":"","description":"","potentialAction":[{"@type":"SearchAction","target":{"@type":"EntryPoint","urlTemplate":"https:\/\/megamillionsonline.de\/mk\/?s={search_term_string}"},"query-input":{"@type":"PropertyValueSpecification","valueRequired":true,"valueName":"search_term_string"}}],"inLanguage":"mk-MK"}]}},"_links":{"self":[{"href":"https:\/\/megamillionsonline.de\/mk\/wp-json\/wp\/v2\/pages\/254","targetHints":{"allow":["GET"]}}],"collection":[{"href":"https:\/\/megamillionsonline.de\/mk\/wp-json\/wp\/v2\/pages"}],"about":[{"href":"https:\/\/megamillionsonline.de\/mk\/wp-json\/wp\/v2\/types\/page"}],"author":[{"embeddable":true,"href":"https:\/\/megamillionsonline.de\/mk\/wp-json\/wp\/v2\/users\/1"}],"replies":[{"embeddable":true,"href":"https:\/\/megamillionsonline.de\/mk\/wp-json\/wp\/v2\/comments?post=254"}],"version-history":[{"count":0,"href":"https:\/\/megamillionsonline.de\/mk\/wp-json\/wp\/v2\/pages\/254\/revisions"}],"wp:attachment":[{"href":"https:\/\/megamillionsonline.de\/mk\/wp-json\/wp\/v2\/media?parent=254"}],"curies":[{"name":"wp","href":"https:\/\/api.w.org\/{rel}","templated":true}]}}