{"id":259,"date":"2025-08-02T09:23:59","date_gmt":"2025-08-02T09:23:59","guid":{"rendered":"https:\/\/megamillionsonline.de\/globala-tiessaistes-pokera-aziotaza\/"},"modified":"2025-08-02T09:23:59","modified_gmt":"2025-08-02T09:23:59","slug":"globala-tiessaistes-pokera-aziotaza","status":"publish","type":"page","link":"https:\/\/megamillionsonline.de\/lv\/globala-tiessaistes-pokera-aziotaza\/","title":{"rendered":"Glob\u0101l\u0101 tie\u0161saistes pokera a\u017eiot\u0101\u017ea"},"content":{"rendered":"<h2>Glob\u0101l\u0101 tie\u0161saistes pokera a\u017eiot\u0101\u017ea<\/h2>\n<p>Kad 1998. gad\u0101 tie\u0161saist\u0113 tika sp\u0113l\u0113ta pati pirm\u0101 pokera sp\u0113le, bija gr\u016bti paredz\u0113t, ka t\u012bmek\u013ca pokera popularit\u0101te vis\u0101 pasaul\u0113 att\u012bst\u012bsies tik strauji.<\/p>\n<p>Protams, \u0161aj\u0101 laik\u0101 bija gan k\u0101pumi, gan kritumi, gan iev\u0113rojamas neveiksmes, ta\u010du spr\u0101dziens jebkur\u0101 gad\u012bjum\u0101 saglab\u0101j\u0101s milz\u012bgs. Un, \u0146emot v\u0113r\u0101 jaun\u0101k\u0101s tendences ASV, ir piln\u012bgi iesp\u0113jams, ka dr\u012bzum\u0101 b\u016bs v\u0113l viens pieaugums.<\/p>\n<p>Pirm\u0101 tie\u0161saistes pokera sp\u0113le uz \u012bstu naudu tika sp\u0113l\u0113ta Planet Poker, izmantojot Internet Relay Chat 20.\u00a0gs. devi\u0146desmito gadu beig\u0101s.<\/p>\n<p>\u012as\u0101 laika posm\u0101, pateicoties revolucion\u0101riem sasniegumiem, <a href=\"http:\/\/www.poker-bonuscode.de\" target=\"_blank\">tie\u0161saistes pokers<\/a> noteica tendences ASV un n\u0101kamo divu gadu laik\u0101 k\u013cuva par \u012bstu sp\u0113ku \u2014 un tas bija tikai s\u0101kums.<\/p>\n<p>\u0160o gadu laik\u0101 tie\u0161saistes pokera koncepcija piedz\u012bvoja vienu no strauj\u0101kaj\u0101m att\u012bst\u012bbas tendenc\u0113m jebkur\u0101 nozar\u0113, tie\u0161saistes pokera viet\u0146u ie\u0146\u0113mumiem pieaugot no s\u0101kotn\u0113jiem 84\u00a0miljoniem USD l\u012bdz vair\u0101k nek\u0101 2\u00a0miljardiem USD.<\/p>\n<p>Tas bija tikai da\u013c\u0113ji pateicoties tagad jau le\u0123end\u0101r\u0101 neviena Krisa Manimeikera uzvarai 2003.\u00a0gada Pasaules pokera s\u0113rij\u0101, jo vi\u0146\u0161 savu bi\u013ceti bija rezerv\u0113jis caur PokerStars, vienu no t\u0101 laika vado\u0161aj\u0101m interneta pokera vietn\u0113m.<br \/>Diem\u017e\u0113l 2006.\u00a0gads bija&#8230; lielas p\u0101rmai\u0146as t\u012bmek\u013ca pokera industrij\u0101, kas praktiski aptur\u0113ja v\u0113r\u0161u tirgu, \u2014 kad Amerikas vald\u012bba un tiesu vara to paman\u012bja un pasludin\u0101ja tie\u0161saistes pokeru par neleg\u0101lu. interpret\u0113ts.<\/p>\n<p>L\u012bdz 2011. gadam galven\u0101s personas tie\u0161saistes pokera pasaul\u0113 Amerik\u0101 tika aps\u016bdz\u0113tas, un galu gal\u0101 ASV pilso\u0146iem vairs nebija at\u013cauts sp\u0113l\u0113t pokeru tie\u0161saist\u0113.<\/p>\n<p>T\u0101 pa\u0161a iemesla d\u0113\u013c tie\u0161saistes kazino vairs nav pieejami ASV pilso\u0146iem, savuk\u0101rt, d\u012bvain\u0101 k\u0101rt\u0101, sporta likmes ASV joproj\u0101m var veikt tie\u0161saist\u0113.<\/p>\n<p>No otras puses, interneta pokers turpin\u0101ja uzplaukt vair\u0101k\u0101s valst\u012bs, jo vair\u0101kas pokera vietnes piel\u0101goja savus serverus un dom\u0113na v\u0101rdus atra\u0161an\u0101s viet\u0101m ES vai citur.<\/p>\n<p>No otras puses, aizliegums ASV sp\u0113l\u0113t\u0101jiem ierobe\u017eoja glob\u0101lo tie\u0161saistes pokera a\u017eiot\u0101\u017eu.<br \/>Nesen apst\u0101k\u013ci atkal s\u0101ka main\u012bties, jo Nevada un Florida k\u0101 izol\u0113ti ASV \u0161tati jau ir ofici\u0101li pie\u0146\u0113mu\u0161as standartus valsts m\u0113roga, regul\u0113tai un likum\u012bgai tie\u0161saistes pokera sist\u0113mai.<br \/>Ikvienam, kur\u0161 dom\u0101ja, ka lielais interneta pokera uzplaukums ir beidzies, vajadz\u0113tu atv\u0113rt acis 2013. gad\u0101.<\/p>\n<p>Daudzi amerik\u0101\u0146i ir noguru\u0161i s\u0113d\u0113t un skat\u012bties, k\u0101 p\u0101r\u0113j\u0101 pasaule sp\u0113l\u0113 pokeru, un t\u0101p\u0113c Tas ir tikai laika jaut\u0101jums, pirms interneta pokers atgriez\u012bsies sav\u0101 ierastaj\u0101 form\u0101!<\/p>\n","protected":false},"excerpt":{"rendered":"<p>Glob\u0101l\u0101 tie\u0161saistes pokera a\u017eiot\u0101\u017ea Kad 1998. gad\u0101 tie\u0161saist\u0113 tika sp\u0113l\u0113ta pati pirm\u0101 pokera sp\u0113le, bija gr\u016bti paredz\u0113t, ka t\u012bmek\u013ca pokera popularit\u0101te vis\u0101 pasaul\u0113 att\u012bst\u012bsies tik strauji. Protams, \u0161aj\u0101 laik\u0101 bija gan k\u0101pumi, gan kritumi, gan iev\u0113rojamas neveiksmes, ta\u010du spr\u0101dziens jebkur\u0101 gad\u012bjum\u0101 saglab\u0101j\u0101s milz\u012bgs. Un, \u0146emot v\u0113r\u0101 jaun\u0101k\u0101s tendences ASV, ir piln\u012bgi iesp\u0113jams, ka dr\u012bzum\u0101 b\u016bs &hellip; <\/p>\n<p class=\"link-more\"><a href=\"https:\/\/megamillionsonline.de\/lv\/globala-tiessaistes-pokera-aziotaza\/\" class=\"more-link\">Read more<span class=\"screen-reader-text\"> &#8220;Glob\u0101l\u0101 tie\u0161saistes pokera a\u017eiot\u0101\u017ea&#8221;<\/span><\/a><\/p>\n","protected":false},"author":1,"featured_media":0,"parent":0,"menu_order":0,"comment_status":"closed","ping_status":"closed","template":"","meta":{"footnotes":""},"class_list":["post-259","page","type-page","status-publish","hentry"],"yoast_head":"<!-- This site is optimized with the Yoast SEO plugin v27.4 - https:\/\/yoast.com\/product\/yoast-seo-wordpress\/ -->\n<title>Glob\u0101l\u0101 tie\u0161saistes pokera a\u017eiot\u0101\u017ea<\/title>\n<meta name=\"description\" content=\"Ide\u0101li piem\u0113rots vietn\u0113m, kas v\u0113las nodot tie\u0161saistes pokera garu un valdzin\u0101jumu.\" \/>\n<meta name=\"robots\" content=\"index, follow, max-snippet:-1, max-image-preview:large, max-video-preview:-1\" \/>\n<link rel=\"canonical\" href=\"https:\/\/megamillionsonline.de\/lv\/globala-tiessaistes-pokera-aziotaza\/\" \/>\n<meta property=\"og:locale\" content=\"lv_LV\" \/>\n<meta property=\"og:type\" content=\"article\" \/>\n<meta property=\"og:title\" content=\"Glob\u0101l\u0101 tie\u0161saistes pokera a\u017eiot\u0101\u017ea\" \/>\n<meta property=\"og:description\" content=\"Ide\u0101li piem\u0113rots vietn\u0113m, kas v\u0113las nodot tie\u0161saistes pokera garu un valdzin\u0101jumu.\" \/>\n<meta property=\"og:url\" content=\"https:\/\/megamillionsonline.de\/lv\/globala-tiessaistes-pokera-aziotaza\/\" \/>\n<meta name=\"twitter:card\" content=\"summary_large_image\" \/>\n<meta name=\"twitter:label1\" content=\"Est. reading time\" \/>\n\t<meta name=\"twitter:data1\" content=\"2 minutes\" \/>\n<script type=\"application\/ld+json\" class=\"yoast-schema-graph\">{\"@context\":\"https:\\\/\\\/schema.org\",\"@graph\":[{\"@type\":\"WebPage\",\"@id\":\"https:\\\/\\\/megamillionsonline.de\\\/lv\\\/globala-tiessaistes-pokera-aziotaza\\\/\",\"url\":\"https:\\\/\\\/megamillionsonline.de\\\/lv\\\/globala-tiessaistes-pokera-aziotaza\\\/\",\"name\":\"Glob\u0101l\u0101 tie\u0161saistes pokera a\u017eiot\u0101\u017ea\",\"isPartOf\":{\"@id\":\"https:\\\/\\\/megamillionsonline.de\\\/lv\\\/#website\"},\"datePublished\":\"2025-08-02T09:23:59+00:00\",\"description\":\"Ide\u0101li piem\u0113rots vietn\u0113m, kas v\u0113las nodot tie\u0161saistes pokera garu un valdzin\u0101jumu.\",\"breadcrumb\":{\"@id\":\"https:\\\/\\\/megamillionsonline.de\\\/lv\\\/globala-tiessaistes-pokera-aziotaza\\\/#breadcrumb\"},\"inLanguage\":\"lv-LV\",\"potentialAction\":[{\"@type\":\"ReadAction\",\"target\":[\"https:\\\/\\\/megamillionsonline.de\\\/lv\\\/globala-tiessaistes-pokera-aziotaza\\\/\"]}]},{\"@type\":\"BreadcrumbList\",\"@id\":\"https:\\\/\\\/megamillionsonline.de\\\/lv\\\/globala-tiessaistes-pokera-aziotaza\\\/#breadcrumb\",\"itemListElement\":[{\"@type\":\"ListItem\",\"position\":1,\"name\":\"Home\",\"item\":\"https:\\\/\\\/megamillionsonline.de\\\/lv\\\/\"},{\"@type\":\"ListItem\",\"position\":2,\"name\":\"Glob\u0101l\u0101 tie\u0161saistes pokera a\u017eiot\u0101\u017ea\"}]},{\"@type\":\"WebSite\",\"@id\":\"https:\\\/\\\/megamillionsonline.de\\\/lv\\\/#website\",\"url\":\"https:\\\/\\\/megamillionsonline.de\\\/lv\\\/\",\"name\":\"\",\"description\":\"\",\"potentialAction\":[{\"@type\":\"SearchAction\",\"target\":{\"@type\":\"EntryPoint\",\"urlTemplate\":\"https:\\\/\\\/megamillionsonline.de\\\/lv\\\/?s={search_term_string}\"},\"query-input\":{\"@type\":\"PropertyValueSpecification\",\"valueRequired\":true,\"valueName\":\"search_term_string\"}}],\"inLanguage\":\"lv-LV\"}]}<\/script>\n<!-- \/ Yoast SEO plugin. -->","yoast_head_json":{"title":"Glob\u0101l\u0101 tie\u0161saistes pokera a\u017eiot\u0101\u017ea","description":"Ide\u0101li piem\u0113rots vietn\u0113m, kas v\u0113las nodot tie\u0161saistes pokera garu un valdzin\u0101jumu.","robots":{"index":"index","follow":"follow","max-snippet":"max-snippet:-1","max-image-preview":"max-image-preview:large","max-video-preview":"max-video-preview:-1"},"canonical":"https:\/\/megamillionsonline.de\/lv\/globala-tiessaistes-pokera-aziotaza\/","og_locale":"lv_LV","og_type":"article","og_title":"Glob\u0101l\u0101 tie\u0161saistes pokera a\u017eiot\u0101\u017ea","og_description":"Ide\u0101li piem\u0113rots vietn\u0113m, kas v\u0113las nodot tie\u0161saistes pokera garu un valdzin\u0101jumu.","og_url":"https:\/\/megamillionsonline.de\/lv\/globala-tiessaistes-pokera-aziotaza\/","twitter_card":"summary_large_image","twitter_misc":{"Est. reading time":"2 minutes"},"schema":{"@context":"https:\/\/schema.org","@graph":[{"@type":"WebPage","@id":"https:\/\/megamillionsonline.de\/lv\/globala-tiessaistes-pokera-aziotaza\/","url":"https:\/\/megamillionsonline.de\/lv\/globala-tiessaistes-pokera-aziotaza\/","name":"Glob\u0101l\u0101 tie\u0161saistes pokera a\u017eiot\u0101\u017ea","isPartOf":{"@id":"https:\/\/megamillionsonline.de\/lv\/#website"},"datePublished":"2025-08-02T09:23:59+00:00","description":"Ide\u0101li piem\u0113rots vietn\u0113m, kas v\u0113las nodot tie\u0161saistes pokera garu un valdzin\u0101jumu.","breadcrumb":{"@id":"https:\/\/megamillionsonline.de\/lv\/globala-tiessaistes-pokera-aziotaza\/#breadcrumb"},"inLanguage":"lv-LV","potentialAction":[{"@type":"ReadAction","target":["https:\/\/megamillionsonline.de\/lv\/globala-tiessaistes-pokera-aziotaza\/"]}]},{"@type":"BreadcrumbList","@id":"https:\/\/megamillionsonline.de\/lv\/globala-tiessaistes-pokera-aziotaza\/#breadcrumb","itemListElement":[{"@type":"ListItem","position":1,"name":"Home","item":"https:\/\/megamillionsonline.de\/lv\/"},{"@type":"ListItem","position":2,"name":"Glob\u0101l\u0101 tie\u0161saistes pokera a\u017eiot\u0101\u017ea"}]},{"@type":"WebSite","@id":"https:\/\/megamillionsonline.de\/lv\/#website","url":"https:\/\/megamillionsonline.de\/lv\/","name":"","description":"","potentialAction":[{"@type":"SearchAction","target":{"@type":"EntryPoint","urlTemplate":"https:\/\/megamillionsonline.de\/lv\/?s={search_term_string}"},"query-input":{"@type":"PropertyValueSpecification","valueRequired":true,"valueName":"search_term_string"}}],"inLanguage":"lv-LV"}]}},"_links":{"self":[{"href":"https:\/\/megamillionsonline.de\/lv\/wp-json\/wp\/v2\/pages\/259","targetHints":{"allow":["GET"]}}],"collection":[{"href":"https:\/\/megamillionsonline.de\/lv\/wp-json\/wp\/v2\/pages"}],"about":[{"href":"https:\/\/megamillionsonline.de\/lv\/wp-json\/wp\/v2\/types\/page"}],"author":[{"embeddable":true,"href":"https:\/\/megamillionsonline.de\/lv\/wp-json\/wp\/v2\/users\/1"}],"replies":[{"embeddable":true,"href":"https:\/\/megamillionsonline.de\/lv\/wp-json\/wp\/v2\/comments?post=259"}],"version-history":[{"count":0,"href":"https:\/\/megamillionsonline.de\/lv\/wp-json\/wp\/v2\/pages\/259\/revisions"}],"wp:attachment":[{"href":"https:\/\/megamillionsonline.de\/lv\/wp-json\/wp\/v2\/media?parent=259"}],"curies":[{"name":"wp","href":"https:\/\/api.w.org\/{rel}","templated":true}]}}