{"id":264,"date":"2025-08-02T09:23:59","date_gmt":"2025-08-02T09:23:59","guid":{"rendered":"https:\/\/megamillionsonline.de\/lhype-globale-del-poker-online\/"},"modified":"2025-08-02T09:23:59","modified_gmt":"2025-08-02T09:23:59","slug":"lhype-globale-del-poker-online","status":"publish","type":"page","link":"https:\/\/megamillionsonline.de\/it\/lhype-globale-del-poker-online\/","title":{"rendered":"L&#8217;hype globale del poker online"},"content":{"rendered":"<h2>L&#8217;hype globale del poker online<\/h2>\n<p>Quando nel 1998 si gioc\u00f2 la prima partita di poker online, era difficile prevedere che la popolarit\u00e0 mondiale del poker online si sarebbe sviluppata cos\u00ec rapidamente.<\/p>\n<p>Certo, ci furono alti e bassi e battute d&#8217;arresto significative durante questo periodo, ma l&#8217;esplosione rimase enorme sotto ogni punto di vista. E, dati i recenti trend negli Stati Uniti, \u00e8 molto probabile che ci sar\u00e0 presto un altro aumento.<\/p>\n<p>La prima partita di poker online con soldi veri fu giocata su Planet Poker tramite Internet Relay Chat alla fine degli anni &#8217;90.<\/p>\n<p>In breve tempo, grazie a sviluppi rivoluzionari, il <a href=\"http:\/\/www.poker-bonuscode.de\" target=\"_blank\">poker online<\/a> ha dettato le tendenze negli Stati Uniti ed \u00e8 diventato una vera e propria forza nel giro di due anni, e questo \u00e8 stato solo l&#8217;inizio.<\/p>\n<p>In questi anni, il concetto di poker online ha vissuto uno degli sviluppi pi\u00f9 rapidi di qualsiasi settore, con i ricavi dei siti web di poker online che sono aumentati da 84 milioni di dollari iniziali a oltre 2 miliardi di dollari.<\/p>\n<p>Questo \u00e8 stato solo in parte merito della vittoria dell&#8217;ormai leggendario nessuno Chris Moneymaker alle World Series of Poker del 2003, che aveva prenotato il suo biglietto tramite PokerStars, uno dei principali siti web di poker online dell&#8217;epoca.<br \/>Purtroppo, Il 2006 \u00e8 stato un anno di grandi sconvolgimenti per il settore del poker online, che ha praticamente bloccato il mercato rialzista, quando il governo e la magistratura americana se ne sono accorti e hanno dichiarato illegale il poker online. interpretato.<\/p>\n<p>Nel 2011, personaggi chiave del panorama del poker online in America furono incriminati e, alla fine, ai cittadini statunitensi non fu pi\u00f9 permesso giocare a poker online.<\/p>\n<p>Per lo stesso motivo, i casin\u00f2 online non sono pi\u00f9 accessibili ai cittadini statunitensi, mentre, stranamente, le scommesse sportive possono ancora essere piazzate online negli Stati Uniti.<\/p>\n<p>D&#8217;altra parte, il poker online ha continuato a prosperare in diversi paesi, poich\u00e9 diversi siti web di poker hanno adattato i loro server e nomi di dominio a localit\u00e0 nell&#8217;UE o altrove.<\/p>\n<p>D&#8217;altra parte, il divieto per i giocatori statunitensi ha frenato l&#8217;entusiasmo globale per il poker online.<br \/>Recentemente, le condizioni hanno iniziato a cambiare di nuovo, poich\u00e9 Nevada e Florida, stati americani isolati, hanno gi\u00e0 adottato ufficialmente gli standard per un sistema nazionale, regolamentato e legale per il poker online.<br \/>Chiunque pensasse che la grande ascesa del poker online fosse finita dovrebbe aprire gli occhi nel 2013.<\/p>\n<p>Molti americani sono stanchi di stare seduti a guardare Il resto del mondo gioca a poker, quindi \u00e8 solo questione di tempo prima che il poker online torni a essere quello di una volta!<\/p>\n","protected":false},"excerpt":{"rendered":"<p>L&#8217;hype globale del poker online Quando nel 1998 si gioc\u00f2 la prima partita di poker online, era difficile prevedere che la popolarit\u00e0 mondiale del poker online si sarebbe sviluppata cos\u00ec rapidamente. Certo, ci furono alti e bassi e battute d&#8217;arresto significative durante questo periodo, ma l&#8217;esplosione rimase enorme sotto ogni punto di vista. E, dati &hellip; <\/p>\n<p class=\"link-more\"><a href=\"https:\/\/megamillionsonline.de\/it\/lhype-globale-del-poker-online\/\" class=\"more-link\">Leggi tutto<span class=\"screen-reader-text\"> &#8220;L&#8217;hype globale del poker online&#8221;<\/span><\/a><\/p>\n","protected":false},"author":1,"featured_media":0,"parent":0,"menu_order":0,"comment_status":"closed","ping_status":"closed","template":"","meta":{"footnotes":""},"class_list":["post-264","page","type-page","status-publish","hentry"],"yoast_head":"<!-- This site is optimized with the Yoast SEO plugin v27.3 - https:\/\/yoast.com\/product\/yoast-seo-wordpress\/ -->\n<title>L&#039;hype globale del poker online<\/title>\n<meta name=\"description\" content=\"Ideale per i siti che vogliono trasmettere lo spirito e il fascino del poker online.\" \/>\n<meta name=\"robots\" content=\"index, follow, max-snippet:-1, max-image-preview:large, max-video-preview:-1\" \/>\n<link rel=\"canonical\" href=\"https:\/\/megamillionsonline.de\/it\/lhype-globale-del-poker-online\/\" \/>\n<meta property=\"og:locale\" content=\"it_IT\" \/>\n<meta property=\"og:type\" content=\"article\" \/>\n<meta property=\"og:title\" content=\"L&#039;hype globale del poker online\" \/>\n<meta property=\"og:description\" content=\"Ideale per i siti che vogliono trasmettere lo spirito e il fascino del poker online.\" \/>\n<meta property=\"og:url\" content=\"https:\/\/megamillionsonline.de\/it\/lhype-globale-del-poker-online\/\" \/>\n<meta name=\"twitter:card\" content=\"summary_large_image\" \/>\n<meta name=\"twitter:label1\" content=\"Tempo di lettura stimato\" \/>\n\t<meta name=\"twitter:data1\" content=\"2 minuti\" \/>\n<script type=\"application\/ld+json\" class=\"yoast-schema-graph\">{\"@context\":\"https:\\\/\\\/schema.org\",\"@graph\":[{\"@type\":\"WebPage\",\"@id\":\"https:\\\/\\\/megamillionsonline.de\\\/it\\\/lhype-globale-del-poker-online\\\/\",\"url\":\"https:\\\/\\\/megamillionsonline.de\\\/it\\\/lhype-globale-del-poker-online\\\/\",\"name\":\"L'hype globale del poker online\",\"isPartOf\":{\"@id\":\"https:\\\/\\\/megamillionsonline.de\\\/it\\\/#website\"},\"datePublished\":\"2025-08-02T09:23:59+00:00\",\"description\":\"Ideale per i siti che vogliono trasmettere lo spirito e il fascino del poker online.\",\"breadcrumb\":{\"@id\":\"https:\\\/\\\/megamillionsonline.de\\\/it\\\/lhype-globale-del-poker-online\\\/#breadcrumb\"},\"inLanguage\":\"it-IT\",\"potentialAction\":[{\"@type\":\"ReadAction\",\"target\":[\"https:\\\/\\\/megamillionsonline.de\\\/it\\\/lhype-globale-del-poker-online\\\/\"]}]},{\"@type\":\"BreadcrumbList\",\"@id\":\"https:\\\/\\\/megamillionsonline.de\\\/it\\\/lhype-globale-del-poker-online\\\/#breadcrumb\",\"itemListElement\":[{\"@type\":\"ListItem\",\"position\":1,\"name\":\"Home\",\"item\":\"https:\\\/\\\/megamillionsonline.de\\\/it\\\/\"},{\"@type\":\"ListItem\",\"position\":2,\"name\":\"L&#8217;hype globale del poker online\"}]},{\"@type\":\"WebSite\",\"@id\":\"https:\\\/\\\/megamillionsonline.de\\\/it\\\/#website\",\"url\":\"https:\\\/\\\/megamillionsonline.de\\\/it\\\/\",\"name\":\"\",\"description\":\"\",\"potentialAction\":[{\"@type\":\"SearchAction\",\"target\":{\"@type\":\"EntryPoint\",\"urlTemplate\":\"https:\\\/\\\/megamillionsonline.de\\\/it\\\/?s={search_term_string}\"},\"query-input\":{\"@type\":\"PropertyValueSpecification\",\"valueRequired\":true,\"valueName\":\"search_term_string\"}}],\"inLanguage\":\"it-IT\"}]}<\/script>\n<!-- \/ Yoast SEO plugin. -->","yoast_head_json":{"title":"L'hype globale del poker online","description":"Ideale per i siti che vogliono trasmettere lo spirito e il fascino del poker online.","robots":{"index":"index","follow":"follow","max-snippet":"max-snippet:-1","max-image-preview":"max-image-preview:large","max-video-preview":"max-video-preview:-1"},"canonical":"https:\/\/megamillionsonline.de\/it\/lhype-globale-del-poker-online\/","og_locale":"it_IT","og_type":"article","og_title":"L'hype globale del poker online","og_description":"Ideale per i siti che vogliono trasmettere lo spirito e il fascino del poker online.","og_url":"https:\/\/megamillionsonline.de\/it\/lhype-globale-del-poker-online\/","twitter_card":"summary_large_image","twitter_misc":{"Tempo di lettura stimato":"2 minuti"},"schema":{"@context":"https:\/\/schema.org","@graph":[{"@type":"WebPage","@id":"https:\/\/megamillionsonline.de\/it\/lhype-globale-del-poker-online\/","url":"https:\/\/megamillionsonline.de\/it\/lhype-globale-del-poker-online\/","name":"L'hype globale del poker online","isPartOf":{"@id":"https:\/\/megamillionsonline.de\/it\/#website"},"datePublished":"2025-08-02T09:23:59+00:00","description":"Ideale per i siti che vogliono trasmettere lo spirito e il fascino del poker online.","breadcrumb":{"@id":"https:\/\/megamillionsonline.de\/it\/lhype-globale-del-poker-online\/#breadcrumb"},"inLanguage":"it-IT","potentialAction":[{"@type":"ReadAction","target":["https:\/\/megamillionsonline.de\/it\/lhype-globale-del-poker-online\/"]}]},{"@type":"BreadcrumbList","@id":"https:\/\/megamillionsonline.de\/it\/lhype-globale-del-poker-online\/#breadcrumb","itemListElement":[{"@type":"ListItem","position":1,"name":"Home","item":"https:\/\/megamillionsonline.de\/it\/"},{"@type":"ListItem","position":2,"name":"L&#8217;hype globale del poker online"}]},{"@type":"WebSite","@id":"https:\/\/megamillionsonline.de\/it\/#website","url":"https:\/\/megamillionsonline.de\/it\/","name":"","description":"","potentialAction":[{"@type":"SearchAction","target":{"@type":"EntryPoint","urlTemplate":"https:\/\/megamillionsonline.de\/it\/?s={search_term_string}"},"query-input":{"@type":"PropertyValueSpecification","valueRequired":true,"valueName":"search_term_string"}}],"inLanguage":"it-IT"}]}},"_links":{"self":[{"href":"https:\/\/megamillionsonline.de\/it\/wp-json\/wp\/v2\/pages\/264","targetHints":{"allow":["GET"]}}],"collection":[{"href":"https:\/\/megamillionsonline.de\/it\/wp-json\/wp\/v2\/pages"}],"about":[{"href":"https:\/\/megamillionsonline.de\/it\/wp-json\/wp\/v2\/types\/page"}],"author":[{"embeddable":true,"href":"https:\/\/megamillionsonline.de\/it\/wp-json\/wp\/v2\/users\/1"}],"replies":[{"embeddable":true,"href":"https:\/\/megamillionsonline.de\/it\/wp-json\/wp\/v2\/comments?post=264"}],"version-history":[{"count":0,"href":"https:\/\/megamillionsonline.de\/it\/wp-json\/wp\/v2\/pages\/264\/revisions"}],"wp:attachment":[{"href":"https:\/\/megamillionsonline.de\/it\/wp-json\/wp\/v2\/media?parent=264"}],"curies":[{"name":"wp","href":"https:\/\/api.w.org\/{rel}","templated":true}]}}