{"id":266,"date":"2025-08-02T09:23:59","date_gmt":"2025-08-02T09:23:59","guid":{"rendered":"https:\/\/megamillionsonline.de\/a-globalis-online-poker-felhajtas\/"},"modified":"2025-08-02T09:23:59","modified_gmt":"2025-08-02T09:23:59","slug":"a-globalis-online-poker-felhajtas","status":"publish","type":"page","link":"https:\/\/megamillionsonline.de\/hu\/a-globalis-online-poker-felhajtas\/","title":{"rendered":"A glob\u00e1lis online p\u00f3ker felhajt\u00e1s"},"content":{"rendered":"<h2>A glob\u00e1lis online p\u00f3kerfelhajt\u00e1s<\/h2>\n<p>Amikor 1998-ban az els\u0151 p\u00f3kerj\u00e1t\u00e9kot online j\u00e1tszott\u00e1k, neh\u00e9z volt megj\u00f3solni, hogy a webes p\u00f3ker vil\u00e1gm\u00e9ret\u0171 n\u00e9pszer\u0171s\u00e9ge ilyen gyorsan fog fejl\u0151dni.<\/p>\n<p>Term\u00e9szetesen voltak hull\u00e1mv\u00f6lgyek \u00e9s jelent\u0151s kudarcok ebben az id\u0151szakban, de a robban\u00e1s minden tekintetben hatalmas maradt. \u00c9s az Egyes\u00fclt \u00c1llamokban tapasztalhat\u00f3 leg\u00fajabb trendek alapj\u00e1n k\u00f6nnyen lehets\u00e9ges, hogy hamarosan \u00fajabb n\u00f6veked\u00e9s v\u00e1rhat\u00f3.<\/p>\n<p>Az els\u0151 val\u00f3di p\u00e9nzes webes p\u00f3kerj\u00e1t\u00e9kot a Planet Pokeren j\u00e1tszott\u00e1k az Internet Relay Chat-en kereszt\u00fcl az 1990-es \u00e9vek v\u00e9g\u00e9n.<\/p>\n<p>R\u00f6vid id\u0151n bel\u00fcl, az \u00fatt\u00f6r\u0151 fejleszt\u00e9seknek k\u00f6sz\u00f6nhet\u0151en, az <a href=\"http:\/\/www.poker-bonuscode.de\" target=\"_blank\">online p\u00f3ker<\/a> trendeket teremtett az Egyes\u00fclt \u00c1llamokban, \u00e9s a k\u00f6vetkez\u0151 k\u00e9t \u00e9vben val\u00f3di er\u0151v\u00e9 v\u00e1lt \u2013 \u00e9s ez csak a kezdet volt.<\/p>\n<p>Ezekben az \u00e9vekben az online p\u00f3ker koncepci\u00f3ja az egyik leggyorsabb fejl\u0151d\u00e9sen ment kereszt\u00fcl az ipar\u00e1gak k\u00f6z\u00fcl, az online p\u00f3ker weboldalak bev\u00e9tele a kezdeti 84 milli\u00f3 doll\u00e1rr\u00f3l t\u00f6bb mint 2 milli\u00e1rd doll\u00e1rra n\u0151tt.<\/p>\n<p>Ez csak r\u00e9szben k\u00f6sz\u00f6nhet\u0151 a m\u00e1ra legend\u00e1s senki, Chris Moneymaker 2003-as World Series of Poker gy\u0151zelm\u00e9nek, miut\u00e1n a jegy\u00e9t a PokerStarson, az akkori egyik vezet\u0151 internetes p\u00f3ker weboldalon kereszt\u00fcl foglalta le.<br \/>Sajnos 2006 a &#8230; \u00e9ve volt. nagy felfordul\u00e1s \u00e9rte a webes p\u00f3keripar\u00e1gat, ami gyakorlatilag le\u00e1ll\u00edtotta a bikapiacot \u2013 amikor az amerikai korm\u00e1ny \u00e9s az igazs\u00e1gszolg\u00e1ltat\u00e1s felfigyelt r\u00e1, \u00e9s illeg\u00e1lisnak nyilv\u00e1n\u00edtotta az online p\u00f3kert. \u00e9rtelmezt\u00e9k.<\/p>\n<p>2011-re az amerikai online p\u00f3kersz\u00ednt\u00e9r kulcsfigur\u00e1it v\u00e1d al\u00e1 helyezt\u00e9k, \u00e9s v\u00e9g\u00fcl az amerikai \u00e1llampolg\u00e1rok m\u00e1r nem j\u00e1tszhattak online p\u00f3kert.<\/p>\n<p>Ugyanezen okb\u00f3l az online kaszin\u00f3k m\u00e1r nem el\u00e9rhet\u0151k az amerikai \u00e1llampolg\u00e1rok sz\u00e1m\u00e1ra, m\u00edg furcsa m\u00f3don sportfogad\u00e1sokat tov\u00e1bbra is lehet online tenni az Egyes\u00fclt \u00c1llamokban.<\/p>\n<p>M\u00e1sr\u00e9szt az internetes p\u00f3ker t\u00f6bb orsz\u00e1gban is vir\u00e1gzott, mivel sz\u00e1mos p\u00f3ker weboldal szervereit \u00e9s domainneveit az EU-ban vagy m\u00e1sutt tal\u00e1lhat\u00f3 helysz\u00ednekhez igaz\u00edtotta.<\/p>\n<p>M\u00e1sr\u00e9szt az amerikai j\u00e1t\u00e9kosokra vonatkoz\u00f3 tilalom megf\u00e9kezte a glob\u00e1lis online p\u00f3kerfelhajt\u00e1st.<br \/>A k\u00f6zelm\u00faltban a k\u00f6r\u00fclm\u00e9nyek ism\u00e9t elkezdtek megv\u00e1ltozni, mivel Nevada \u00e9s Florida, mint elszigetelt amerikai \u00e1llamok, m\u00e1r hivatalosan is elfogadt\u00e1k az online p\u00f3ker orsz\u00e1gos, szab\u00e1lyozott \u00e9s leg\u00e1lis rendszer\u00e9re vonatkoz\u00f3 szabv\u00e1nyokat.<br \/>B\u00e1rki, aki azt hitte, hogy a webes p\u00f3ker nagy felemelked\u00e9se v\u00e9get \u00e9rt, 2013-ban nyissa ki a szem\u00e9t.<\/p>\n<p>Sok amerikai belef\u00e1radt abba, hogy csak \u00fclj\u00f6n \u00e9s n\u00e9zze, ahogy a vil\u00e1g t\u00f6bbi r\u00e9sze p\u00f3kerezik, \u00e9s ez\u00e9rt Csak id\u0151 k\u00e9rd\u00e9se, hogy az internetes p\u00f3ker visszat\u00e9rjen a r\u00e9gi form\u00e1j\u00e1hoz!<\/p>\n","protected":false},"excerpt":{"rendered":"<p>A glob\u00e1lis online p\u00f3kerfelhajt\u00e1s Amikor 1998-ban az els\u0151 p\u00f3kerj\u00e1t\u00e9kot online j\u00e1tszott\u00e1k, neh\u00e9z volt megj\u00f3solni, hogy a webes p\u00f3ker vil\u00e1gm\u00e9ret\u0171 n\u00e9pszer\u0171s\u00e9ge ilyen gyorsan fog fejl\u0151dni. Term\u00e9szetesen voltak hull\u00e1mv\u00f6lgyek \u00e9s jelent\u0151s kudarcok ebben az id\u0151szakban, de a robban\u00e1s minden tekintetben hatalmas maradt. \u00c9s az Egyes\u00fclt \u00c1llamokban tapasztalhat\u00f3 leg\u00fajabb trendek alapj\u00e1n k\u00f6nnyen lehets\u00e9ges, hogy hamarosan \u00fajabb n\u00f6veked\u00e9s v\u00e1rhat\u00f3. &hellip; <\/p>\n<p class=\"link-more\"><a href=\"https:\/\/megamillionsonline.de\/hu\/a-globalis-online-poker-felhajtas\/\" class=\"more-link\">Read more<span class=\"screen-reader-text\"> &#8222;A glob\u00e1lis online p\u00f3ker felhajt\u00e1s&#8221;<\/span><\/a><\/p>\n","protected":false},"author":1,"featured_media":0,"parent":0,"menu_order":0,"comment_status":"closed","ping_status":"closed","template":"","meta":{"footnotes":""},"class_list":["post-266","page","type-page","status-publish","hentry"],"yoast_head":"<!-- This site is optimized with the Yoast SEO plugin v27.4 - https:\/\/yoast.com\/product\/yoast-seo-wordpress\/ -->\n<title>A glob\u00e1lis online p\u00f3ker felhajt\u00e1s<\/title>\n<meta name=\"description\" content=\"Ide\u00e1lis azoknak az oldalaknak, amelyek az online p\u00f3ker szellem\u00e9t \u00e9s var\u00e1zs\u00e1t szeretn\u00e9k k\u00f6zvet\u00edteni.\" \/>\n<meta name=\"robots\" content=\"index, follow, max-snippet:-1, max-image-preview:large, max-video-preview:-1\" \/>\n<link rel=\"canonical\" href=\"https:\/\/megamillionsonline.de\/hu\/a-globalis-online-poker-felhajtas\/\" \/>\n<meta property=\"og:locale\" content=\"hu_HU\" \/>\n<meta property=\"og:type\" content=\"article\" \/>\n<meta property=\"og:title\" content=\"A glob\u00e1lis online p\u00f3ker felhajt\u00e1s\" \/>\n<meta property=\"og:description\" content=\"Ide\u00e1lis azoknak az oldalaknak, amelyek az online p\u00f3ker szellem\u00e9t \u00e9s var\u00e1zs\u00e1t szeretn\u00e9k k\u00f6zvet\u00edteni.\" \/>\n<meta property=\"og:url\" content=\"https:\/\/megamillionsonline.de\/hu\/a-globalis-online-poker-felhajtas\/\" \/>\n<meta name=\"twitter:card\" content=\"summary_large_image\" \/>\n<meta name=\"twitter:label1\" content=\"Becs\u00fclt olvas\u00e1si id\u0151\" \/>\n\t<meta name=\"twitter:data1\" content=\"3 perc\" \/>\n<script type=\"application\/ld+json\" class=\"yoast-schema-graph\">{\"@context\":\"https:\\\/\\\/schema.org\",\"@graph\":[{\"@type\":\"WebPage\",\"@id\":\"https:\\\/\\\/megamillionsonline.de\\\/hu\\\/a-globalis-online-poker-felhajtas\\\/\",\"url\":\"https:\\\/\\\/megamillionsonline.de\\\/hu\\\/a-globalis-online-poker-felhajtas\\\/\",\"name\":\"A glob\u00e1lis online p\u00f3ker felhajt\u00e1s\",\"isPartOf\":{\"@id\":\"https:\\\/\\\/megamillionsonline.de\\\/hu\\\/#website\"},\"datePublished\":\"2025-08-02T09:23:59+00:00\",\"description\":\"Ide\u00e1lis azoknak az oldalaknak, amelyek az online p\u00f3ker szellem\u00e9t \u00e9s var\u00e1zs\u00e1t szeretn\u00e9k k\u00f6zvet\u00edteni.\",\"breadcrumb\":{\"@id\":\"https:\\\/\\\/megamillionsonline.de\\\/hu\\\/a-globalis-online-poker-felhajtas\\\/#breadcrumb\"},\"inLanguage\":\"hu\",\"potentialAction\":[{\"@type\":\"ReadAction\",\"target\":[\"https:\\\/\\\/megamillionsonline.de\\\/hu\\\/a-globalis-online-poker-felhajtas\\\/\"]}]},{\"@type\":\"BreadcrumbList\",\"@id\":\"https:\\\/\\\/megamillionsonline.de\\\/hu\\\/a-globalis-online-poker-felhajtas\\\/#breadcrumb\",\"itemListElement\":[{\"@type\":\"ListItem\",\"position\":1,\"name\":\"Home\",\"item\":\"https:\\\/\\\/megamillionsonline.de\\\/hu\\\/\"},{\"@type\":\"ListItem\",\"position\":2,\"name\":\"A glob\u00e1lis online p\u00f3ker felhajt\u00e1s\"}]},{\"@type\":\"WebSite\",\"@id\":\"https:\\\/\\\/megamillionsonline.de\\\/hu\\\/#website\",\"url\":\"https:\\\/\\\/megamillionsonline.de\\\/hu\\\/\",\"name\":\"\",\"description\":\"\",\"potentialAction\":[{\"@type\":\"SearchAction\",\"target\":{\"@type\":\"EntryPoint\",\"urlTemplate\":\"https:\\\/\\\/megamillionsonline.de\\\/hu\\\/?s={search_term_string}\"},\"query-input\":{\"@type\":\"PropertyValueSpecification\",\"valueRequired\":true,\"valueName\":\"search_term_string\"}}],\"inLanguage\":\"hu\"}]}<\/script>\n<!-- \/ Yoast SEO plugin. -->","yoast_head_json":{"title":"A glob\u00e1lis online p\u00f3ker felhajt\u00e1s","description":"Ide\u00e1lis azoknak az oldalaknak, amelyek az online p\u00f3ker szellem\u00e9t \u00e9s var\u00e1zs\u00e1t szeretn\u00e9k k\u00f6zvet\u00edteni.","robots":{"index":"index","follow":"follow","max-snippet":"max-snippet:-1","max-image-preview":"max-image-preview:large","max-video-preview":"max-video-preview:-1"},"canonical":"https:\/\/megamillionsonline.de\/hu\/a-globalis-online-poker-felhajtas\/","og_locale":"hu_HU","og_type":"article","og_title":"A glob\u00e1lis online p\u00f3ker felhajt\u00e1s","og_description":"Ide\u00e1lis azoknak az oldalaknak, amelyek az online p\u00f3ker szellem\u00e9t \u00e9s var\u00e1zs\u00e1t szeretn\u00e9k k\u00f6zvet\u00edteni.","og_url":"https:\/\/megamillionsonline.de\/hu\/a-globalis-online-poker-felhajtas\/","twitter_card":"summary_large_image","twitter_misc":{"Becs\u00fclt olvas\u00e1si id\u0151":"3 perc"},"schema":{"@context":"https:\/\/schema.org","@graph":[{"@type":"WebPage","@id":"https:\/\/megamillionsonline.de\/hu\/a-globalis-online-poker-felhajtas\/","url":"https:\/\/megamillionsonline.de\/hu\/a-globalis-online-poker-felhajtas\/","name":"A glob\u00e1lis online p\u00f3ker felhajt\u00e1s","isPartOf":{"@id":"https:\/\/megamillionsonline.de\/hu\/#website"},"datePublished":"2025-08-02T09:23:59+00:00","description":"Ide\u00e1lis azoknak az oldalaknak, amelyek az online p\u00f3ker szellem\u00e9t \u00e9s var\u00e1zs\u00e1t szeretn\u00e9k k\u00f6zvet\u00edteni.","breadcrumb":{"@id":"https:\/\/megamillionsonline.de\/hu\/a-globalis-online-poker-felhajtas\/#breadcrumb"},"inLanguage":"hu","potentialAction":[{"@type":"ReadAction","target":["https:\/\/megamillionsonline.de\/hu\/a-globalis-online-poker-felhajtas\/"]}]},{"@type":"BreadcrumbList","@id":"https:\/\/megamillionsonline.de\/hu\/a-globalis-online-poker-felhajtas\/#breadcrumb","itemListElement":[{"@type":"ListItem","position":1,"name":"Home","item":"https:\/\/megamillionsonline.de\/hu\/"},{"@type":"ListItem","position":2,"name":"A glob\u00e1lis online p\u00f3ker felhajt\u00e1s"}]},{"@type":"WebSite","@id":"https:\/\/megamillionsonline.de\/hu\/#website","url":"https:\/\/megamillionsonline.de\/hu\/","name":"","description":"","potentialAction":[{"@type":"SearchAction","target":{"@type":"EntryPoint","urlTemplate":"https:\/\/megamillionsonline.de\/hu\/?s={search_term_string}"},"query-input":{"@type":"PropertyValueSpecification","valueRequired":true,"valueName":"search_term_string"}}],"inLanguage":"hu"}]}},"_links":{"self":[{"href":"https:\/\/megamillionsonline.de\/hu\/wp-json\/wp\/v2\/pages\/266","targetHints":{"allow":["GET"]}}],"collection":[{"href":"https:\/\/megamillionsonline.de\/hu\/wp-json\/wp\/v2\/pages"}],"about":[{"href":"https:\/\/megamillionsonline.de\/hu\/wp-json\/wp\/v2\/types\/page"}],"author":[{"embeddable":true,"href":"https:\/\/megamillionsonline.de\/hu\/wp-json\/wp\/v2\/users\/1"}],"replies":[{"embeddable":true,"href":"https:\/\/megamillionsonline.de\/hu\/wp-json\/wp\/v2\/comments?post=266"}],"version-history":[{"count":0,"href":"https:\/\/megamillionsonline.de\/hu\/wp-json\/wp\/v2\/pages\/266\/revisions"}],"wp:attachment":[{"href":"https:\/\/megamillionsonline.de\/hu\/wp-json\/wp\/v2\/media?parent=266"}],"curies":[{"name":"wp","href":"https:\/\/api.w.org\/{rel}","templated":true}]}}