{"id":250,"date":"2025-08-02T09:23:59","date_gmt":"2025-08-02T09:23:59","guid":{"rendered":"https:\/\/megamillionsonline.de\/globalna-pompa-oko-online-pokera\/"},"modified":"2025-08-02T09:23:59","modified_gmt":"2025-08-02T09:23:59","slug":"globalna-pompa-oko-online-pokera","status":"publish","type":"page","link":"https:\/\/megamillionsonline.de\/hr\/globalna-pompa-oko-online-pokera\/","title":{"rendered":"Globalna pompa oko online pokera"},"content":{"rendered":"<h2>Globalni online poker hype<\/h2>\n<p>Kada se prva poker igra odigrala online 1998. godine, bilo je te\u0161ko predvidjeti da \u0107e se svjetska popularnost web pokera tako brzo razvijati.<\/p>\n<p>Naravno, bilo je uspona i padova i zna\u010dajnih neuspjeha tijekom tog vremena, ali eksplozija je ostala ogromna po svim mjerilima. A s obzirom na nedavne trendove u SAD-u, sasvim je mogu\u0107e da \u0107e uskoro do\u0107i do novog porasta.<\/p>\n<p>Prva web poker igra za pravi novac odigrana je na Planet Pokeru putem Internet Relay Chata krajem 1990-ih.<\/p>\n<p>U kratkom vremenu, zahvaljuju\u0107i revolucionarnim dostignu\u0107ima, <a href=\"http:\/\/www.poker-bonuscode.de\" target=\"_blank\">online poker<\/a> postavio je trendove u SAD-u i postao prava sila u sljede\u0107e dvije godine &#8211; a to je bio samo po\u010detak.<\/p>\n<p>Tijekom tih godina, koncept online pokera do\u017eivio je jedan od najbr\u017eih razvoja bilo koje industrije, s prihodom od web stranica za online poker koji se pove\u0107ao s po\u010detnih 84 milijuna dolara na preko 2 milijarde dolara.<\/p>\n<p>To je samo djelomi\u010dno bilo zahvaljuju\u0107i pobjedi sada ve\u0107 legendarnog nitkova Chrisa Moneymakera na Svjetskoj seriji pokera 2003. godine, nakon \u0161to je rezervirao svoju kartu putem PokerStarsa, jedne od vode\u0107ih web stranica za internet poker tog vremena.<br \/>Na\u017ealost, 2006. bila je godina sjajnih preokret za industriju web pokera, koji je prakti\u010dki zaustavio bikovsko tr\u017ei\u0161te &#8211; kada su ameri\u010dka vlada i pravosu\u0111e to primijetili i proglasili online poker ilegalnim. interpretirano.<\/p>\n<p>Do 2011. godine, klju\u010dne osobe na online poker sceni u Americi bile su optu\u017eene i na kraju ameri\u010dkim gra\u0111anima vi\u0161e nije bilo dopu\u0161teno igrati poker online.<\/p>\n<p>Iz istog razloga, online kockarnice vi\u0161e nisu dostupne ameri\u010dkim gra\u0111anima, dok se, za\u010dudo, sportske oklade i dalje mogu postavljati online u SAD-u.<\/p>\n<p>S druge strane, internetski poker nastavio je cvjetati u nekoliko zemalja, jer je nekoliko poker web stranica prilagodilo svoje servere i nazive domena lokacijama u EU ili drugdje.<\/p>\n<p>S druge strane, zabrana ameri\u010dkim igra\u010dima obuzdala je globalni online poker hype.<br \/>Nedavno su se uvjeti ponovno po\u010deli mijenjati, jer su Nevada i Florida, kao izolirane ameri\u010dke dr\u017eave, ve\u0107 slu\u017ebeno usvojile standarde za nacionalni, regulirani i pravni sustav za online poker.<br \/>Svatko tko je mislio da je veliki uspon web pokera zavr\u0161io trebao bi otvoriti o\u010di 2013. godine.<\/p>\n<p>Mnogi Amerikanci umorni su od sjedenja i gledanja ostatka svijeta kako igra poker i stoga Samo je pitanje vremena kada \u0107e se internetski poker vratiti na ono \u0161to je nekad bio!<\/p>\n","protected":false},"excerpt":{"rendered":"<p>Globalni online poker hype Kada se prva poker igra odigrala online 1998. godine, bilo je te\u0161ko predvidjeti da \u0107e se svjetska popularnost web pokera tako brzo razvijati. Naravno, bilo je uspona i padova i zna\u010dajnih neuspjeha tijekom tog vremena, ali eksplozija je ostala ogromna po svim mjerilima. A s obzirom na nedavne trendove u SAD-u, &hellip; <\/p>\n<p class=\"link-more\"><a href=\"https:\/\/megamillionsonline.de\/hr\/globalna-pompa-oko-online-pokera\/\" class=\"more-link\">Read more<span class=\"screen-reader-text\"> &#8220;Globalna pompa oko online pokera&#8221;<\/span><\/a><\/p>\n","protected":false},"author":1,"featured_media":0,"parent":0,"menu_order":0,"comment_status":"closed","ping_status":"closed","template":"","meta":{"footnotes":""},"class_list":["post-250","page","type-page","status-publish","hentry"],"yoast_head":"<!-- This site is optimized with the Yoast SEO plugin v27.4 - https:\/\/yoast.com\/product\/yoast-seo-wordpress\/ -->\n<title>Globalna pompa oko online pokera<\/title>\n<meta name=\"description\" content=\"Idealno za stranice koje \u017eele prenijeti duh i fascinaciju online pokera.\" \/>\n<meta name=\"robots\" content=\"index, follow, max-snippet:-1, max-image-preview:large, max-video-preview:-1\" \/>\n<link rel=\"canonical\" href=\"https:\/\/megamillionsonline.de\/hr\/globalna-pompa-oko-online-pokera\/\" \/>\n<meta property=\"og:locale\" content=\"hr_HR\" \/>\n<meta property=\"og:type\" content=\"article\" \/>\n<meta property=\"og:title\" content=\"Globalna pompa oko online pokera\" \/>\n<meta property=\"og:description\" content=\"Idealno za stranice koje \u017eele prenijeti duh i fascinaciju online pokera.\" \/>\n<meta property=\"og:url\" content=\"https:\/\/megamillionsonline.de\/hr\/globalna-pompa-oko-online-pokera\/\" \/>\n<meta name=\"twitter:card\" content=\"summary_large_image\" \/>\n<meta name=\"twitter:label1\" content=\"Procijenjeno vrijeme \u010ditanja\" \/>\n\t<meta name=\"twitter:data1\" content=\"2 minute\" \/>\n<script type=\"application\/ld+json\" class=\"yoast-schema-graph\">{\"@context\":\"https:\\\/\\\/schema.org\",\"@graph\":[{\"@type\":\"WebPage\",\"@id\":\"https:\\\/\\\/megamillionsonline.de\\\/hr\\\/globalna-pompa-oko-online-pokera\\\/\",\"url\":\"https:\\\/\\\/megamillionsonline.de\\\/hr\\\/globalna-pompa-oko-online-pokera\\\/\",\"name\":\"Globalna pompa oko online pokera\",\"isPartOf\":{\"@id\":\"https:\\\/\\\/megamillionsonline.de\\\/hr\\\/#website\"},\"datePublished\":\"2025-08-02T09:23:59+00:00\",\"description\":\"Idealno za stranice koje \u017eele prenijeti duh i fascinaciju online pokera.\",\"breadcrumb\":{\"@id\":\"https:\\\/\\\/megamillionsonline.de\\\/hr\\\/globalna-pompa-oko-online-pokera\\\/#breadcrumb\"},\"inLanguage\":\"hr\",\"potentialAction\":[{\"@type\":\"ReadAction\",\"target\":[\"https:\\\/\\\/megamillionsonline.de\\\/hr\\\/globalna-pompa-oko-online-pokera\\\/\"]}]},{\"@type\":\"BreadcrumbList\",\"@id\":\"https:\\\/\\\/megamillionsonline.de\\\/hr\\\/globalna-pompa-oko-online-pokera\\\/#breadcrumb\",\"itemListElement\":[{\"@type\":\"ListItem\",\"position\":1,\"name\":\"Home\",\"item\":\"https:\\\/\\\/megamillionsonline.de\\\/hr\\\/\"},{\"@type\":\"ListItem\",\"position\":2,\"name\":\"Globalna pompa oko online pokera\"}]},{\"@type\":\"WebSite\",\"@id\":\"https:\\\/\\\/megamillionsonline.de\\\/hr\\\/#website\",\"url\":\"https:\\\/\\\/megamillionsonline.de\\\/hr\\\/\",\"name\":\"\",\"description\":\"\",\"potentialAction\":[{\"@type\":\"SearchAction\",\"target\":{\"@type\":\"EntryPoint\",\"urlTemplate\":\"https:\\\/\\\/megamillionsonline.de\\\/hr\\\/?s={search_term_string}\"},\"query-input\":{\"@type\":\"PropertyValueSpecification\",\"valueRequired\":true,\"valueName\":\"search_term_string\"}}],\"inLanguage\":\"hr\"}]}<\/script>\n<!-- \/ Yoast SEO plugin. -->","yoast_head_json":{"title":"Globalna pompa oko online pokera","description":"Idealno za stranice koje \u017eele prenijeti duh i fascinaciju online pokera.","robots":{"index":"index","follow":"follow","max-snippet":"max-snippet:-1","max-image-preview":"max-image-preview:large","max-video-preview":"max-video-preview:-1"},"canonical":"https:\/\/megamillionsonline.de\/hr\/globalna-pompa-oko-online-pokera\/","og_locale":"hr_HR","og_type":"article","og_title":"Globalna pompa oko online pokera","og_description":"Idealno za stranice koje \u017eele prenijeti duh i fascinaciju online pokera.","og_url":"https:\/\/megamillionsonline.de\/hr\/globalna-pompa-oko-online-pokera\/","twitter_card":"summary_large_image","twitter_misc":{"Procijenjeno vrijeme \u010ditanja":"2 minute"},"schema":{"@context":"https:\/\/schema.org","@graph":[{"@type":"WebPage","@id":"https:\/\/megamillionsonline.de\/hr\/globalna-pompa-oko-online-pokera\/","url":"https:\/\/megamillionsonline.de\/hr\/globalna-pompa-oko-online-pokera\/","name":"Globalna pompa oko online pokera","isPartOf":{"@id":"https:\/\/megamillionsonline.de\/hr\/#website"},"datePublished":"2025-08-02T09:23:59+00:00","description":"Idealno za stranice koje \u017eele prenijeti duh i fascinaciju online pokera.","breadcrumb":{"@id":"https:\/\/megamillionsonline.de\/hr\/globalna-pompa-oko-online-pokera\/#breadcrumb"},"inLanguage":"hr","potentialAction":[{"@type":"ReadAction","target":["https:\/\/megamillionsonline.de\/hr\/globalna-pompa-oko-online-pokera\/"]}]},{"@type":"BreadcrumbList","@id":"https:\/\/megamillionsonline.de\/hr\/globalna-pompa-oko-online-pokera\/#breadcrumb","itemListElement":[{"@type":"ListItem","position":1,"name":"Home","item":"https:\/\/megamillionsonline.de\/hr\/"},{"@type":"ListItem","position":2,"name":"Globalna pompa oko online pokera"}]},{"@type":"WebSite","@id":"https:\/\/megamillionsonline.de\/hr\/#website","url":"https:\/\/megamillionsonline.de\/hr\/","name":"","description":"","potentialAction":[{"@type":"SearchAction","target":{"@type":"EntryPoint","urlTemplate":"https:\/\/megamillionsonline.de\/hr\/?s={search_term_string}"},"query-input":{"@type":"PropertyValueSpecification","valueRequired":true,"valueName":"search_term_string"}}],"inLanguage":"hr"}]}},"_links":{"self":[{"href":"https:\/\/megamillionsonline.de\/hr\/wp-json\/wp\/v2\/pages\/250","targetHints":{"allow":["GET"]}}],"collection":[{"href":"https:\/\/megamillionsonline.de\/hr\/wp-json\/wp\/v2\/pages"}],"about":[{"href":"https:\/\/megamillionsonline.de\/hr\/wp-json\/wp\/v2\/types\/page"}],"author":[{"embeddable":true,"href":"https:\/\/megamillionsonline.de\/hr\/wp-json\/wp\/v2\/users\/1"}],"replies":[{"embeddable":true,"href":"https:\/\/megamillionsonline.de\/hr\/wp-json\/wp\/v2\/comments?post=250"}],"version-history":[{"count":0,"href":"https:\/\/megamillionsonline.de\/hr\/wp-json\/wp\/v2\/pages\/250\/revisions"}],"wp:attachment":[{"href":"https:\/\/megamillionsonline.de\/hr\/wp-json\/wp\/v2\/media?parent=250"}],"curies":[{"name":"wp","href":"https:\/\/api.w.org\/{rel}","templated":true}]}}