{"id":271,"date":"2025-08-02T09:23:59","date_gmt":"2025-08-02T09:23:59","guid":{"rendered":"https:\/\/megamillionsonline.de\/le-battage-mediatique-mondial-autour-du-poker-en-ligne\/"},"modified":"2025-08-02T09:23:59","modified_gmt":"2025-08-02T09:23:59","slug":"le-battage-mediatique-mondial-autour-du-poker-en-ligne","status":"publish","type":"page","link":"https:\/\/megamillionsonline.de\/fr\/le-battage-mediatique-mondial-autour-du-poker-en-ligne\/","title":{"rendered":"Le battage m\u00e9diatique mondial autour du poker en ligne"},"content":{"rendered":"<h2>L&rsquo;engouement mondial pour le poker en ligne<\/h2>\n<p>Lorsque le tout premier jeu de poker a \u00e9t\u00e9 jou\u00e9 en ligne en 1998, il \u00e9tait difficile de pr\u00e9dire que la popularit\u00e9 mondiale du poker en ligne se d\u00e9velopperait aussi rapidement.<\/p>\n<p>Bien s\u00fbr, il y a eu des hauts et des bas et des revers importants pendant cette p\u00e9riode, mais l&rsquo;explosion est rest\u00e9e \u00e9norme \u00e0 tous \u00e9gards. Et compte tenu des tendances r\u00e9centes aux \u00c9tats-Unis, il est fort possible qu&rsquo;une nouvelle augmentation soit observ\u00e9e prochainement.<\/p>\n<p>La premi\u00e8re partie de poker en ligne en argent r\u00e9el a \u00e9t\u00e9 jou\u00e9e sur Planet Poker via Internet Relay Chat \u00e0 la fin des ann\u00e9es 1990.<\/p>\n<p>En peu de temps, gr\u00e2ce \u00e0 des d\u00e9veloppements r\u00e9volutionnaires, le <a href=\"http:\/\/www.poker-bonuscode.de\" target=\"_blank\">poker en ligne<\/a> a cr\u00e9\u00e9 la tendance aux \u00c9tats-Unis et est devenu une v\u00e9ritable force en deux ans \u2013 et ce n&rsquo;\u00e9tait qu&rsquo;un d\u00e9but.<\/p>\n<p>Au cours de ces ann\u00e9es, le concept de poker en ligne a connu l&rsquo;un des d\u00e9veloppements les plus rapides de l&rsquo;industrie, le chiffre d&rsquo;affaires des sites de poker en ligne passant de 84 millions de dollars \u00e0 plus de 2 milliards de dollars.<\/p>\n<p>Cela n&rsquo;est d\u00fb qu&rsquo;en partie \u00e0 la victoire de Chris Moneymaker, aujourd&rsquo;hui inconnu, aux World Series of Poker de 2003, qui avait r\u00e9serv\u00e9 son billet sur PokerStars, l&rsquo;un des principaux sites de poker en ligne de l&rsquo;\u00e9poque.<br \/>Malheureusement, 2006 a \u00e9t\u00e9 une ann\u00e9e de grands bouleversements pour l&rsquo;industrie du poker en ligne, qui a pratiquement paralys\u00e9 le march\u00e9 haussier &#8211; lorsque le gouvernement am\u00e9ricain et le pouvoir judiciaire en ont pris note et ont d\u00e9clar\u00e9 le poker en ligne ill\u00e9gal. Interpr\u00e9t\u00e9.<\/p>\n<p>En 2011, des personnalit\u00e9s cl\u00e9s du poker en ligne aux \u00c9tats-Unis ont \u00e9t\u00e9 inculp\u00e9es et, finalement, les citoyens am\u00e9ricains n&rsquo;ont plus \u00e9t\u00e9 autoris\u00e9s \u00e0 jouer au poker en ligne.<\/p>\n<p>Pour la m\u00eame raison, les casinos en ligne ne sont plus accessibles aux citoyens am\u00e9ricains, tandis que, curieusement, les paris sportifs peuvent toujours \u00eatre plac\u00e9s en ligne aux \u00c9tats-Unis.<\/p>\n<p>D&rsquo;autre part, le poker en ligne a continu\u00e9 de prosp\u00e9rer dans plusieurs pays, plusieurs sites de poker ayant adapt\u00e9 leurs serveurs et leurs noms de domaine \u00e0 des emplacements situ\u00e9s dans l&rsquo;UE ou ailleurs.<\/p>\n<p>D&rsquo;autre part, l&rsquo;interdiction des joueurs am\u00e9ricains a frein\u00e9 l&rsquo;engouement mondial pour le poker en ligne.<br \/>R\u00e9cemment, la situation a de nouveau commenc\u00e9 \u00e0 changer, le Nevada et la Floride, deux \u00c9tats am\u00e9ricains isol\u00e9s, ayant d\u00e9j\u00e0 officiellement adopt\u00e9 des normes pour un syst\u00e8me national, r\u00e9glement\u00e9 et l\u00e9gal pour le poker en ligne.<br \/>Ceux qui pensaient que l&rsquo;essor du poker en ligne \u00e9tait termin\u00e9 devraient ouvrir les yeux en 2013.<\/p>\n<p>De nombreux Am\u00e9ricains en ont assez de rester les bras crois\u00e9s \u00e0 regarder le reste du monde. du monde jouent au poker, et ce n&rsquo;est donc qu&rsquo;une question de temps avant que le poker sur Internet ne revienne \u00e0 ce qu&rsquo;il \u00e9tait autrefois\u00a0!<\/p>\n","protected":false},"excerpt":{"rendered":"<p>L&rsquo;engouement mondial pour le poker en ligne Lorsque le tout premier jeu de poker a \u00e9t\u00e9 jou\u00e9 en ligne en 1998, il \u00e9tait difficile de pr\u00e9dire que la popularit\u00e9 mondiale du poker en ligne se d\u00e9velopperait aussi rapidement. Bien s\u00fbr, il y a eu des hauts et des bas et des revers importants pendant cette &hellip; <\/p>\n<p class=\"link-more\"><a href=\"https:\/\/megamillionsonline.de\/fr\/le-battage-mediatique-mondial-autour-du-poker-en-ligne\/\" class=\"more-link\">Lire la suite de<span class=\"screen-reader-text\">\u00ab\u00a0Le battage m\u00e9diatique mondial autour du poker en ligne\u00a0\u00bb<\/span><\/a><\/p>\n","protected":false},"author":1,"featured_media":0,"parent":0,"menu_order":0,"comment_status":"closed","ping_status":"closed","template":"","meta":{"footnotes":""},"class_list":["post-271","page","type-page","status-publish","hentry"],"yoast_head":"<!-- This site is optimized with the Yoast SEO plugin v27.3 - https:\/\/yoast.com\/product\/yoast-seo-wordpress\/ -->\n<title>Le battage m\u00e9diatique mondial autour du poker en ligne<\/title>\n<meta name=\"description\" content=\"Id\u00e9al pour les sites qui souhaitent transmettre l&#039;esprit et la fascination du poker en ligne.\" \/>\n<meta name=\"robots\" content=\"index, follow, max-snippet:-1, max-image-preview:large, max-video-preview:-1\" \/>\n<link rel=\"canonical\" href=\"https:\/\/megamillionsonline.de\/fr\/le-battage-mediatique-mondial-autour-du-poker-en-ligne\/\" \/>\n<meta property=\"og:locale\" content=\"fr_FR\" \/>\n<meta property=\"og:type\" content=\"article\" \/>\n<meta property=\"og:title\" content=\"Le battage m\u00e9diatique mondial autour du poker en ligne\" \/>\n<meta property=\"og:description\" content=\"Id\u00e9al pour les sites qui souhaitent transmettre l&#039;esprit et la fascination du poker en ligne.\" \/>\n<meta property=\"og:url\" content=\"https:\/\/megamillionsonline.de\/fr\/le-battage-mediatique-mondial-autour-du-poker-en-ligne\/\" \/>\n<meta name=\"twitter:card\" content=\"summary_large_image\" \/>\n<meta name=\"twitter:label1\" content=\"Dur\u00e9e de lecture estim\u00e9e\" \/>\n\t<meta name=\"twitter:data1\" content=\"2 minutes\" \/>\n<script type=\"application\/ld+json\" class=\"yoast-schema-graph\">{\"@context\":\"https:\\\/\\\/schema.org\",\"@graph\":[{\"@type\":\"WebPage\",\"@id\":\"https:\\\/\\\/megamillionsonline.de\\\/fr\\\/le-battage-mediatique-mondial-autour-du-poker-en-ligne\\\/\",\"url\":\"https:\\\/\\\/megamillionsonline.de\\\/fr\\\/le-battage-mediatique-mondial-autour-du-poker-en-ligne\\\/\",\"name\":\"Le battage m\u00e9diatique mondial autour du poker en ligne\",\"isPartOf\":{\"@id\":\"https:\\\/\\\/megamillionsonline.de\\\/fr\\\/#website\"},\"datePublished\":\"2025-08-02T09:23:59+00:00\",\"description\":\"Id\u00e9al pour les sites qui souhaitent transmettre l'esprit et la fascination du poker en ligne.\",\"breadcrumb\":{\"@id\":\"https:\\\/\\\/megamillionsonline.de\\\/fr\\\/le-battage-mediatique-mondial-autour-du-poker-en-ligne\\\/#breadcrumb\"},\"inLanguage\":\"fr-FR\",\"potentialAction\":[{\"@type\":\"ReadAction\",\"target\":[\"https:\\\/\\\/megamillionsonline.de\\\/fr\\\/le-battage-mediatique-mondial-autour-du-poker-en-ligne\\\/\"]}]},{\"@type\":\"BreadcrumbList\",\"@id\":\"https:\\\/\\\/megamillionsonline.de\\\/fr\\\/le-battage-mediatique-mondial-autour-du-poker-en-ligne\\\/#breadcrumb\",\"itemListElement\":[{\"@type\":\"ListItem\",\"position\":1,\"name\":\"Home\",\"item\":\"https:\\\/\\\/megamillionsonline.de\\\/fr\\\/\"},{\"@type\":\"ListItem\",\"position\":2,\"name\":\"Le battage m\u00e9diatique mondial autour du poker en ligne\"}]},{\"@type\":\"WebSite\",\"@id\":\"https:\\\/\\\/megamillionsonline.de\\\/fr\\\/#website\",\"url\":\"https:\\\/\\\/megamillionsonline.de\\\/fr\\\/\",\"name\":\"\",\"description\":\"\",\"potentialAction\":[{\"@type\":\"SearchAction\",\"target\":{\"@type\":\"EntryPoint\",\"urlTemplate\":\"https:\\\/\\\/megamillionsonline.de\\\/fr\\\/?s={search_term_string}\"},\"query-input\":{\"@type\":\"PropertyValueSpecification\",\"valueRequired\":true,\"valueName\":\"search_term_string\"}}],\"inLanguage\":\"fr-FR\"}]}<\/script>\n<!-- \/ Yoast SEO plugin. -->","yoast_head_json":{"title":"Le battage m\u00e9diatique mondial autour du poker en ligne","description":"Id\u00e9al pour les sites qui souhaitent transmettre l'esprit et la fascination du poker en ligne.","robots":{"index":"index","follow":"follow","max-snippet":"max-snippet:-1","max-image-preview":"max-image-preview:large","max-video-preview":"max-video-preview:-1"},"canonical":"https:\/\/megamillionsonline.de\/fr\/le-battage-mediatique-mondial-autour-du-poker-en-ligne\/","og_locale":"fr_FR","og_type":"article","og_title":"Le battage m\u00e9diatique mondial autour du poker en ligne","og_description":"Id\u00e9al pour les sites qui souhaitent transmettre l'esprit et la fascination du poker en ligne.","og_url":"https:\/\/megamillionsonline.de\/fr\/le-battage-mediatique-mondial-autour-du-poker-en-ligne\/","twitter_card":"summary_large_image","twitter_misc":{"Dur\u00e9e de lecture estim\u00e9e":"2 minutes"},"schema":{"@context":"https:\/\/schema.org","@graph":[{"@type":"WebPage","@id":"https:\/\/megamillionsonline.de\/fr\/le-battage-mediatique-mondial-autour-du-poker-en-ligne\/","url":"https:\/\/megamillionsonline.de\/fr\/le-battage-mediatique-mondial-autour-du-poker-en-ligne\/","name":"Le battage m\u00e9diatique mondial autour du poker en ligne","isPartOf":{"@id":"https:\/\/megamillionsonline.de\/fr\/#website"},"datePublished":"2025-08-02T09:23:59+00:00","description":"Id\u00e9al pour les sites qui souhaitent transmettre l'esprit et la fascination du poker en ligne.","breadcrumb":{"@id":"https:\/\/megamillionsonline.de\/fr\/le-battage-mediatique-mondial-autour-du-poker-en-ligne\/#breadcrumb"},"inLanguage":"fr-FR","potentialAction":[{"@type":"ReadAction","target":["https:\/\/megamillionsonline.de\/fr\/le-battage-mediatique-mondial-autour-du-poker-en-ligne\/"]}]},{"@type":"BreadcrumbList","@id":"https:\/\/megamillionsonline.de\/fr\/le-battage-mediatique-mondial-autour-du-poker-en-ligne\/#breadcrumb","itemListElement":[{"@type":"ListItem","position":1,"name":"Home","item":"https:\/\/megamillionsonline.de\/fr\/"},{"@type":"ListItem","position":2,"name":"Le battage m\u00e9diatique mondial autour du poker en ligne"}]},{"@type":"WebSite","@id":"https:\/\/megamillionsonline.de\/fr\/#website","url":"https:\/\/megamillionsonline.de\/fr\/","name":"","description":"","potentialAction":[{"@type":"SearchAction","target":{"@type":"EntryPoint","urlTemplate":"https:\/\/megamillionsonline.de\/fr\/?s={search_term_string}"},"query-input":{"@type":"PropertyValueSpecification","valueRequired":true,"valueName":"search_term_string"}}],"inLanguage":"fr-FR"}]}},"_links":{"self":[{"href":"https:\/\/megamillionsonline.de\/fr\/wp-json\/wp\/v2\/pages\/271","targetHints":{"allow":["GET"]}}],"collection":[{"href":"https:\/\/megamillionsonline.de\/fr\/wp-json\/wp\/v2\/pages"}],"about":[{"href":"https:\/\/megamillionsonline.de\/fr\/wp-json\/wp\/v2\/types\/page"}],"author":[{"embeddable":true,"href":"https:\/\/megamillionsonline.de\/fr\/wp-json\/wp\/v2\/users\/1"}],"replies":[{"embeddable":true,"href":"https:\/\/megamillionsonline.de\/fr\/wp-json\/wp\/v2\/comments?post=271"}],"version-history":[{"count":0,"href":"https:\/\/megamillionsonline.de\/fr\/wp-json\/wp\/v2\/pages\/271\/revisions"}],"wp:attachment":[{"href":"https:\/\/megamillionsonline.de\/fr\/wp-json\/wp\/v2\/media?parent=271"}],"curies":[{"name":"wp","href":"https:\/\/api.w.org\/{rel}","templated":true}]}}