{"id":272,"date":"2025-08-02T09:23:59","date_gmt":"2025-08-02T09:23:59","guid":{"rendered":"https:\/\/megamillionsonline.de\/globaali-nettipokerin-hype\/"},"modified":"2025-08-02T09:23:59","modified_gmt":"2025-08-02T09:23:59","slug":"globaali-nettipokerin-hype","status":"publish","type":"page","link":"https:\/\/megamillionsonline.de\/fi\/globaali-nettipokerin-hype\/","title":{"rendered":"Globaali nettipokerin hype"},"content":{"rendered":"<h2>Maailmanlaajuinen nettipokerin hype<\/h2>\n<p>Kun ensimm\u00e4inen pokeripeli pelattiin netiss\u00e4 vuonna 1998, oli vaikea ennustaa, ett\u00e4 nettipokerin maailmanlaajuinen suosio kehittyisi niin nopeasti.<\/p>\n<p>Tietenkin t\u00e4n\u00e4 aikana oli yl\u00e4- ja alam\u00e4ki\u00e4 sek\u00e4 merkitt\u00e4vi\u00e4 takaiskuja, mutta r\u00e4j\u00e4hdys pysyi valtavana mill\u00e4 tahansa mittarilla. Ja ottaen huomioon Yhdysvaltojen viimeaikaiset trendit, on t\u00e4ysin mahdollista, ett\u00e4 kasvua on luvassa pian lis\u00e4\u00e4.<\/p>\n<p>Ensimm\u00e4inen oikean rahan nettipokeripeli pelattiin Planet Pokerilla Internet Relay Chatin kautta 1990-luvun lopulla.<\/p>\n<p>Lyhyess\u00e4 ajassa, uraauurtavien kehitysaskeleiden ansiosta, <a href=\"http:\/\/www.poker-bonuscode.de\" target=\"_blank\">nettipokeri<\/a> loi trendej\u00e4 Yhdysvalloissa ja siit\u00e4 tuli todellinen voima seuraavien kahden vuoden aikana \u2013 ja se oli vasta alkua.<\/p>\n<p>N\u00e4in\u00e4 vuosina nettipokerin konsepti koki yhden nopeimmista kehitysaskeleista miss\u00e4\u00e4n muussa toimialalla, ja nettipokerisivustojen liikevaihto kasvoi alkuper\u00e4isest\u00e4 84 miljoonasta dollarista yli kahteen miljardiin dollariin.<\/p>\n<p>T\u00e4m\u00e4 johtui vain osittain nyt legendaarisen Chris Moneymakerin voitosta vuoden 2003 World Series of Pokerissa, sill\u00e4 h\u00e4n oli varannut lippunsa PokerStarsin kautta, joka oli yksi aikansa johtavista internetpokerisivustoista.<br \/>Valitettavasti vuosi 2006 oli&#8230; suuri mullistus nettipokeriteollisuudessa, joka k\u00e4yt\u00e4nn\u00f6ss\u00e4 pys\u00e4ytti nousumarkkinat \u2013 kun Yhdysvaltain hallitus ja oikeuslaitos huomasivat asian ja julistivat nettipokerin laittomaksi. tulkittu.<\/p>\n<p>Vuoteen 2011 menness\u00e4 amerikkalaisen nettipokerikent\u00e4n avainhenkil\u00f6t asetettiin syytteeseen, ja lopulta Yhdysvaltain kansalaiset eiv\u00e4t en\u00e4\u00e4 saaneet pelata pokeria verkossa.<\/p>\n<p>Samasta syyst\u00e4 nettikasinot eiv\u00e4t ole en\u00e4\u00e4 Yhdysvaltain kansalaisten saatavilla, kun taas omituisesti urheiluvedonly\u00f6nti\u00e4 voi edelleen ly\u00f6d\u00e4 verkossa Yhdysvalloissa.<\/p>\n<p>Toisaalta internetpokeri jatkoi kukoistustaan \u200b\u200buseissa maissa, kun useat pokerisivustot mukauttivat palvelimiaan ja verkkotunnuksiaan EU:n tai muun alueen sijainteihin.<\/p>\n<p>Toisaalta yhdysvaltalaisten pelaajien kielto hillitsi maailmanlaajuista nettipokerihype\u00e4.<br \/>Viime aikoina olosuhteet alkoivat j\u00e4lleen muuttua, kun Nevada ja Florida, eristynein\u00e4 Yhdysvaltojen osavaltioina, ovat jo virallisesti ottaneet k\u00e4ytt\u00f6\u00f6n standardit valtakunnalliselle, s\u00e4\u00e4nnellylle ja lailliselle nettipokerij\u00e4rjestelm\u00e4lle.<br \/>Jokaisen, joka luuli nettipokerin suuren nousun olevan ohi, pit\u00e4isi avata silm\u00e4ns\u00e4 vuonna 2013.<\/p>\n<p>Monet amerikkalaiset ovat kyll\u00e4styneet istumaan ja katsomaan muun maailman pelaavan pokeria, ja siksi On vain ajan kysymys, milloin internetpokeri palaa entiselleen!<\/p>\n","protected":false},"excerpt":{"rendered":"<p>Maailmanlaajuinen nettipokerin hype Kun ensimm\u00e4inen pokeripeli pelattiin netiss\u00e4 vuonna 1998, oli vaikea ennustaa, ett\u00e4 nettipokerin maailmanlaajuinen suosio kehittyisi niin nopeasti. Tietenkin t\u00e4n\u00e4 aikana oli yl\u00e4- ja alam\u00e4ki\u00e4 sek\u00e4 merkitt\u00e4vi\u00e4 takaiskuja, mutta r\u00e4j\u00e4hdys pysyi valtavana mill\u00e4 tahansa mittarilla. Ja ottaen huomioon Yhdysvaltojen viimeaikaiset trendit, on t\u00e4ysin mahdollista, ett\u00e4 kasvua on luvassa pian lis\u00e4\u00e4. Ensimm\u00e4inen oikean rahan &hellip; <\/p>\n<p class=\"link-more\"><a href=\"https:\/\/megamillionsonline.de\/fi\/globaali-nettipokerin-hype\/\" class=\"more-link\">Read more<span class=\"screen-reader-text\"> &#8221;Globaali nettipokerin hype&#8221;<\/span><\/a><\/p>\n","protected":false},"author":1,"featured_media":0,"parent":0,"menu_order":0,"comment_status":"closed","ping_status":"closed","template":"","meta":{"footnotes":""},"class_list":["post-272","page","type-page","status-publish","hentry"],"yoast_head":"<!-- This site is optimized with the Yoast SEO plugin v27.3 - https:\/\/yoast.com\/product\/yoast-seo-wordpress\/ -->\n<title>Globaali nettipokerin hype<\/title>\n<meta name=\"description\" content=\"Ihanteellinen sivustoille, jotka haluavat v\u00e4litt\u00e4\u00e4 nettipokerin henke\u00e4 ja kiehtovuutta.\" \/>\n<meta name=\"robots\" content=\"index, follow, max-snippet:-1, max-image-preview:large, max-video-preview:-1\" \/>\n<link rel=\"canonical\" href=\"https:\/\/megamillionsonline.de\/fi\/globaali-nettipokerin-hype\/\" \/>\n<meta property=\"og:locale\" content=\"fi_FI\" \/>\n<meta property=\"og:type\" content=\"article\" \/>\n<meta property=\"og:title\" content=\"Globaali nettipokerin hype\" \/>\n<meta property=\"og:description\" content=\"Ihanteellinen sivustoille, jotka haluavat v\u00e4litt\u00e4\u00e4 nettipokerin henke\u00e4 ja kiehtovuutta.\" \/>\n<meta property=\"og:url\" content=\"https:\/\/megamillionsonline.de\/fi\/globaali-nettipokerin-hype\/\" \/>\n<meta name=\"twitter:card\" content=\"summary_large_image\" \/>\n<meta name=\"twitter:label1\" content=\"Arvioitu lukuaika\" \/>\n\t<meta name=\"twitter:data1\" content=\"2 minuuttia\" \/>\n<script type=\"application\/ld+json\" class=\"yoast-schema-graph\">{\"@context\":\"https:\\\/\\\/schema.org\",\"@graph\":[{\"@type\":\"WebPage\",\"@id\":\"https:\\\/\\\/megamillionsonline.de\\\/fi\\\/globaali-nettipokerin-hype\\\/\",\"url\":\"https:\\\/\\\/megamillionsonline.de\\\/fi\\\/globaali-nettipokerin-hype\\\/\",\"name\":\"Globaali nettipokerin hype\",\"isPartOf\":{\"@id\":\"https:\\\/\\\/megamillionsonline.de\\\/fi\\\/#website\"},\"datePublished\":\"2025-08-02T09:23:59+00:00\",\"description\":\"Ihanteellinen sivustoille, jotka haluavat v\u00e4litt\u00e4\u00e4 nettipokerin henke\u00e4 ja kiehtovuutta.\",\"breadcrumb\":{\"@id\":\"https:\\\/\\\/megamillionsonline.de\\\/fi\\\/globaali-nettipokerin-hype\\\/#breadcrumb\"},\"inLanguage\":\"fi\",\"potentialAction\":[{\"@type\":\"ReadAction\",\"target\":[\"https:\\\/\\\/megamillionsonline.de\\\/fi\\\/globaali-nettipokerin-hype\\\/\"]}]},{\"@type\":\"BreadcrumbList\",\"@id\":\"https:\\\/\\\/megamillionsonline.de\\\/fi\\\/globaali-nettipokerin-hype\\\/#breadcrumb\",\"itemListElement\":[{\"@type\":\"ListItem\",\"position\":1,\"name\":\"Home\",\"item\":\"https:\\\/\\\/megamillionsonline.de\\\/fi\\\/\"},{\"@type\":\"ListItem\",\"position\":2,\"name\":\"Globaali nettipokerin hype\"}]},{\"@type\":\"WebSite\",\"@id\":\"https:\\\/\\\/megamillionsonline.de\\\/fi\\\/#website\",\"url\":\"https:\\\/\\\/megamillionsonline.de\\\/fi\\\/\",\"name\":\"\",\"description\":\"\",\"potentialAction\":[{\"@type\":\"SearchAction\",\"target\":{\"@type\":\"EntryPoint\",\"urlTemplate\":\"https:\\\/\\\/megamillionsonline.de\\\/fi\\\/?s={search_term_string}\"},\"query-input\":{\"@type\":\"PropertyValueSpecification\",\"valueRequired\":true,\"valueName\":\"search_term_string\"}}],\"inLanguage\":\"fi\"}]}<\/script>\n<!-- \/ Yoast SEO plugin. -->","yoast_head_json":{"title":"Globaali nettipokerin hype","description":"Ihanteellinen sivustoille, jotka haluavat v\u00e4litt\u00e4\u00e4 nettipokerin henke\u00e4 ja kiehtovuutta.","robots":{"index":"index","follow":"follow","max-snippet":"max-snippet:-1","max-image-preview":"max-image-preview:large","max-video-preview":"max-video-preview:-1"},"canonical":"https:\/\/megamillionsonline.de\/fi\/globaali-nettipokerin-hype\/","og_locale":"fi_FI","og_type":"article","og_title":"Globaali nettipokerin hype","og_description":"Ihanteellinen sivustoille, jotka haluavat v\u00e4litt\u00e4\u00e4 nettipokerin henke\u00e4 ja kiehtovuutta.","og_url":"https:\/\/megamillionsonline.de\/fi\/globaali-nettipokerin-hype\/","twitter_card":"summary_large_image","twitter_misc":{"Arvioitu lukuaika":"2 minuuttia"},"schema":{"@context":"https:\/\/schema.org","@graph":[{"@type":"WebPage","@id":"https:\/\/megamillionsonline.de\/fi\/globaali-nettipokerin-hype\/","url":"https:\/\/megamillionsonline.de\/fi\/globaali-nettipokerin-hype\/","name":"Globaali nettipokerin hype","isPartOf":{"@id":"https:\/\/megamillionsonline.de\/fi\/#website"},"datePublished":"2025-08-02T09:23:59+00:00","description":"Ihanteellinen sivustoille, jotka haluavat v\u00e4litt\u00e4\u00e4 nettipokerin henke\u00e4 ja kiehtovuutta.","breadcrumb":{"@id":"https:\/\/megamillionsonline.de\/fi\/globaali-nettipokerin-hype\/#breadcrumb"},"inLanguage":"fi","potentialAction":[{"@type":"ReadAction","target":["https:\/\/megamillionsonline.de\/fi\/globaali-nettipokerin-hype\/"]}]},{"@type":"BreadcrumbList","@id":"https:\/\/megamillionsonline.de\/fi\/globaali-nettipokerin-hype\/#breadcrumb","itemListElement":[{"@type":"ListItem","position":1,"name":"Home","item":"https:\/\/megamillionsonline.de\/fi\/"},{"@type":"ListItem","position":2,"name":"Globaali nettipokerin hype"}]},{"@type":"WebSite","@id":"https:\/\/megamillionsonline.de\/fi\/#website","url":"https:\/\/megamillionsonline.de\/fi\/","name":"","description":"","potentialAction":[{"@type":"SearchAction","target":{"@type":"EntryPoint","urlTemplate":"https:\/\/megamillionsonline.de\/fi\/?s={search_term_string}"},"query-input":{"@type":"PropertyValueSpecification","valueRequired":true,"valueName":"search_term_string"}}],"inLanguage":"fi"}]}},"_links":{"self":[{"href":"https:\/\/megamillionsonline.de\/fi\/wp-json\/wp\/v2\/pages\/272","targetHints":{"allow":["GET"]}}],"collection":[{"href":"https:\/\/megamillionsonline.de\/fi\/wp-json\/wp\/v2\/pages"}],"about":[{"href":"https:\/\/megamillionsonline.de\/fi\/wp-json\/wp\/v2\/types\/page"}],"author":[{"embeddable":true,"href":"https:\/\/megamillionsonline.de\/fi\/wp-json\/wp\/v2\/users\/1"}],"replies":[{"embeddable":true,"href":"https:\/\/megamillionsonline.de\/fi\/wp-json\/wp\/v2\/comments?post=272"}],"version-history":[{"count":0,"href":"https:\/\/megamillionsonline.de\/fi\/wp-json\/wp\/v2\/pages\/272\/revisions"}],"wp:attachment":[{"href":"https:\/\/megamillionsonline.de\/fi\/wp-json\/wp\/v2\/media?parent=272"}],"curies":[{"name":"wp","href":"https:\/\/api.w.org\/{rel}","templated":true}]}}