{"id":274,"date":"2025-08-02T09:23:59","date_gmt":"2025-08-02T09:23:59","guid":{"rendered":"https:\/\/megamillionsonline.de\/globaalne-online-pokkeri-huepe\/"},"modified":"2025-08-02T09:23:59","modified_gmt":"2025-08-02T09:23:59","slug":"globaalne-online-pokkeri-huepe","status":"publish","type":"page","link":"https:\/\/megamillionsonline.de\/et\/globaalne-online-pokkeri-huepe\/","title":{"rendered":"Globaalne online-pokkeri h\u00fcpe"},"content":{"rendered":"<h2>Online-pokkeri \u00fcmber valitsev \u00fclemaailmne elevus<\/h2>\n<p>Kui 1998. aastal m\u00e4ngiti esimest pokkerim\u00e4ngu internetis, oli raske ennustada, et veebipokkeri populaarsus kogu maailmas nii kiiresti kasvab.<\/p>\n<p>Muidugi on selle aja jooksul olnud t\u00f5use ja m\u00f5\u00f5nasid ning olulisi tagasil\u00f6\u00f6ke, kuid plahvatus on igal juhul tohutu. Ja arvestades hiljutisi trende USA-s, on t\u00e4iesti v\u00f5imalik, et peagi on tulemas j\u00e4rjekordne t\u00f5us.<\/p>\n<p>Esimest p\u00e4risrahaga veebipokkerim\u00e4ngu m\u00e4ngiti Planet Pokeris internetirelee vestluse kaudu 1990. aastate l\u00f5pus.<\/p>\n<p>L\u00fchikese ajaga, t\u00e4nu revolutsioonilistele arengutele, seadis <a href=\"http:\/\/www.poker-bonuscode.de\" target=\"_blank\">online-pokker<\/a> USA-s trendi ja sai j\u00e4rgmise kahe aasta jooksul t\u00f5eliseks j\u00f5uks \u2013 ja see oli alles algus.<\/p>\n<p>Nende aastate jooksul on online-pokkeri kontseptsioon kogenud \u00fcht kiireimat kasvu k\u00f5igist t\u00f6\u00f6stusharudest, kusjuures online-pokkeri veebisaitide tulud on kasvanud esialgsest 84 miljonist dollarist \u00fcle 2 miljardi dollari.<\/p>\n<p>See oli vaid osaliselt tingitud n\u00fc\u00fcdseks legendaarse eikeegi Chris Moneymakeri v\u00f5idule 2003. aasta World Series of Pokeril p\u00e4rast pileti broneerimist PokerStarsi kaudu, mis oli tolle aja \u00fcks juhtivaid internetipokkeri veebisaite.<br \/>Kahjuks oli 2006. aasta&#8230; suur segadus veebipokkeri t\u00f6\u00f6stuses, mis praktiliselt seisatas kasvava turu \u2013 kui USA valitsus ja kohtus\u00fcsteem seda m\u00e4rkasid ning kuulutasid veebipokkeri ebaseaduslikuks. t\u00f5lgendatud.<\/p>\n<p>2011. aastaks esitati Ameerika online-pokkerimaastiku v\u00f5tmeisikutele s\u00fc\u00fcdistus ja l\u00f5puks ei lubatud Ameerika kodanikel enam online-pokkerit m\u00e4ngida.<\/p>\n<p>Samal p\u00f5hjusel ei ole online-kasiinod enam Ameerika kodanikele k\u00e4ttesaadavad, samas kui kummalisel kombel saab USA-s endiselt online-panuseid teha.<\/p>\n<p>Teisest k\u00fcljest on internetipokker mitmes riigis j\u00e4tkuvalt \u00f5itsenud, kuna mitmed pokkerisaidid on oma servereid ja domeeninimesid kohandanud vastavalt EL-i v\u00f5i mujale.<\/p>\n<p>Teisest k\u00fcljest on Ameerika m\u00e4ngijate keeld ohjeldanud \u00fclemaailmset online-pokkeri h\u00fcpet.<br \/>Hiljuti on tingimused hakanud taas muutuma, kuna Nevada ja Florida on isoleeritud Ameerika osariikidena juba ametlikult vastu v\u00f5tnud online-pokkeri riikliku, reguleeritud ja seadusliku s\u00fcsteemi standardid.<br \/>K\u00f5ik, kes arvasid, et veebipokkeri suur t\u00f5us on l\u00e4bi, peaksid 2013. aastal silmad avama.<\/p>\n<p>Paljud ameeriklased on v\u00e4sinud sellest, et istuvad ja vaatavad, kuidas \u00fclej\u00e4\u00e4nud maailm pokkerit m\u00e4ngib, ja seet\u00f5ttu on vaid aja k\u00fcsimus, millal internetipokker naaseb endiseks!<\/p>\n","protected":false},"excerpt":{"rendered":"<p>Online-pokkeri \u00fcmber valitsev \u00fclemaailmne elevus Kui 1998. aastal m\u00e4ngiti esimest pokkerim\u00e4ngu internetis, oli raske ennustada, et veebipokkeri populaarsus kogu maailmas nii kiiresti kasvab. Muidugi on selle aja jooksul olnud t\u00f5use ja m\u00f5\u00f5nasid ning olulisi tagasil\u00f6\u00f6ke, kuid plahvatus on igal juhul tohutu. Ja arvestades hiljutisi trende USA-s, on t\u00e4iesti v\u00f5imalik, et peagi on tulemas j\u00e4rjekordne t\u00f5us. &hellip; <\/p>\n<p class=\"link-more\"><a href=\"https:\/\/megamillionsonline.de\/et\/globaalne-online-pokkeri-huepe\/\" class=\"more-link\">Read more<span class=\"screen-reader-text\"> &#8220;Globaalne online-pokkeri h\u00fcpe&#8221;<\/span><\/a><\/p>\n","protected":false},"author":1,"featured_media":0,"parent":0,"menu_order":0,"comment_status":"closed","ping_status":"closed","template":"","meta":{"footnotes":""},"class_list":["post-274","page","type-page","status-publish","hentry"],"yoast_head":"<!-- This site is optimized with the Yoast SEO plugin v27.3 - https:\/\/yoast.com\/product\/yoast-seo-wordpress\/ -->\n<title>Globaalne online-pokkeri h\u00fcpe<\/title>\n<meta name=\"description\" content=\"Ideaalne saitidele, mis soovivad edasi anda online-pokkeri vaimu ja v\u00f5lu.\" \/>\n<meta name=\"robots\" content=\"index, follow, max-snippet:-1, max-image-preview:large, max-video-preview:-1\" \/>\n<link rel=\"canonical\" href=\"https:\/\/megamillionsonline.de\/et\/globaalne-online-pokkeri-huepe\/\" \/>\n<meta property=\"og:locale\" content=\"et_EE\" \/>\n<meta property=\"og:type\" content=\"article\" \/>\n<meta property=\"og:title\" content=\"Globaalne online-pokkeri h\u00fcpe\" \/>\n<meta property=\"og:description\" content=\"Ideaalne saitidele, mis soovivad edasi anda online-pokkeri vaimu ja v\u00f5lu.\" \/>\n<meta property=\"og:url\" content=\"https:\/\/megamillionsonline.de\/et\/globaalne-online-pokkeri-huepe\/\" \/>\n<meta name=\"twitter:card\" content=\"summary_large_image\" \/>\n<meta name=\"twitter:label1\" content=\"Est. reading time\" \/>\n\t<meta name=\"twitter:data1\" content=\"2 minutit\" \/>\n<script type=\"application\/ld+json\" class=\"yoast-schema-graph\">{\"@context\":\"https:\\\/\\\/schema.org\",\"@graph\":[{\"@type\":\"WebPage\",\"@id\":\"https:\\\/\\\/megamillionsonline.de\\\/et\\\/globaalne-online-pokkeri-huepe\\\/\",\"url\":\"https:\\\/\\\/megamillionsonline.de\\\/et\\\/globaalne-online-pokkeri-huepe\\\/\",\"name\":\"Globaalne online-pokkeri h\u00fcpe\",\"isPartOf\":{\"@id\":\"https:\\\/\\\/megamillionsonline.de\\\/et\\\/#website\"},\"datePublished\":\"2025-08-02T09:23:59+00:00\",\"description\":\"Ideaalne saitidele, mis soovivad edasi anda online-pokkeri vaimu ja v\u00f5lu.\",\"breadcrumb\":{\"@id\":\"https:\\\/\\\/megamillionsonline.de\\\/et\\\/globaalne-online-pokkeri-huepe\\\/#breadcrumb\"},\"inLanguage\":\"et\",\"potentialAction\":[{\"@type\":\"ReadAction\",\"target\":[\"https:\\\/\\\/megamillionsonline.de\\\/et\\\/globaalne-online-pokkeri-huepe\\\/\"]}]},{\"@type\":\"BreadcrumbList\",\"@id\":\"https:\\\/\\\/megamillionsonline.de\\\/et\\\/globaalne-online-pokkeri-huepe\\\/#breadcrumb\",\"itemListElement\":[{\"@type\":\"ListItem\",\"position\":1,\"name\":\"Home\",\"item\":\"https:\\\/\\\/megamillionsonline.de\\\/et\\\/\"},{\"@type\":\"ListItem\",\"position\":2,\"name\":\"Globaalne online-pokkeri h\u00fcpe\"}]},{\"@type\":\"WebSite\",\"@id\":\"https:\\\/\\\/megamillionsonline.de\\\/et\\\/#website\",\"url\":\"https:\\\/\\\/megamillionsonline.de\\\/et\\\/\",\"name\":\"\",\"description\":\"\",\"potentialAction\":[{\"@type\":\"SearchAction\",\"target\":{\"@type\":\"EntryPoint\",\"urlTemplate\":\"https:\\\/\\\/megamillionsonline.de\\\/et\\\/?s={search_term_string}\"},\"query-input\":{\"@type\":\"PropertyValueSpecification\",\"valueRequired\":true,\"valueName\":\"search_term_string\"}}],\"inLanguage\":\"et\"}]}<\/script>\n<!-- \/ Yoast SEO plugin. -->","yoast_head_json":{"title":"Globaalne online-pokkeri h\u00fcpe","description":"Ideaalne saitidele, mis soovivad edasi anda online-pokkeri vaimu ja v\u00f5lu.","robots":{"index":"index","follow":"follow","max-snippet":"max-snippet:-1","max-image-preview":"max-image-preview:large","max-video-preview":"max-video-preview:-1"},"canonical":"https:\/\/megamillionsonline.de\/et\/globaalne-online-pokkeri-huepe\/","og_locale":"et_EE","og_type":"article","og_title":"Globaalne online-pokkeri h\u00fcpe","og_description":"Ideaalne saitidele, mis soovivad edasi anda online-pokkeri vaimu ja v\u00f5lu.","og_url":"https:\/\/megamillionsonline.de\/et\/globaalne-online-pokkeri-huepe\/","twitter_card":"summary_large_image","twitter_misc":{"Est. reading time":"2 minutit"},"schema":{"@context":"https:\/\/schema.org","@graph":[{"@type":"WebPage","@id":"https:\/\/megamillionsonline.de\/et\/globaalne-online-pokkeri-huepe\/","url":"https:\/\/megamillionsonline.de\/et\/globaalne-online-pokkeri-huepe\/","name":"Globaalne online-pokkeri h\u00fcpe","isPartOf":{"@id":"https:\/\/megamillionsonline.de\/et\/#website"},"datePublished":"2025-08-02T09:23:59+00:00","description":"Ideaalne saitidele, mis soovivad edasi anda online-pokkeri vaimu ja v\u00f5lu.","breadcrumb":{"@id":"https:\/\/megamillionsonline.de\/et\/globaalne-online-pokkeri-huepe\/#breadcrumb"},"inLanguage":"et","potentialAction":[{"@type":"ReadAction","target":["https:\/\/megamillionsonline.de\/et\/globaalne-online-pokkeri-huepe\/"]}]},{"@type":"BreadcrumbList","@id":"https:\/\/megamillionsonline.de\/et\/globaalne-online-pokkeri-huepe\/#breadcrumb","itemListElement":[{"@type":"ListItem","position":1,"name":"Home","item":"https:\/\/megamillionsonline.de\/et\/"},{"@type":"ListItem","position":2,"name":"Globaalne online-pokkeri h\u00fcpe"}]},{"@type":"WebSite","@id":"https:\/\/megamillionsonline.de\/et\/#website","url":"https:\/\/megamillionsonline.de\/et\/","name":"","description":"","potentialAction":[{"@type":"SearchAction","target":{"@type":"EntryPoint","urlTemplate":"https:\/\/megamillionsonline.de\/et\/?s={search_term_string}"},"query-input":{"@type":"PropertyValueSpecification","valueRequired":true,"valueName":"search_term_string"}}],"inLanguage":"et"}]}},"_links":{"self":[{"href":"https:\/\/megamillionsonline.de\/et\/wp-json\/wp\/v2\/pages\/274","targetHints":{"allow":["GET"]}}],"collection":[{"href":"https:\/\/megamillionsonline.de\/et\/wp-json\/wp\/v2\/pages"}],"about":[{"href":"https:\/\/megamillionsonline.de\/et\/wp-json\/wp\/v2\/types\/page"}],"author":[{"embeddable":true,"href":"https:\/\/megamillionsonline.de\/et\/wp-json\/wp\/v2\/users\/1"}],"replies":[{"embeddable":true,"href":"https:\/\/megamillionsonline.de\/et\/wp-json\/wp\/v2\/comments?post=274"}],"version-history":[{"count":0,"href":"https:\/\/megamillionsonline.de\/et\/wp-json\/wp\/v2\/pages\/274\/revisions"}],"wp:attachment":[{"href":"https:\/\/megamillionsonline.de\/et\/wp-json\/wp\/v2\/media?parent=274"}],"curies":[{"name":"wp","href":"https:\/\/api.w.org\/{rel}","templated":true}]}}