{"id":267,"date":"2025-08-02T09:23:59","date_gmt":"2025-08-02T09:23:59","guid":{"rendered":"https:\/\/megamillionsonline.de\/el-furor-mundial-del-poker-en-linea\/"},"modified":"2025-08-02T09:23:59","modified_gmt":"2025-08-02T09:23:59","slug":"el-furor-mundial-del-poker-en-linea","status":"publish","type":"page","link":"https:\/\/megamillionsonline.de\/es\/el-furor-mundial-del-poker-en-linea\/","title":{"rendered":"El furor mundial del p\u00f3ker en l\u00ednea"},"content":{"rendered":"<p>El auge mundial del p\u00f3ker en l\u00ednea<\/p>\n<p>Cuando se jug\u00f3 el primer juego de p\u00f3ker en l\u00ednea en 1998, era dif\u00edcil predecir que la popularidad mundial del p\u00f3ker web crecer\u00eda tan r\u00e1pidamente.<\/p>\n<p>Por supuesto, hubo altibajos y reveses significativos durante este per\u00edodo, pero el auge sigui\u00f3 siendo enorme desde cualquier punto de vista. Y dadas las tendencias recientes en EE. UU., es muy posible que pronto haya otro aumento.<\/p>\n<p>El primer juego de p\u00f3ker web con dinero real se jug\u00f3 en Planet Poker a trav\u00e9s de Internet Relay Chat a finales de la d\u00e9cada de 1990.<\/p>\n<p>En poco tiempo, gracias a avances innovadores, el <a href=\"http:\/\/www.poker-bonuscode.de\" target=\"_blank\">p\u00f3ker en l\u00ednea<\/a> marc\u00f3 tendencia en EE. UU. y se convirti\u00f3 en una verdadera fuerza en los dos a\u00f1os siguientes, y eso fue solo el comienzo.<\/p>\n<p>Durante estos a\u00f1os, el concepto de p\u00f3ker en l\u00ednea experiment\u00f3 uno de los desarrollos m\u00e1s r\u00e1pidos de cualquier industria, con los ingresos de los sitios web de p\u00f3ker en l\u00ednea aumentando de $84 millones iniciales a m\u00e1s de $2 mil millones.<\/p>\n<p>Esto se debi\u00f3 solo en parte a la victoria del ahora legendario don nadie Chris Moneymaker en las Series Mundiales de P\u00f3ker de 2003, tras haber reservado su boleto a trav\u00e9s de PokerStars, uno de los sitios web de p\u00f3ker en l\u00ednea l\u00edderes de la \u00e9poca.<br Desafortunadamente, 2006 fue un a\u00f1o de gran agitaci\u00f3n para la industria del p\u00f3quer en l\u00ednea, que pr\u00e1cticamente paraliz\u00f3 el mercado alcista, cuando el gobierno estadounidense y el poder judicial tomaron nota y declararon ilegal el p\u00f3quer en l\u00ednea. Interpretado.<\/p>\n<p>Para 2011, figuras clave de la escena del p\u00f3ker en l\u00ednea en Estados Unidos fueron acusadas y, finalmente, a los ciudadanos estadounidenses ya no se les permiti\u00f3 jugar al p\u00f3ker en l\u00ednea.<\/p>\n<p>Por la misma raz\u00f3n, los casinos en l\u00ednea ya no son accesibles para los ciudadanos estadounidenses, mientras que, curiosamente, las apuestas deportivas a\u00fan se pueden realizar en l\u00ednea en EE. UU.<\/p>\n<p>Por otro lado, el p\u00f3ker en l\u00ednea continu\u00f3 floreciendo en varios pa\u00edses, ya que varios sitios web de p\u00f3ker adaptaron sus servidores y nombres de dominio a ubicaciones en la UE o en otros lugares.<\/p>\n<p>Por otro lado, la prohibici\u00f3n a los jugadores estadounidenses fren\u00f3 el entusiasmo mundial por el p\u00f3ker en l\u00ednea.<br \/>Recientemente, las condiciones comenzaron a cambiar de nuevo, ya que Nevada y Florida, como estados aislados de EE. UU., ya han adoptado oficialmente est\u00e1ndares para un sistema nacional, regulado y legal para el p\u00f3ker en l\u00ednea.<br \/>Cualquiera que pensara que el gran auge del p\u00f3ker en l\u00ednea hab\u00eda terminado deber\u00eda abrir los ojos en 2013.<\/p>\n<p>Muchos estadounidenses est\u00e1n cansados \u200b\u200bde sentarse y ver el resto de El p\u00f3quer en l\u00ednea se juega en todo el mundo, por lo que es solo cuesti\u00f3n de tiempo antes de que vuelva a ser lo que era.<\/p>\n","protected":false},"excerpt":{"rendered":"<p>El auge mundial del p\u00f3ker en l\u00ednea Cuando se jug\u00f3 el primer juego de p\u00f3ker en l\u00ednea en 1998, era dif\u00edcil predecir que la popularidad mundial del p\u00f3ker web crecer\u00eda tan r\u00e1pidamente. Por supuesto, hubo altibajos y reveses significativos durante este per\u00edodo, pero el auge sigui\u00f3 siendo enorme desde cualquier punto de vista. Y dadas &hellip; <\/p>\n<p class=\"link-more\"><a href=\"https:\/\/megamillionsonline.de\/es\/el-furor-mundial-del-poker-en-linea\/\" class=\"more-link\">Leer m\u00e1s<span class=\"screen-reader-text\"> \u00abEl furor mundial del p\u00f3ker en l\u00ednea\u00bb<\/span><\/a><\/p>\n","protected":false},"author":1,"featured_media":0,"parent":0,"menu_order":0,"comment_status":"closed","ping_status":"closed","template":"","meta":{"footnotes":""},"class_list":["post-267","page","type-page","status-publish","hentry"],"yoast_head":"<!-- This site is optimized with the Yoast SEO plugin v27.4 - https:\/\/yoast.com\/product\/yoast-seo-wordpress\/ -->\n<title>El furor mundial del p\u00f3ker en l\u00ednea<\/title>\n<meta name=\"description\" content=\"Ideal para sitios que desean transmitir el esp\u00edritu y la fascinaci\u00f3n del poker en l\u00ednea.\" \/>\n<meta name=\"robots\" content=\"index, follow, max-snippet:-1, max-image-preview:large, max-video-preview:-1\" \/>\n<link rel=\"canonical\" href=\"https:\/\/megamillionsonline.de\/es\/el-furor-mundial-del-poker-en-linea\/\" \/>\n<meta property=\"og:locale\" content=\"es_ES\" \/>\n<meta property=\"og:type\" content=\"article\" \/>\n<meta property=\"og:title\" content=\"El furor mundial del p\u00f3ker en l\u00ednea\" \/>\n<meta property=\"og:description\" content=\"Ideal para sitios que desean transmitir el esp\u00edritu y la fascinaci\u00f3n del poker en l\u00ednea.\" \/>\n<meta property=\"og:url\" content=\"https:\/\/megamillionsonline.de\/es\/el-furor-mundial-del-poker-en-linea\/\" \/>\n<meta name=\"twitter:card\" content=\"summary_large_image\" \/>\n<meta name=\"twitter:label1\" content=\"Tiempo de lectura\" \/>\n\t<meta name=\"twitter:data1\" content=\"1 minuto\" \/>\n<script type=\"application\/ld+json\" class=\"yoast-schema-graph\">{\"@context\":\"https:\\\/\\\/schema.org\",\"@graph\":[{\"@type\":\"WebPage\",\"@id\":\"https:\\\/\\\/megamillionsonline.de\\\/es\\\/el-furor-mundial-del-poker-en-linea\\\/\",\"url\":\"https:\\\/\\\/megamillionsonline.de\\\/es\\\/el-furor-mundial-del-poker-en-linea\\\/\",\"name\":\"El furor mundial del p\u00f3ker en l\u00ednea\",\"isPartOf\":{\"@id\":\"https:\\\/\\\/megamillionsonline.de\\\/es\\\/#website\"},\"datePublished\":\"2025-08-02T09:23:59+00:00\",\"description\":\"Ideal para sitios que desean transmitir el esp\u00edritu y la fascinaci\u00f3n del poker en l\u00ednea.\",\"breadcrumb\":{\"@id\":\"https:\\\/\\\/megamillionsonline.de\\\/es\\\/el-furor-mundial-del-poker-en-linea\\\/#breadcrumb\"},\"inLanguage\":\"es\",\"potentialAction\":[{\"@type\":\"ReadAction\",\"target\":[\"https:\\\/\\\/megamillionsonline.de\\\/es\\\/el-furor-mundial-del-poker-en-linea\\\/\"]}]},{\"@type\":\"BreadcrumbList\",\"@id\":\"https:\\\/\\\/megamillionsonline.de\\\/es\\\/el-furor-mundial-del-poker-en-linea\\\/#breadcrumb\",\"itemListElement\":[{\"@type\":\"ListItem\",\"position\":1,\"name\":\"Home\",\"item\":\"https:\\\/\\\/megamillionsonline.de\\\/es\\\/\"},{\"@type\":\"ListItem\",\"position\":2,\"name\":\"El furor mundial del p\u00f3ker en l\u00ednea\"}]},{\"@type\":\"WebSite\",\"@id\":\"https:\\\/\\\/megamillionsonline.de\\\/es\\\/#website\",\"url\":\"https:\\\/\\\/megamillionsonline.de\\\/es\\\/\",\"name\":\"\",\"description\":\"\",\"potentialAction\":[{\"@type\":\"SearchAction\",\"target\":{\"@type\":\"EntryPoint\",\"urlTemplate\":\"https:\\\/\\\/megamillionsonline.de\\\/es\\\/?s={search_term_string}\"},\"query-input\":{\"@type\":\"PropertyValueSpecification\",\"valueRequired\":true,\"valueName\":\"search_term_string\"}}],\"inLanguage\":\"es\"}]}<\/script>\n<!-- \/ Yoast SEO plugin. -->","yoast_head_json":{"title":"El furor mundial del p\u00f3ker en l\u00ednea","description":"Ideal para sitios que desean transmitir el esp\u00edritu y la fascinaci\u00f3n del poker en l\u00ednea.","robots":{"index":"index","follow":"follow","max-snippet":"max-snippet:-1","max-image-preview":"max-image-preview:large","max-video-preview":"max-video-preview:-1"},"canonical":"https:\/\/megamillionsonline.de\/es\/el-furor-mundial-del-poker-en-linea\/","og_locale":"es_ES","og_type":"article","og_title":"El furor mundial del p\u00f3ker en l\u00ednea","og_description":"Ideal para sitios que desean transmitir el esp\u00edritu y la fascinaci\u00f3n del poker en l\u00ednea.","og_url":"https:\/\/megamillionsonline.de\/es\/el-furor-mundial-del-poker-en-linea\/","twitter_card":"summary_large_image","twitter_misc":{"Tiempo de lectura":"1 minuto"},"schema":{"@context":"https:\/\/schema.org","@graph":[{"@type":"WebPage","@id":"https:\/\/megamillionsonline.de\/es\/el-furor-mundial-del-poker-en-linea\/","url":"https:\/\/megamillionsonline.de\/es\/el-furor-mundial-del-poker-en-linea\/","name":"El furor mundial del p\u00f3ker en l\u00ednea","isPartOf":{"@id":"https:\/\/megamillionsonline.de\/es\/#website"},"datePublished":"2025-08-02T09:23:59+00:00","description":"Ideal para sitios que desean transmitir el esp\u00edritu y la fascinaci\u00f3n del poker en l\u00ednea.","breadcrumb":{"@id":"https:\/\/megamillionsonline.de\/es\/el-furor-mundial-del-poker-en-linea\/#breadcrumb"},"inLanguage":"es","potentialAction":[{"@type":"ReadAction","target":["https:\/\/megamillionsonline.de\/es\/el-furor-mundial-del-poker-en-linea\/"]}]},{"@type":"BreadcrumbList","@id":"https:\/\/megamillionsonline.de\/es\/el-furor-mundial-del-poker-en-linea\/#breadcrumb","itemListElement":[{"@type":"ListItem","position":1,"name":"Home","item":"https:\/\/megamillionsonline.de\/es\/"},{"@type":"ListItem","position":2,"name":"El furor mundial del p\u00f3ker en l\u00ednea"}]},{"@type":"WebSite","@id":"https:\/\/megamillionsonline.de\/es\/#website","url":"https:\/\/megamillionsonline.de\/es\/","name":"","description":"","potentialAction":[{"@type":"SearchAction","target":{"@type":"EntryPoint","urlTemplate":"https:\/\/megamillionsonline.de\/es\/?s={search_term_string}"},"query-input":{"@type":"PropertyValueSpecification","valueRequired":true,"valueName":"search_term_string"}}],"inLanguage":"es"}]}},"_links":{"self":[{"href":"https:\/\/megamillionsonline.de\/es\/wp-json\/wp\/v2\/pages\/267","targetHints":{"allow":["GET"]}}],"collection":[{"href":"https:\/\/megamillionsonline.de\/es\/wp-json\/wp\/v2\/pages"}],"about":[{"href":"https:\/\/megamillionsonline.de\/es\/wp-json\/wp\/v2\/types\/page"}],"author":[{"embeddable":true,"href":"https:\/\/megamillionsonline.de\/es\/wp-json\/wp\/v2\/users\/1"}],"replies":[{"embeddable":true,"href":"https:\/\/megamillionsonline.de\/es\/wp-json\/wp\/v2\/comments?post=267"}],"version-history":[{"count":0,"href":"https:\/\/megamillionsonline.de\/es\/wp-json\/wp\/v2\/pages\/267\/revisions"}],"wp:attachment":[{"href":"https:\/\/megamillionsonline.de\/es\/wp-json\/wp\/v2\/media?parent=267"}],"curies":[{"name":"wp","href":"https:\/\/api.w.org\/{rel}","templated":true}]}}