{"id":252,"date":"2025-08-02T09:23:59","date_gmt":"2025-08-02T09:23:59","guid":{"rendered":"https:\/\/megamillionsonline.de\/der-globale-online-poker-hype\/"},"modified":"2025-08-02T09:23:59","modified_gmt":"2025-08-02T09:23:59","slug":"der-globale-online-poker-hype","status":"publish","type":"page","link":"https:\/\/megamillionsonline.de\/da\/der-globale-online-poker-hype\/","title":{"rendered":"Der globale Online-Poker-Hype"},"content":{"rendered":"<h2>Den globale online pokerhype<\/h2>\n<p>Da det allerf\u00f8rste pokerspil blev spillet online i 1998, var det sv\u00e6rt at forudsige, at webpokers globale popularitet ville udvikle sig s\u00e5 hurtigt.<\/p>\n<p>Der var selvf\u00f8lgelig op- og nedture og betydelige tilbageslag i denne periode, men eksplosionen forblev enorm uanset m\u00e5lestok. Og i betragtning af de seneste tendenser i USA er det meget muligt, at der snart vil komme en ny stigning.<\/p>\n<p>Det f\u00f8rste webpokerspil med rigtige penge blev spillet p\u00e5 Planet Poker via Internet Relay Chat i slutningen af \u200b\u200b1990&#8217;erne.<\/p>\n<p>Inden for kort tid, takket v\u00e6re banebrydende udviklinger, satte <a href=\"http:\/\/www.poker-bonuscode.de\" target=\"_blank\">online poker<\/a> trends i USA og blev en reel kraft inden for de n\u00e6ste to \u00e5r &#8211; og det var kun begyndelsen.<\/p>\n<p>I disse \u00e5r oplevede online pokerkonceptet en af \u200b\u200bde hurtigste udviklinger i nogen branche, hvor online pokerwebsteders oms\u00e6tning steg fra oprindelige 84 millioner dollars til over 2 milliarder dollars.<\/p>\n<p>Dette var kun delvist takket v\u00e6re den nu legendariske Chris Moneymakers sejr ved World Series of Poker i 2003, efter at have booket sin billet gennem PokerStars, en af \u200b\u200bde f\u00f8rende internetpokerwebsteder p\u00e5 den tid.<br \/>Desv\u00e6rre var 2006 et \u00e5r med store en omv\u00e6ltning for webpokerindustrien, som praktisk talt bragte bullmarkedet til stilstand &#8211; da den amerikanske regering og retsv\u00e6senet bem\u00e6rkede det og erkl\u00e6rede online poker ulovligt. fortolket.<\/p>\n<p>I 2011 blev n\u00f8glepersoner i online pokerscenen i Amerika tiltalt, og til sidst fik amerikanske statsborgere ikke l\u00e6ngere lov til at spille poker online.<\/p>\n<p>Af samme grund er online casinoer ikke l\u00e6ngere tilg\u00e6ngelige for amerikanske statsborgere, mens sportsv\u00e6ddem\u00e5l m\u00e6rkeligt nok stadig kan placeres online i USA.<\/p>\n<p>P\u00e5 den anden side fortsatte internetpoker med at blomstre i flere lande, da flere pokerwebsteder tilpassede deres servere og dom\u00e6nenavne til placeringer i EU eller andre steder.<\/p>\n<p>P\u00e5 den anden side d\u00e6mpede forbuddet mod amerikanske spillere den globale online pokerhype.<br \/>For nylig begyndte forholdene at \u00e6ndre sig igen, da Nevada og Florida, som isolerede amerikanske stater, allerede officielt har vedtaget standarder for et landsd\u00e6kkende, reguleret og lovligt system for online poker.<br \/>Enhver, der troede, at webpokers store fremgang var overst\u00e5et, b\u00f8r \u00e5bne \u00f8jnene i 2013.<\/p>\n<p>Mange amerikanere er tr\u00e6tte af at sidde og se resten af \u200b\u200bverden spille poker, og derfor er det kun et sp\u00f8rgsm\u00e5l om tid, f\u00f8r internetpoker vender tilbage til, hvad det engang var!<\/p>\n","protected":false},"excerpt":{"rendered":"<p>Den globale online pokerhype Da det allerf\u00f8rste pokerspil blev spillet online i 1998, var det sv\u00e6rt at forudsige, at webpokers globale popularitet ville udvikle sig s\u00e5 hurtigt. Der var selvf\u00f8lgelig op- og nedture og betydelige tilbageslag i denne periode, men eksplosionen forblev enorm uanset m\u00e5lestok. Og i betragtning af de seneste tendenser i USA er &hellip; <\/p>\n<p class=\"link-more\"><a href=\"https:\/\/megamillionsonline.de\/da\/der-globale-online-poker-hype\/\" class=\"more-link\">L\u00e6s mere<span class=\"screen-reader-text\"> \u201cDer globale Online-Poker-Hype\u201d<\/span><\/a><\/p>\n","protected":false},"author":1,"featured_media":0,"parent":0,"menu_order":0,"comment_status":"closed","ping_status":"closed","template":"","meta":{"footnotes":""},"class_list":["post-252","page","type-page","status-publish","hentry"],"yoast_head":"<!-- This site is optimized with the Yoast SEO plugin v27.3 - https:\/\/yoast.com\/product\/yoast-seo-wordpress\/ -->\n<title>Der globale Online-Poker-Hype<\/title>\n<meta name=\"description\" content=\"Ideelt til sider, der \u00f8nsker at formidle \u00e5nden og fascinationen ved online poker.\" \/>\n<meta name=\"robots\" content=\"index, follow, max-snippet:-1, max-image-preview:large, max-video-preview:-1\" \/>\n<link rel=\"canonical\" href=\"https:\/\/megamillionsonline.de\/da\/der-globale-online-poker-hype\/\" \/>\n<meta property=\"og:locale\" content=\"da_DK\" \/>\n<meta property=\"og:type\" content=\"article\" \/>\n<meta property=\"og:title\" content=\"Der globale Online-Poker-Hype\" \/>\n<meta property=\"og:description\" content=\"Ideelt til sider, der \u00f8nsker at formidle \u00e5nden og fascinationen ved online poker.\" \/>\n<meta property=\"og:url\" content=\"https:\/\/megamillionsonline.de\/da\/der-globale-online-poker-hype\/\" \/>\n<meta name=\"twitter:card\" content=\"summary_large_image\" \/>\n<meta name=\"twitter:label1\" content=\"Estimeret l\u00e6setid\" \/>\n\t<meta name=\"twitter:data1\" content=\"2 minutter\" \/>\n<script type=\"application\/ld+json\" class=\"yoast-schema-graph\">{\"@context\":\"https:\\\/\\\/schema.org\",\"@graph\":[{\"@type\":\"WebPage\",\"@id\":\"https:\\\/\\\/megamillionsonline.de\\\/da\\\/der-globale-online-poker-hype\\\/\",\"url\":\"https:\\\/\\\/megamillionsonline.de\\\/da\\\/der-globale-online-poker-hype\\\/\",\"name\":\"Der globale Online-Poker-Hype\",\"isPartOf\":{\"@id\":\"https:\\\/\\\/megamillionsonline.de\\\/da\\\/#website\"},\"datePublished\":\"2025-08-02T09:23:59+00:00\",\"description\":\"Ideelt til sider, der \u00f8nsker at formidle \u00e5nden og fascinationen ved online poker.\",\"breadcrumb\":{\"@id\":\"https:\\\/\\\/megamillionsonline.de\\\/da\\\/der-globale-online-poker-hype\\\/#breadcrumb\"},\"inLanguage\":\"da-DK\",\"potentialAction\":[{\"@type\":\"ReadAction\",\"target\":[\"https:\\\/\\\/megamillionsonline.de\\\/da\\\/der-globale-online-poker-hype\\\/\"]}]},{\"@type\":\"BreadcrumbList\",\"@id\":\"https:\\\/\\\/megamillionsonline.de\\\/da\\\/der-globale-online-poker-hype\\\/#breadcrumb\",\"itemListElement\":[{\"@type\":\"ListItem\",\"position\":1,\"name\":\"Home\",\"item\":\"https:\\\/\\\/megamillionsonline.de\\\/da\\\/\"},{\"@type\":\"ListItem\",\"position\":2,\"name\":\"Der globale Online-Poker-Hype\"}]},{\"@type\":\"WebSite\",\"@id\":\"https:\\\/\\\/megamillionsonline.de\\\/da\\\/#website\",\"url\":\"https:\\\/\\\/megamillionsonline.de\\\/da\\\/\",\"name\":\"\",\"description\":\"\",\"potentialAction\":[{\"@type\":\"SearchAction\",\"target\":{\"@type\":\"EntryPoint\",\"urlTemplate\":\"https:\\\/\\\/megamillionsonline.de\\\/da\\\/?s={search_term_string}\"},\"query-input\":{\"@type\":\"PropertyValueSpecification\",\"valueRequired\":true,\"valueName\":\"search_term_string\"}}],\"inLanguage\":\"da-DK\"}]}<\/script>\n<!-- \/ Yoast SEO plugin. -->","yoast_head_json":{"title":"Der globale Online-Poker-Hype","description":"Ideelt til sider, der \u00f8nsker at formidle \u00e5nden og fascinationen ved online poker.","robots":{"index":"index","follow":"follow","max-snippet":"max-snippet:-1","max-image-preview":"max-image-preview:large","max-video-preview":"max-video-preview:-1"},"canonical":"https:\/\/megamillionsonline.de\/da\/der-globale-online-poker-hype\/","og_locale":"da_DK","og_type":"article","og_title":"Der globale Online-Poker-Hype","og_description":"Ideelt til sider, der \u00f8nsker at formidle \u00e5nden og fascinationen ved online poker.","og_url":"https:\/\/megamillionsonline.de\/da\/der-globale-online-poker-hype\/","twitter_card":"summary_large_image","twitter_misc":{"Estimeret l\u00e6setid":"2 minutter"},"schema":{"@context":"https:\/\/schema.org","@graph":[{"@type":"WebPage","@id":"https:\/\/megamillionsonline.de\/da\/der-globale-online-poker-hype\/","url":"https:\/\/megamillionsonline.de\/da\/der-globale-online-poker-hype\/","name":"Der globale Online-Poker-Hype","isPartOf":{"@id":"https:\/\/megamillionsonline.de\/da\/#website"},"datePublished":"2025-08-02T09:23:59+00:00","description":"Ideelt til sider, der \u00f8nsker at formidle \u00e5nden og fascinationen ved online poker.","breadcrumb":{"@id":"https:\/\/megamillionsonline.de\/da\/der-globale-online-poker-hype\/#breadcrumb"},"inLanguage":"da-DK","potentialAction":[{"@type":"ReadAction","target":["https:\/\/megamillionsonline.de\/da\/der-globale-online-poker-hype\/"]}]},{"@type":"BreadcrumbList","@id":"https:\/\/megamillionsonline.de\/da\/der-globale-online-poker-hype\/#breadcrumb","itemListElement":[{"@type":"ListItem","position":1,"name":"Home","item":"https:\/\/megamillionsonline.de\/da\/"},{"@type":"ListItem","position":2,"name":"Der globale Online-Poker-Hype"}]},{"@type":"WebSite","@id":"https:\/\/megamillionsonline.de\/da\/#website","url":"https:\/\/megamillionsonline.de\/da\/","name":"","description":"","potentialAction":[{"@type":"SearchAction","target":{"@type":"EntryPoint","urlTemplate":"https:\/\/megamillionsonline.de\/da\/?s={search_term_string}"},"query-input":{"@type":"PropertyValueSpecification","valueRequired":true,"valueName":"search_term_string"}}],"inLanguage":"da-DK"}]}},"_links":{"self":[{"href":"https:\/\/megamillionsonline.de\/da\/wp-json\/wp\/v2\/pages\/252","targetHints":{"allow":["GET"]}}],"collection":[{"href":"https:\/\/megamillionsonline.de\/da\/wp-json\/wp\/v2\/pages"}],"about":[{"href":"https:\/\/megamillionsonline.de\/da\/wp-json\/wp\/v2\/types\/page"}],"author":[{"embeddable":true,"href":"https:\/\/megamillionsonline.de\/da\/wp-json\/wp\/v2\/users\/1"}],"replies":[{"embeddable":true,"href":"https:\/\/megamillionsonline.de\/da\/wp-json\/wp\/v2\/comments?post=252"}],"version-history":[{"count":0,"href":"https:\/\/megamillionsonline.de\/da\/wp-json\/wp\/v2\/pages\/252\/revisions"}],"wp:attachment":[{"href":"https:\/\/megamillionsonline.de\/da\/wp-json\/wp\/v2\/media?parent=252"}],"curies":[{"name":"wp","href":"https:\/\/api.w.org\/{rel}","templated":true}]}}