{"id":251,"date":"2025-08-02T09:23:59","date_gmt":"2025-08-02T09:23:59","guid":{"rendered":"https:\/\/megamillionsonline.de\/globalni-humbuk-kolem-online-pokeru\/"},"modified":"2025-08-02T09:23:59","modified_gmt":"2025-08-02T09:23:59","slug":"globalni-humbuk-kolem-online-pokeru","status":"publish","type":"page","link":"https:\/\/megamillionsonline.de\/cs\/globalni-humbuk-kolem-online-pokeru\/","title":{"rendered":"Glob\u00e1ln\u00ed humbuk kolem online pokeru"},"content":{"rendered":"<h2>Glob\u00e1ln\u00ed humbuk kolem online pokeru<\/h2>\n<p>Kdy\u017e se v roce 1998 hr\u00e1la \u00fapln\u011b prvn\u00ed pokerov\u00e1 hra online, bylo t\u011b\u017ek\u00e9 p\u0159edv\u00eddat, jak rychle se bude celosv\u011btov\u00e1 popularita webov\u00e9ho pokeru rozv\u00edjet.<\/p>\n<p>B\u011bhem t\u00e9to doby samoz\u0159ejm\u011b do\u0161lo k vzestup\u016fm i p\u00e1d\u016fm a v\u00fdznamn\u00fdm ne\u00fasp\u011bch\u016fm, ale exploze z\u016fstala v ka\u017ed\u00e9m ohledu enormn\u00ed. A vzhledem k ned\u00e1vn\u00fdm trend\u016fm v USA je docela mo\u017en\u00e9, \u017ee brzy dojde k dal\u0161\u00edmu n\u00e1r\u016fstu.<\/p>\n<p>Prvn\u00ed webov\u00fd poker o skute\u010dn\u00e9 pen\u00edze se hr\u00e1l v Planet Pokeru prost\u0159ednictv\u00edm Internet Relay Chatu koncem 90. let.<\/p>\n<p>B\u011bhem kr\u00e1tk\u00e9 doby, d\u00edky pr\u016flomov\u00e9mu v\u00fdvoji, <a href=\"http:\/\/www.poker-bonuscode.de\" target=\"_blank\">online poker<\/a> nastavil trendy v USA a b\u011bhem n\u00e1sleduj\u00edc\u00edch dvou let se stal skute\u010dnou silou \u2013 a to byl jen za\u010d\u00e1tek.<\/p>\n<p>B\u011bhem t\u011bchto let za\u017eil koncept online pokeru jeden z nejrychlej\u0161\u00edch rozvoj\u016f v jak\u00e9mkoli odv\u011btv\u00ed, p\u0159i\u010dem\u017e tr\u017eby z online pokerov\u00fdch web\u016f vzrostly z p\u016fvodn\u00edch 84 milion\u016f dolar\u016f na v\u00edce ne\u017e 2 miliardy dolar\u016f.<\/p>\n<p>To bylo jen \u010d\u00e1ste\u010dn\u011b d\u00edky v\u00edt\u011bzstv\u00ed dnes u\u017e legend\u00e1rn\u00edho Chrise Moneymakera na World Series of Poker v roce 2003, kdy\u017e si tiket zarezervoval p\u0159es PokerStars, jeden z p\u0159edn\u00edch internetov\u00fdch pokerov\u00fdch web\u016f t\u00e9 doby.<br \/>Rok 2006 byl bohu\u017eel rokem skv\u011bl\u00fdch ot\u0159es pro odv\u011btv\u00ed webov\u00e9ho pokeru, kter\u00fd prakticky zastavil b\u00fd\u010d\u00ed trh \u2013 kdy\u017e si toho americk\u00e1 vl\u00e1da a soudnictv\u00ed v\u0161imly a prohl\u00e1sily online poker za neleg\u00e1ln\u00ed. interpretov\u00e1no.<\/p>\n<p>Do roku 2011 byly kl\u00ed\u010dov\u00e9 postavy online pokerov\u00e9 sc\u00e9ny v Americe ob\u017ealov\u00e1ny a nakonec ameri\u010dt\u00ed ob\u010dan\u00e9 ji\u017e nesm\u011bli hr\u00e1t poker online.<\/p>\n<p>Ze stejn\u00e9ho d\u016fvodu ji\u017e nejsou online kasina p\u0159\u00edstupn\u00e1 americk\u00fdm ob\u010dan\u016fm, zat\u00edmco, kupodivu, sportovn\u00ed s\u00e1zky lze v USA st\u00e1le uzav\u00edrat online.<\/p>\n<p>Na druhou stranu internetov\u00fd poker v n\u011bkolika zem\u00edch nad\u00e1le vzkv\u00e9tal, proto\u017ee n\u011bkolik pokerov\u00fdch web\u016f p\u0159izp\u016fsobilo sv\u00e9 servery a dom\u00e9nov\u00e1 jm\u00e9na lokalit\u00e1m v EU nebo jinde.<\/p>\n<p>Na druhou stranu z\u00e1kaz pro americk\u00e9 hr\u00e1\u010de omezil glob\u00e1ln\u00ed humbuk kolem online pokeru.<br \/>V posledn\u00ed dob\u011b se podm\u00ednky za\u010daly op\u011bt m\u011bnit, proto\u017ee Nevada a Florida, jako izolovan\u00e9 st\u00e1ty USA, ji\u017e ofici\u00e1ln\u011b p\u0159ijaly standardy pro celost\u00e1tn\u00ed, regulovan\u00fd a pr\u00e1vn\u00ed syst\u00e9m online pokeru.<br \/>Ka\u017ed\u00fd, kdo si myslel, \u017ee velk\u00fd vzestup webov\u00e9ho pokeru skon\u010dil, by m\u011bl v roce 2013 otev\u0159\u00edt o\u010di.<\/p>\n<p>Mnoho Ameri\u010dan\u016f je unaven\u00fdch z toho, \u017ee sed\u00ed a d\u00edvaj\u00ed se, jak zbytek sv\u011bta hraje poker, a proto Je jen ot\u00e1zkou \u010dasu, ne\u017e se internetov\u00fd poker vr\u00e1t\u00ed do p\u016fvodn\u00edho stavu!<\/p>\n","protected":false},"excerpt":{"rendered":"<p>Glob\u00e1ln\u00ed humbuk kolem online pokeru Kdy\u017e se v roce 1998 hr\u00e1la \u00fapln\u011b prvn\u00ed pokerov\u00e1 hra online, bylo t\u011b\u017ek\u00e9 p\u0159edv\u00eddat, jak rychle se bude celosv\u011btov\u00e1 popularita webov\u00e9ho pokeru rozv\u00edjet. B\u011bhem t\u00e9to doby samoz\u0159ejm\u011b do\u0161lo k vzestup\u016fm i p\u00e1d\u016fm a v\u00fdznamn\u00fdm ne\u00fasp\u011bch\u016fm, ale exploze z\u016fstala v ka\u017ed\u00e9m ohledu enormn\u00ed. A vzhledem k ned\u00e1vn\u00fdm trend\u016fm v USA je &hellip; <\/p>\n<p class=\"link-more\"><a href=\"https:\/\/megamillionsonline.de\/cs\/globalni-humbuk-kolem-online-pokeru\/\" class=\"more-link\">Read more<span class=\"screen-reader-text\"> &#8222;Glob\u00e1ln\u00ed humbuk kolem online pokeru&#8220;<\/span><\/a><\/p>\n","protected":false},"author":1,"featured_media":0,"parent":0,"menu_order":0,"comment_status":"closed","ping_status":"closed","template":"","meta":{"footnotes":""},"class_list":["post-251","page","type-page","status-publish","hentry"],"yoast_head":"<!-- This site is optimized with the Yoast SEO plugin v27.3 - https:\/\/yoast.com\/product\/yoast-seo-wordpress\/ -->\n<title>Glob\u00e1ln\u00ed humbuk kolem online pokeru<\/title>\n<meta name=\"description\" content=\"Ide\u00e1ln\u00ed pro str\u00e1nky, kter\u00e9 cht\u011bj\u00ed zprost\u0159edkovat ducha a fascinaci online pokeru.\" \/>\n<meta name=\"robots\" content=\"index, follow, max-snippet:-1, max-image-preview:large, max-video-preview:-1\" \/>\n<link rel=\"canonical\" href=\"https:\/\/megamillionsonline.de\/cs\/globalni-humbuk-kolem-online-pokeru\/\" \/>\n<meta property=\"og:locale\" content=\"cs_CZ\" \/>\n<meta property=\"og:type\" content=\"article\" \/>\n<meta property=\"og:title\" content=\"Glob\u00e1ln\u00ed humbuk kolem online pokeru\" \/>\n<meta property=\"og:description\" content=\"Ide\u00e1ln\u00ed pro str\u00e1nky, kter\u00e9 cht\u011bj\u00ed zprost\u0159edkovat ducha a fascinaci online pokeru.\" \/>\n<meta property=\"og:url\" content=\"https:\/\/megamillionsonline.de\/cs\/globalni-humbuk-kolem-online-pokeru\/\" \/>\n<meta name=\"twitter:card\" content=\"summary_large_image\" \/>\n<meta name=\"twitter:label1\" content=\"Odhadovan\u00e1 doba \u010dten\u00ed\" \/>\n\t<meta name=\"twitter:data1\" content=\"2 minuty\" \/>\n<script type=\"application\/ld+json\" class=\"yoast-schema-graph\">{\"@context\":\"https:\\\/\\\/schema.org\",\"@graph\":[{\"@type\":\"WebPage\",\"@id\":\"https:\\\/\\\/megamillionsonline.de\\\/cs\\\/globalni-humbuk-kolem-online-pokeru\\\/\",\"url\":\"https:\\\/\\\/megamillionsonline.de\\\/cs\\\/globalni-humbuk-kolem-online-pokeru\\\/\",\"name\":\"Glob\u00e1ln\u00ed humbuk kolem online pokeru\",\"isPartOf\":{\"@id\":\"https:\\\/\\\/megamillionsonline.de\\\/cs\\\/#website\"},\"datePublished\":\"2025-08-02T09:23:59+00:00\",\"description\":\"Ide\u00e1ln\u00ed pro str\u00e1nky, kter\u00e9 cht\u011bj\u00ed zprost\u0159edkovat ducha a fascinaci online pokeru.\",\"breadcrumb\":{\"@id\":\"https:\\\/\\\/megamillionsonline.de\\\/cs\\\/globalni-humbuk-kolem-online-pokeru\\\/#breadcrumb\"},\"inLanguage\":\"cs\",\"potentialAction\":[{\"@type\":\"ReadAction\",\"target\":[\"https:\\\/\\\/megamillionsonline.de\\\/cs\\\/globalni-humbuk-kolem-online-pokeru\\\/\"]}]},{\"@type\":\"BreadcrumbList\",\"@id\":\"https:\\\/\\\/megamillionsonline.de\\\/cs\\\/globalni-humbuk-kolem-online-pokeru\\\/#breadcrumb\",\"itemListElement\":[{\"@type\":\"ListItem\",\"position\":1,\"name\":\"Home\",\"item\":\"https:\\\/\\\/megamillionsonline.de\\\/cs\\\/\"},{\"@type\":\"ListItem\",\"position\":2,\"name\":\"Glob\u00e1ln\u00ed humbuk kolem online pokeru\"}]},{\"@type\":\"WebSite\",\"@id\":\"https:\\\/\\\/megamillionsonline.de\\\/cs\\\/#website\",\"url\":\"https:\\\/\\\/megamillionsonline.de\\\/cs\\\/\",\"name\":\"\",\"description\":\"\",\"potentialAction\":[{\"@type\":\"SearchAction\",\"target\":{\"@type\":\"EntryPoint\",\"urlTemplate\":\"https:\\\/\\\/megamillionsonline.de\\\/cs\\\/?s={search_term_string}\"},\"query-input\":{\"@type\":\"PropertyValueSpecification\",\"valueRequired\":true,\"valueName\":\"search_term_string\"}}],\"inLanguage\":\"cs\"}]}<\/script>\n<!-- \/ Yoast SEO plugin. -->","yoast_head_json":{"title":"Glob\u00e1ln\u00ed humbuk kolem online pokeru","description":"Ide\u00e1ln\u00ed pro str\u00e1nky, kter\u00e9 cht\u011bj\u00ed zprost\u0159edkovat ducha a fascinaci online pokeru.","robots":{"index":"index","follow":"follow","max-snippet":"max-snippet:-1","max-image-preview":"max-image-preview:large","max-video-preview":"max-video-preview:-1"},"canonical":"https:\/\/megamillionsonline.de\/cs\/globalni-humbuk-kolem-online-pokeru\/","og_locale":"cs_CZ","og_type":"article","og_title":"Glob\u00e1ln\u00ed humbuk kolem online pokeru","og_description":"Ide\u00e1ln\u00ed pro str\u00e1nky, kter\u00e9 cht\u011bj\u00ed zprost\u0159edkovat ducha a fascinaci online pokeru.","og_url":"https:\/\/megamillionsonline.de\/cs\/globalni-humbuk-kolem-online-pokeru\/","twitter_card":"summary_large_image","twitter_misc":{"Odhadovan\u00e1 doba \u010dten\u00ed":"2 minuty"},"schema":{"@context":"https:\/\/schema.org","@graph":[{"@type":"WebPage","@id":"https:\/\/megamillionsonline.de\/cs\/globalni-humbuk-kolem-online-pokeru\/","url":"https:\/\/megamillionsonline.de\/cs\/globalni-humbuk-kolem-online-pokeru\/","name":"Glob\u00e1ln\u00ed humbuk kolem online pokeru","isPartOf":{"@id":"https:\/\/megamillionsonline.de\/cs\/#website"},"datePublished":"2025-08-02T09:23:59+00:00","description":"Ide\u00e1ln\u00ed pro str\u00e1nky, kter\u00e9 cht\u011bj\u00ed zprost\u0159edkovat ducha a fascinaci online pokeru.","breadcrumb":{"@id":"https:\/\/megamillionsonline.de\/cs\/globalni-humbuk-kolem-online-pokeru\/#breadcrumb"},"inLanguage":"cs","potentialAction":[{"@type":"ReadAction","target":["https:\/\/megamillionsonline.de\/cs\/globalni-humbuk-kolem-online-pokeru\/"]}]},{"@type":"BreadcrumbList","@id":"https:\/\/megamillionsonline.de\/cs\/globalni-humbuk-kolem-online-pokeru\/#breadcrumb","itemListElement":[{"@type":"ListItem","position":1,"name":"Home","item":"https:\/\/megamillionsonline.de\/cs\/"},{"@type":"ListItem","position":2,"name":"Glob\u00e1ln\u00ed humbuk kolem online pokeru"}]},{"@type":"WebSite","@id":"https:\/\/megamillionsonline.de\/cs\/#website","url":"https:\/\/megamillionsonline.de\/cs\/","name":"","description":"","potentialAction":[{"@type":"SearchAction","target":{"@type":"EntryPoint","urlTemplate":"https:\/\/megamillionsonline.de\/cs\/?s={search_term_string}"},"query-input":{"@type":"PropertyValueSpecification","valueRequired":true,"valueName":"search_term_string"}}],"inLanguage":"cs"}]}},"_links":{"self":[{"href":"https:\/\/megamillionsonline.de\/cs\/wp-json\/wp\/v2\/pages\/251","targetHints":{"allow":["GET"]}}],"collection":[{"href":"https:\/\/megamillionsonline.de\/cs\/wp-json\/wp\/v2\/pages"}],"about":[{"href":"https:\/\/megamillionsonline.de\/cs\/wp-json\/wp\/v2\/types\/page"}],"author":[{"embeddable":true,"href":"https:\/\/megamillionsonline.de\/cs\/wp-json\/wp\/v2\/users\/1"}],"replies":[{"embeddable":true,"href":"https:\/\/megamillionsonline.de\/cs\/wp-json\/wp\/v2\/comments?post=251"}],"version-history":[{"count":0,"href":"https:\/\/megamillionsonline.de\/cs\/wp-json\/wp\/v2\/pages\/251\/revisions"}],"wp:attachment":[{"href":"https:\/\/megamillionsonline.de\/cs\/wp-json\/wp\/v2\/media?parent=251"}],"curies":[{"name":"wp","href":"https:\/\/api.w.org\/{rel}","templated":true}]}}